{"id":5660,"date":"2022-01-14T09:16:16","date_gmt":"2022-01-14T08:16:16","guid":{"rendered":"https:\/\/lippmoeshof.it\/condizioni-cancellazione\/"},"modified":"2024-11-08T09:31:26","modified_gmt":"2024-11-08T08:31:26","slug":"condizioni-cancellazione","status":"publish","type":"page","link":"https:\/\/lippmoeshof.it\/it\/condizioni-cancellazione\/","title":{"rendered":"Condizioni cancellazione"},"content":{"rendered":"\t\t<div data-elementor-type=\"wp-page\" data-elementor-id=\"5660\" class=\"elementor elementor-5660 elementor-4773\" data-elementor-post-type=\"page\">\n\t\t\t\t\t\t<section data-dce-background-image-url=\"https:\/\/lippmoeshof.it\/wp-content\/uploads\/2022\/09\/reception-lippmoes-funes.jpg\" class=\"elementor-section elementor-top-section elementor-element elementor-element-6e591d3f elementor-section-full_width elementor-section-height-min-height elementor-section-height-default elementor-section-items-middle\" data-id=\"6e591d3f\" data-element_type=\"section\" data-e-type=\"section\" data-settings=\"{&quot;background_background&quot;:&quot;classic&quot;,&quot;background_motion_fx_motion_fx_scrolling&quot;:&quot;yes&quot;,&quot;background_motion_fx_translateY_effect&quot;:&quot;yes&quot;,&quot;background_motion_fx_translateY_speed&quot;:{&quot;unit&quot;:&quot;px&quot;,&quot;size&quot;:2.5,&quot;sizes&quot;:[]},&quot;background_motion_fx_translateY_affectedRange&quot;:{&quot;unit&quot;:&quot;%&quot;,&quot;size&quot;:&quot;&quot;,&quot;sizes&quot;:{&quot;start&quot;:5,&quot;end&quot;:95}},&quot;shape_divider_bottom&quot;:&quot;opacity-tilt&quot;,&quot;background_motion_fx_devices&quot;:[&quot;desktop&quot;,&quot;tablet&quot;,&quot;mobile&quot;]}\">\n\t\t\t\t\t<div class=\"elementor-shape elementor-shape-bottom\" aria-hidden=\"true\" data-negative=\"false\">\n\t\t\t<svg xmlns=\"http:\/\/www.w3.org\/2000\/svg\" viewBox=\"0 0 2600 131.1\" preserveAspectRatio=\"none\">\n\t<path class=\"elementor-shape-fill\" d=\"M0 0L2600 0 2600 69.1 0 0z\"\/>\n\t<path class=\"elementor-shape-fill\" style=\"opacity:0.5\" d=\"M0 0L2600 0 2600 69.1 0 69.1z\"\/>\n\t<path class=\"elementor-shape-fill\" style=\"opacity:0.25\" d=\"M2600 0L0 0 0 130.1 2600 69.1z\"\/>\n<\/svg>\t\t<\/div>\n\t\t\t\t\t<div class=\"elementor-container elementor-column-gap-default\">\n\t\t\t\t\t<div class=\"elementor-column elementor-col-100 elementor-top-column elementor-element elementor-element-3f3d7c02\" data-id=\"3f3d7c02\" data-element_type=\"column\" data-e-type=\"column\">\n\t\t\t<div class=\"elementor-widget-wrap\">\n\t\t\t\t\t\t\t<\/div>\n\t\t<\/div>\n\t\t\t\t\t<\/div>\n\t\t<\/section>\n\t\t\t\t<section class=\"elementor-section elementor-top-section elementor-element elementor-element-4fb9ee7f elementor-section-boxed elementor-section-height-default elementor-section-height-default\" data-id=\"4fb9ee7f\" data-element_type=\"section\" data-e-type=\"section\">\n\t\t\t\t\t\t<div class=\"elementor-container elementor-column-gap-default\">\n\t\t\t\t\t<div class=\"elementor-column elementor-col-100 elementor-top-column elementor-element elementor-element-7a3b98be\" data-id=\"7a3b98be\" data-element_type=\"column\" data-e-type=\"column\">\n\t\t\t<div class=\"elementor-widget-wrap elementor-element-populated\">\n\t\t\t\t\t\t<div class=\"elementor-element elementor-element-6d43d563 elementor-widget elementor-widget-heading\" data-id=\"6d43d563\" data-element_type=\"widget\" data-e-type=\"widget\" data-widget_type=\"heading.default\">\n\t\t\t\t<div class=\"elementor-widget-container\">\n\t\t\t\t\t<h2 class=\"elementor-heading-title elementor-size-default\">Condizioni cancellazione<\/h2>\t\t\t\t<\/div>\n\t\t\t\t<\/div>\n\t\t\t\t<div class=\"elementor-element elementor-element-1e4ae2c7 elementor-widget elementor-widget-heading\" data-id=\"1e4ae2c7\" data-element_type=\"widget\" data-e-type=\"widget\" data-widget_type=\"heading.default\">\n\t\t\t\t<div class=\"elementor-widget-container\">\n\t\t\t\t\t<h6 class=\"elementor-heading-title elementor-size-default\">Le nostre condizioni di cancellazione<\/h6>\t\t\t\t<\/div>\n\t\t\t\t<\/div>\n\t\t\t\t\t<\/div>\n\t\t<\/div>\n\t\t\t\t\t<\/div>\n\t\t<\/section>\n\t\t\t\t<section class=\"elementor-section elementor-top-section elementor-element elementor-element-ab6951f elementor-section-boxed elementor-section-height-default elementor-section-height-default\" data-id=\"ab6951f\" data-element_type=\"section\" data-e-type=\"section\">\n\t\t\t\t\t\t<div class=\"elementor-container elementor-column-gap-default\">\n\t\t\t\t\t<div class=\"elementor-column elementor-col-100 elementor-top-column elementor-element elementor-element-6b5b5d9\" data-id=\"6b5b5d9\" data-element_type=\"column\" data-e-type=\"column\">\n\t\t\t<div class=\"elementor-widget-wrap elementor-element-populated\">\n\t\t\t\t\t\t<div class=\"elementor-element elementor-element-d7f81a2 elementor-widget elementor-widget-text-editor\" data-id=\"d7f81a2\" data-element_type=\"widget\" data-e-type=\"widget\" data-widget_type=\"text-editor.default\">\n\t\t\t\t<div class=\"elementor-widget-container\">\n\t\t\t\t\t\t\t\t\t<p style=\"text-align: center;\"><b>Conferma della prenotazione:<br><\/b>Dopo aver ricevuto la vostra prenotazione per iscritto ed un acconto di 30% la vostra prenotazione \u00e8 definitiva.<br>Il deposito pu\u00f2 essere pagato esclusivamente tramite bonifico bancario.<br><\/p>\n<p style=\"text-align: center;\">Le raccomandiamo di assicurarsi per l&#8217;annullamento del viaggio.<br><br><\/p>\n<p style=\"text-align: center;\"><a href=\"https:\/\/partner.europaeische.at\/roter-hahn-it?AGN2=142339930\" target=\"_blank\" rel=\"noopener\"><b>https:\/\/partner.europaeische.at\/roter-hahn-it?AGN2=142339930<\/b><\/a><\/p>\n<p style=\"text-align: center;\"><br>Non esiste un diritto di cancellazione nel senso del codice di protezione dei consumatori &#8211; tuttavia vi concediamo le seguenti condizioni di cancellazione:<\/p>\n<p style=\"text-align: center;\"><br>Cancellazione fino a 1 mese prima dell&#8217;arrivo = gratis<br>30 giorni &#8211; 8 giorni prima dell&#8217;arrivo = addebito di 70% del prezzo del viaggio prenotato<\/p>\n<p style=\"text-align: center;\">7 giorni &#8211; 0 giorni prima dell&#8217;arrivo = addebito di 90% del prezzo della vacanza.<br><\/p>\n<p style=\"text-align: center;\">In caso di una&nbsp; partenza in anticipo, addebiteremo l&#8217;intero prezzo del viaggio<\/p>\n<p style=\"text-align: center;\">Il deposito pagato non sar\u00e0 rimborsato. Saremo lieti di emettere un voucher per il deposito pagato. (valido per 2 anni)<\/p>\t\t\t\t\t\t\t\t<\/div>\n\t\t\t\t<\/div>\n\t\t\t\t\t<\/div>\n\t\t<\/div>\n\t\t\t\t\t<\/div>\n\t\t<\/section>\n\t\t\t\t<\/div>\n\t\t","protected":false},"excerpt":{"rendered":"<p>Condizioni cancellazione Le nostre condizioni di cancellazione Conferma della prenotazione:Dopo aver ricevuto la vostra prenotazione per iscritto ed un acconto di 30% la vostra prenotazione \u00e8 definitiva.Il deposito pu\u00f2 essere pagato esclusivamente tramite bonifico bancario. Le raccomandiamo di assicurarsi per l&#8217;annullamento del viaggio. https:\/\/partner.europaeische.at\/roter-hahn-it?AGN2=142339930 Non esiste un diritto di cancellazione nel senso del codice di [&hellip;]<\/p>\n","protected":false},"author":1,"featured_media":0,"parent":0,"menu_order":0,"comment_status":"closed","ping_status":"closed","template":"","meta":{"footnotes":""},"class_list":["post-5660","page","type-page","status-publish","hentry"],"yoast_head":"<!-- This site is optimized with the Yoast SEO plugin v27.3 - https:\/\/yoast.com\/product\/yoast-seo-wordpress\/ -->\n<title>Condizioni cancellazione | Lippm\u00f6shof Apartments S\u00fcdtirol<\/title>\n<meta name=\"description\" content=\"Genie\u00dfen Sie einen traumhaften Urlaub in einer Ferienwohnung in Villn\u00f6ss S\u00fcdtirol. Jetzt informieren und kontaktieren! IT\" \/>\n<meta name=\"robots\" content=\"noindex, nofollow\" \/>\n<meta property=\"og:locale\" content=\"it_IT\" \/>\n<meta property=\"og:type\" content=\"article\" \/>\n<meta property=\"og:title\" content=\"Condizioni cancellazione | Lippm\u00f6shof Apartments S\u00fcdtirol\" \/>\n<meta property=\"og:description\" content=\"Genie\u00dfen Sie einen traumhaften Urlaub in einer Ferienwohnung in Villn\u00f6ss S\u00fcdtirol. Jetzt informieren und kontaktieren! IT\" \/>\n<meta property=\"og:url\" content=\"https:\/\/lippmoeshof.it\/it\/condizioni-cancellazione\/\" \/>\n<meta property=\"og:site_name\" content=\"Lippm\u00f6shof Apartments S\u00fcdtirol\" \/>\n<meta property=\"article:modified_time\" content=\"2024-11-08T08:31:26+00:00\" \/>\n<meta name=\"twitter:card\" content=\"summary_large_image\" \/>\n<meta name=\"twitter:label1\" content=\"Tempo di lettura stimato\" \/>\n\t<meta name=\"twitter:data1\" content=\"1 minuto\" \/>\n<script type=\"application\/ld+json\" class=\"yoast-schema-graph\">{\"@context\":\"https:\\\/\\\/schema.org\",\"@graph\":[{\"@type\":\"WebPage\",\"@id\":\"https:\\\/\\\/lippmoeshof.it\\\/it\\\/condizioni-cancellazione\\\/\",\"url\":\"https:\\\/\\\/lippmoeshof.it\\\/it\\\/condizioni-cancellazione\\\/\",\"name\":\"Condizioni cancellazione | Lippm\u00f6shof Apartments S\u00fcdtirol\",\"isPartOf\":{\"@id\":\"https:\\\/\\\/lippmoeshof.it\\\/it\\\/#website\"},\"datePublished\":\"2022-01-14T08:16:16+00:00\",\"dateModified\":\"2024-11-08T08:31:26+00:00\",\"description\":\"Genie\u00dfen Sie einen traumhaften Urlaub in einer Ferienwohnung in Villn\u00f6ss S\u00fcdtirol. Jetzt informieren und kontaktieren! IT\",\"breadcrumb\":{\"@id\":\"https:\\\/\\\/lippmoeshof.it\\\/it\\\/condizioni-cancellazione\\\/#breadcrumb\"},\"inLanguage\":\"it-IT\",\"potentialAction\":[{\"@type\":\"ReadAction\",\"target\":[\"https:\\\/\\\/lippmoeshof.it\\\/it\\\/condizioni-cancellazione\\\/\"]}]},{\"@type\":\"BreadcrumbList\",\"@id\":\"https:\\\/\\\/lippmoeshof.it\\\/it\\\/condizioni-cancellazione\\\/#breadcrumb\",\"itemListElement\":[{\"@type\":\"ListItem\",\"position\":1,\"name\":\"Startseite\",\"item\":\"https:\\\/\\\/lippmoeshof.it\\\/it\\\/\"},{\"@type\":\"ListItem\",\"position\":2,\"name\":\"Condizioni cancellazione\"}]},{\"@type\":\"WebSite\",\"@id\":\"https:\\\/\\\/lippmoeshof.it\\\/it\\\/#website\",\"url\":\"https:\\\/\\\/lippmoeshof.it\\\/it\\\/\",\"name\":\"Lippm\u00f6shof Apartments S\u00fcdtirol\",\"description\":\"Apartments in Villn\u00f6ss Dolomiten\",\"publisher\":{\"@id\":\"https:\\\/\\\/lippmoeshof.it\\\/it\\\/#organization\"},\"potentialAction\":[{\"@type\":\"SearchAction\",\"target\":{\"@type\":\"EntryPoint\",\"urlTemplate\":\"https:\\\/\\\/lippmoeshof.it\\\/it\\\/?s={search_term_string}\"},\"query-input\":{\"@type\":\"PropertyValueSpecification\",\"valueRequired\":true,\"valueName\":\"search_term_string\"}}],\"inLanguage\":\"it-IT\"},{\"@type\":\"Organization\",\"@id\":\"https:\\\/\\\/lippmoeshof.it\\\/it\\\/#organization\",\"name\":\"Lippmoeshof\",\"url\":\"https:\\\/\\\/lippmoeshof.it\\\/it\\\/\",\"logo\":{\"@type\":\"ImageObject\",\"inLanguage\":\"it-IT\",\"@id\":\"https:\\\/\\\/lippmoeshof.it\\\/it\\\/#\\\/schema\\\/logo\\\/image\\\/\",\"url\":\"https:\\\/\\\/lippmoeshof.it\\\/wp-content\\\/uploads\\\/2021\\\/09\\\/lippmoeshof-logo-original-1.svg\",\"contentUrl\":\"https:\\\/\\\/lippmoeshof.it\\\/wp-content\\\/uploads\\\/2021\\\/09\\\/lippmoeshof-logo-original-1.svg\",\"width\":283,\"height\":133,\"caption\":\"Lippmoeshof\"},\"image\":{\"@id\":\"https:\\\/\\\/lippmoeshof.it\\\/it\\\/#\\\/schema\\\/logo\\\/image\\\/\"}}]}<\/script>\n<!-- \/ Yoast SEO plugin. -->","yoast_head_json":{"title":"Condizioni cancellazione | Lippm\u00f6shof Apartments S\u00fcdtirol","description":"Genie\u00dfen Sie einen traumhaften Urlaub in einer Ferienwohnung in Villn\u00f6ss S\u00fcdtirol. Jetzt informieren und kontaktieren! IT","robots":{"index":"noindex","follow":"nofollow"},"og_locale":"it_IT","og_type":"article","og_title":"Condizioni cancellazione | Lippm\u00f6shof Apartments S\u00fcdtirol","og_description":"Genie\u00dfen Sie einen traumhaften Urlaub in einer Ferienwohnung in Villn\u00f6ss S\u00fcdtirol. Jetzt informieren und kontaktieren! IT","og_url":"https:\/\/lippmoeshof.it\/it\/condizioni-cancellazione\/","og_site_name":"Lippm\u00f6shof Apartments S\u00fcdtirol","article_modified_time":"2024-11-08T08:31:26+00:00","twitter_card":"summary_large_image","twitter_misc":{"Tempo di lettura stimato":"1 minuto"},"schema":{"@context":"https:\/\/schema.org","@graph":[{"@type":"WebPage","@id":"https:\/\/lippmoeshof.it\/it\/condizioni-cancellazione\/","url":"https:\/\/lippmoeshof.it\/it\/condizioni-cancellazione\/","name":"Condizioni cancellazione | Lippm\u00f6shof Apartments S\u00fcdtirol","isPartOf":{"@id":"https:\/\/lippmoeshof.it\/it\/#website"},"datePublished":"2022-01-14T08:16:16+00:00","dateModified":"2024-11-08T08:31:26+00:00","description":"Genie\u00dfen Sie einen traumhaften Urlaub in einer Ferienwohnung in Villn\u00f6ss S\u00fcdtirol. Jetzt informieren und kontaktieren! IT","breadcrumb":{"@id":"https:\/\/lippmoeshof.it\/it\/condizioni-cancellazione\/#breadcrumb"},"inLanguage":"it-IT","potentialAction":[{"@type":"ReadAction","target":["https:\/\/lippmoeshof.it\/it\/condizioni-cancellazione\/"]}]},{"@type":"BreadcrumbList","@id":"https:\/\/lippmoeshof.it\/it\/condizioni-cancellazione\/#breadcrumb","itemListElement":[{"@type":"ListItem","position":1,"name":"Startseite","item":"https:\/\/lippmoeshof.it\/it\/"},{"@type":"ListItem","position":2,"name":"Condizioni cancellazione"}]},{"@type":"WebSite","@id":"https:\/\/lippmoeshof.it\/it\/#website","url":"https:\/\/lippmoeshof.it\/it\/","name":"Lippm\u00f6shof Apartments S\u00fcdtirol","description":"Apartments in Villn\u00f6ss Dolomiten","publisher":{"@id":"https:\/\/lippmoeshof.it\/it\/#organization"},"potentialAction":[{"@type":"SearchAction","target":{"@type":"EntryPoint","urlTemplate":"https:\/\/lippmoeshof.it\/it\/?s={search_term_string}"},"query-input":{"@type":"PropertyValueSpecification","valueRequired":true,"valueName":"search_term_string"}}],"inLanguage":"it-IT"},{"@type":"Organization","@id":"https:\/\/lippmoeshof.it\/it\/#organization","name":"Lippmoeshof","url":"https:\/\/lippmoeshof.it\/it\/","logo":{"@type":"ImageObject","inLanguage":"it-IT","@id":"https:\/\/lippmoeshof.it\/it\/#\/schema\/logo\/image\/","url":"https:\/\/lippmoeshof.it\/wp-content\/uploads\/2021\/09\/lippmoeshof-logo-original-1.svg","contentUrl":"https:\/\/lippmoeshof.it\/wp-content\/uploads\/2021\/09\/lippmoeshof-logo-original-1.svg","width":283,"height":133,"caption":"Lippmoeshof"},"image":{"@id":"https:\/\/lippmoeshof.it\/it\/#\/schema\/logo\/image\/"}}]}},"_links":{"self":[{"href":"https:\/\/lippmoeshof.it\/it\/wp-json\/wp\/v2\/pages\/5660","targetHints":{"allow":["GET"]}}],"collection":[{"href":"https:\/\/lippmoeshof.it\/it\/wp-json\/wp\/v2\/pages"}],"about":[{"href":"https:\/\/lippmoeshof.it\/it\/wp-json\/wp\/v2\/types\/page"}],"author":[{"embeddable":true,"href":"https:\/\/lippmoeshof.it\/it\/wp-json\/wp\/v2\/users\/1"}],"replies":[{"embeddable":true,"href":"https:\/\/lippmoeshof.it\/it\/wp-json\/wp\/v2\/comments?post=5660"}],"version-history":[{"count":36,"href":"https:\/\/lippmoeshof.it\/it\/wp-json\/wp\/v2\/pages\/5660\/revisions"}],"predecessor-version":[{"id":9034,"href":"https:\/\/lippmoeshof.it\/it\/wp-json\/wp\/v2\/pages\/5660\/revisions\/9034"}],"wp:attachment":[{"href":"https:\/\/lippmoeshof.it\/it\/wp-json\/wp\/v2\/media?parent=5660"}],"curies":[{"name":"wp","href":"https:\/\/api.w.org\/{rel}","templated":true}]}}