{"id":5158,"date":"2022-01-11T16:55:41","date_gmt":"2022-01-11T15:55:41","guid":{"rendered":"https:\/\/lippmoeshof.it\/a-piedi\/"},"modified":"2024-11-08T09:39:22","modified_gmt":"2024-11-08T08:39:22","slug":"a-piedi","status":"publish","type":"page","link":"https:\/\/lippmoeshof.it\/it\/a-piedi\/","title":{"rendered":"A piedi"},"content":{"rendered":"\t\t<div data-elementor-type=\"wp-page\" data-elementor-id=\"5158\" class=\"elementor elementor-5158 elementor-206\" data-elementor-post-type=\"page\">\n\t\t\t\t\t\t<section data-dce-background-image-url=\"https:\/\/lippmoeshof.it\/wp-content\/uploads\/2021\/09\/sommer-wandern-villnoess-dolomiten.jpg\" class=\"elementor-section elementor-top-section elementor-element elementor-element-2382074a elementor-section-full_width elementor-section-height-min-height elementor-section-height-default elementor-section-items-middle\" data-id=\"2382074a\" data-element_type=\"section\" data-e-type=\"section\" data-settings=\"{&quot;background_background&quot;:&quot;classic&quot;,&quot;background_motion_fx_motion_fx_scrolling&quot;:&quot;yes&quot;,&quot;background_motion_fx_translateY_effect&quot;:&quot;yes&quot;,&quot;background_motion_fx_translateY_speed&quot;:{&quot;unit&quot;:&quot;px&quot;,&quot;size&quot;:2.5,&quot;sizes&quot;:[]},&quot;background_motion_fx_translateY_affectedRange&quot;:{&quot;unit&quot;:&quot;%&quot;,&quot;size&quot;:&quot;&quot;,&quot;sizes&quot;:{&quot;start&quot;:5,&quot;end&quot;:95}},&quot;shape_divider_bottom&quot;:&quot;opacity-tilt&quot;,&quot;background_motion_fx_devices&quot;:[&quot;desktop&quot;,&quot;tablet&quot;,&quot;mobile&quot;]}\">\n\t\t\t\t\t<div class=\"elementor-shape elementor-shape-bottom\" aria-hidden=\"true\" data-negative=\"false\">\n\t\t\t<svg xmlns=\"http:\/\/www.w3.org\/2000\/svg\" viewBox=\"0 0 2600 131.1\" preserveAspectRatio=\"none\">\n\t<path class=\"elementor-shape-fill\" d=\"M0 0L2600 0 2600 69.1 0 0z\"\/>\n\t<path class=\"elementor-shape-fill\" style=\"opacity:0.5\" d=\"M0 0L2600 0 2600 69.1 0 69.1z\"\/>\n\t<path class=\"elementor-shape-fill\" style=\"opacity:0.25\" d=\"M2600 0L0 0 0 130.1 2600 69.1z\"\/>\n<\/svg>\t\t<\/div>\n\t\t\t\t\t<div class=\"elementor-container elementor-column-gap-default\">\n\t\t\t\t\t<div class=\"elementor-column elementor-col-100 elementor-top-column elementor-element elementor-element-23cfa78f\" data-id=\"23cfa78f\" data-element_type=\"column\" data-e-type=\"column\">\n\t\t\t<div class=\"elementor-widget-wrap\">\n\t\t\t\t\t\t\t<\/div>\n\t\t<\/div>\n\t\t\t\t\t<\/div>\n\t\t<\/section>\n\t\t\t\t<section class=\"elementor-section elementor-top-section elementor-element elementor-element-9865e64 elementor-section-boxed elementor-section-height-default elementor-section-height-default\" data-id=\"9865e64\" data-element_type=\"section\" data-e-type=\"section\">\n\t\t\t\t\t\t<div class=\"elementor-container elementor-column-gap-default\">\n\t\t\t\t\t<div class=\"elementor-column elementor-col-100 elementor-top-column elementor-element elementor-element-1b96bb24\" data-id=\"1b96bb24\" data-element_type=\"column\" data-e-type=\"column\">\n\t\t\t<div class=\"elementor-widget-wrap elementor-element-populated\">\n\t\t\t\t\t\t<div class=\"elementor-element elementor-element-3f7ab3e9 elementor-widget elementor-widget-heading\" data-id=\"3f7ab3e9\" data-element_type=\"widget\" data-e-type=\"widget\" data-widget_type=\"heading.default\">\n\t\t\t\t<div class=\"elementor-widget-container\">\n\t\t\t\t\t<h2 class=\"elementor-heading-title elementor-size-default\">Funes, il paradiso dell'escursionista!<\/h2>\t\t\t\t<\/div>\n\t\t\t\t<\/div>\n\t\t\t\t<div class=\"elementor-element elementor-element-78530c91 elementor-widget elementor-widget-heading\" data-id=\"78530c91\" data-element_type=\"widget\" data-e-type=\"widget\" data-widget_type=\"heading.default\">\n\t\t\t\t<div class=\"elementor-widget-container\">\n\t\t\t\t\t<h6 class=\"elementor-heading-title elementor-size-default\">Sentieri facili in famiglia o trail escursionistici pi\u00f9 impegnativi e vie ferrate<br> per l'alpinista esperto. A funes c'\u00e8 qualcosa per tutti!<\/h6>\t\t\t\t<\/div>\n\t\t\t\t<\/div>\n\t\t\t\t\t<\/div>\n\t\t<\/div>\n\t\t\t\t\t<\/div>\n\t\t<\/section>\n\t\t\t\t<section class=\"elementor-section elementor-top-section elementor-element elementor-element-1f93a95c elementor-section-full_width animated-slow elementor-section-height-default elementor-section-height-default elementor-invisible\" data-id=\"1f93a95c\" data-element_type=\"section\" data-e-type=\"section\" data-settings=\"{&quot;animation&quot;:&quot;fadeIn&quot;,&quot;animation_delay&quot;:100}\">\n\t\t\t\t\t\t<div class=\"elementor-container elementor-column-gap-default\">\n\t\t\t\t\t<div data-dce-background-image-url=\"https:\/\/lippmoeshof.it\/wp-content\/uploads\/2021\/09\/sommer-wandern-villnoess-dolomiten.jpg\" class=\"elementor-column elementor-col-50 elementor-top-column elementor-element elementor-element-afd61a0\" data-id=\"afd61a0\" data-element_type=\"column\" data-e-type=\"column\" data-settings=\"{&quot;background_background&quot;:&quot;classic&quot;}\">\n\t\t\t<div class=\"elementor-widget-wrap elementor-element-populated\">\n\t\t\t\t\t\t<div class=\"elementor-element elementor-element-18815df4 elementor-widget elementor-widget-spacer\" data-id=\"18815df4\" data-element_type=\"widget\" data-e-type=\"widget\" data-widget_type=\"spacer.default\">\n\t\t\t\t<div class=\"elementor-widget-container\">\n\t\t\t\t\t\t\t<div class=\"elementor-spacer\">\n\t\t\t<div class=\"elementor-spacer-inner\"><\/div>\n\t\t<\/div>\n\t\t\t\t\t\t<\/div>\n\t\t\t\t<\/div>\n\t\t\t\t\t<\/div>\n\t\t<\/div>\n\t\t\t\t<div class=\"elementor-column elementor-col-50 elementor-top-column elementor-element elementor-element-5cd67cad\" data-id=\"5cd67cad\" data-element_type=\"column\" data-e-type=\"column\">\n\t\t\t<div class=\"elementor-widget-wrap elementor-element-populated\">\n\t\t\t\t\t\t<div class=\"elementor-element elementor-element-22838ba3 elementor-widget elementor-widget-heading\" data-id=\"22838ba3\" data-element_type=\"widget\" data-e-type=\"widget\" data-widget_type=\"heading.default\">\n\t\t\t\t<div class=\"elementor-widget-container\">\n\t\t\t\t\t<h6 class=\"elementor-heading-title elementor-size-default\">A PIEDI<\/h6>\t\t\t\t<\/div>\n\t\t\t\t<\/div>\n\t\t\t\t<div class=\"elementor-element elementor-element-1c0dacab elementor-widget elementor-widget-heading\" data-id=\"1c0dacab\" data-element_type=\"widget\" data-e-type=\"widget\" data-widget_type=\"heading.default\">\n\t\t\t\t<div class=\"elementor-widget-container\">\n\t\t\t\t\t<h3 class=\"elementor-heading-title elementor-size-default\">Escursioni<\/h3>\t\t\t\t<\/div>\n\t\t\t\t<\/div>\n\t\t\t\t<div class=\"elementor-element elementor-element-5beb1a23 elementor-widget elementor-widget-text-editor\" data-id=\"5beb1a23\" data-element_type=\"widget\" data-e-type=\"widget\" data-widget_type=\"text-editor.default\">\n\t\t\t\t<div class=\"elementor-widget-container\">\n\t\t\t\t\t\t\t\t\t<p>Dalle tranquille passeggiate in valle, alle facili escursioni in malga, fino a emozionanti gite in famiglia, avventurosi sentieri tematici ed escursioni giornaliere pi\u00f9 impegnative &#8211; vi aspetta un&#8217;ampia scelta di sentieri che faranno battere pi\u00f9 forte il cuore degli amanti della natura e vi offriranno un&#8217;immersione profonda in un paesaggio naturale ancora intatto. I sentieri della Val di Funes offrono un&#8217;ampia gamma, da percorsi tecnicamente facili con dislivelli contenuti fino a impegnative escursioni in montagna con ascensioni in vetta. Proverete emozioni uniche ammirando le imponenti pareti nord delle Odle o i dolci prati di malga sottostanti. Non vi resta che organizzare la vostra vacanza escursionistica in Val di Funes!<br \/><br \/><\/p><p><em>Per un&#8217;esperienza di trekking indimenticabile, offriamo tour guidati. Julia e Pauli, AMM certificate, conoscono i luoghi pi\u00f9 belli e saranno felici di condividere con voi le loro conoscenze sulla natura. Prezzo su richiesta.<\/em><\/p>\t\t\t\t\t\t\t\t<\/div>\n\t\t\t\t<\/div>\n\t\t\t\t\t<\/div>\n\t\t<\/div>\n\t\t\t\t\t<\/div>\n\t\t<\/section>\n\t\t\t\t<section class=\"elementor-section elementor-top-section elementor-element elementor-element-fedc767 elementor-section-full_width elementor-reverse-mobile animated-slow elementor-section-height-default elementor-section-height-default elementor-invisible\" data-id=\"fedc767\" data-element_type=\"section\" data-e-type=\"section\" data-settings=\"{&quot;animation&quot;:&quot;fadeIn&quot;,&quot;animation_delay&quot;:100}\">\n\t\t\t\t\t\t<div class=\"elementor-container elementor-column-gap-default\">\n\t\t\t\t\t<div class=\"elementor-column elementor-col-50 elementor-top-column elementor-element elementor-element-70472cf9\" data-id=\"70472cf9\" data-element_type=\"column\" data-e-type=\"column\">\n\t\t\t<div class=\"elementor-widget-wrap elementor-element-populated\">\n\t\t\t\t\t\t<div class=\"elementor-element elementor-element-7aaa8751 elementor-widget elementor-widget-heading\" data-id=\"7aaa8751\" data-element_type=\"widget\" data-e-type=\"widget\" data-widget_type=\"heading.default\">\n\t\t\t\t<div class=\"elementor-widget-container\">\n\t\t\t\t\t<h6 class=\"elementor-heading-title elementor-size-default\">Ben protetti in altitudine<\/h6>\t\t\t\t<\/div>\n\t\t\t\t<\/div>\n\t\t\t\t<div class=\"elementor-element elementor-element-3a9e6a17 elementor-widget elementor-widget-heading\" data-id=\"3a9e6a17\" data-element_type=\"widget\" data-e-type=\"widget\" data-widget_type=\"heading.default\">\n\t\t\t\t<div class=\"elementor-widget-container\">\n\t\t\t\t\t<h3 class=\"elementor-heading-title elementor-size-default\">Via Ferrata<\/h3>\t\t\t\t<\/div>\n\t\t\t\t<\/div>\n\t\t\t\t<div class=\"elementor-element elementor-element-719380db elementor-widget elementor-widget-text-editor\" data-id=\"719380db\" data-element_type=\"widget\" data-e-type=\"widget\" data-widget_type=\"text-editor.default\">\n\t\t\t\t<div class=\"elementor-widget-container\">\n\t\t\t\t\t\t\t\t\t<p>Le Dolomiti sono l\u2019Eldorado degli scalatori. Oggi conquistare una vetta su sentieri attrezzati e ferrate \u00e8 il piacere di molti escursionisti. Pendii e tratti esposti sono messi in sicurezza per mezzo di funi; gradini e scale permettono di salire attraverso i canaloni; cos\u00ec si conquista l\u2019ebbrezza della cima senza correre rischi. Ogni salita \u00e8 un\u2019esperienza a s\u00e9 e, dopo la fatica, la ricompensa \u00e8 sempre un panorama grandioso e singolare. Vi sono vie attrezzate sia per principianti che per esperti.<\/p>\n\t\t\t\t\t\t\t\t<\/div>\n\t\t\t\t<\/div>\n\t\t\t\t\t<\/div>\n\t\t<\/div>\n\t\t\t\t<div data-dce-background-image-url=\"https:\/\/lippmoeshof.it\/wp-content\/uploads\/2021\/12\/klettersteige-suedtirol-andreasmir.jpg\" class=\"elementor-column elementor-col-50 elementor-top-column elementor-element elementor-element-30f58d90\" data-id=\"30f58d90\" data-element_type=\"column\" data-e-type=\"column\" data-settings=\"{&quot;background_background&quot;:&quot;classic&quot;}\">\n\t\t\t<div class=\"elementor-widget-wrap elementor-element-populated\">\n\t\t\t\t\t\t<div class=\"elementor-element elementor-element-6cb1931c elementor-widget elementor-widget-spacer\" data-id=\"6cb1931c\" data-element_type=\"widget\" data-e-type=\"widget\" data-widget_type=\"spacer.default\">\n\t\t\t\t<div class=\"elementor-widget-container\">\n\t\t\t\t\t\t\t<div class=\"elementor-spacer\">\n\t\t\t<div class=\"elementor-spacer-inner\"><\/div>\n\t\t<\/div>\n\t\t\t\t\t\t<\/div>\n\t\t\t\t<\/div>\n\t\t\t\t\t<\/div>\n\t\t<\/div>\n\t\t\t\t\t<\/div>\n\t\t<\/section>\n\t\t\t\t<\/div>\n\t\t","protected":false},"excerpt":{"rendered":"<p>Funes, il paradiso dell&#8217;escursionista! Sentieri facili in famiglia o trail escursionistici pi\u00f9 impegnativi e vie ferrate per l&#8217;alpinista esperto. A funes c&#8217;\u00e8 qualcosa per tutti! A PIEDI Escursioni Dalle tranquille passeggiate in valle, alle facili escursioni in malga, fino a emozionanti gite in famiglia, avventurosi sentieri tematici ed escursioni giornaliere pi\u00f9 impegnative &#8211; vi aspetta [&hellip;]<\/p>\n","protected":false},"author":1,"featured_media":0,"parent":0,"menu_order":0,"comment_status":"closed","ping_status":"closed","template":"","meta":{"footnotes":""},"class_list":["post-5158","page","type-page","status-publish","hentry"],"yoast_head":"<!-- This site is optimized with the Yoast SEO plugin v27.3 - https:\/\/yoast.com\/product\/yoast-seo-wordpress\/ -->\n<title>A piedi | Lippm\u00f6shof Apartments S\u00fcdtirol | Escursioni Dolomiti<\/title>\n<meta name=\"description\" content=\"Sentieri facili in famiglia o trail escursionistici pi\u00f9 impegnativi e vie ferrate per l&#039;alpinista esperto. A funes c&#039;\u00e8 qualcosa per tutti!\" \/>\n<meta name=\"robots\" content=\"index, follow, max-snippet:-1, max-image-preview:large, max-video-preview:-1\" \/>\n<link rel=\"canonical\" href=\"https:\/\/lippmoeshof.it\/it\/a-piedi\/\" \/>\n<meta property=\"og:locale\" content=\"it_IT\" \/>\n<meta property=\"og:type\" content=\"article\" \/>\n<meta property=\"og:title\" content=\"A piedi | Lippm\u00f6shof Apartments S\u00fcdtirol | Escursioni Dolomiti\" \/>\n<meta property=\"og:description\" content=\"Sentieri facili in famiglia o trail escursionistici pi\u00f9 impegnativi e vie ferrate per l&#039;alpinista esperto. A funes c&#039;\u00e8 qualcosa per tutti!\" \/>\n<meta property=\"og:url\" content=\"https:\/\/lippmoeshof.it\/it\/a-piedi\/\" \/>\n<meta property=\"og:site_name\" content=\"Lippm\u00f6shof Apartments S\u00fcdtirol\" \/>\n<meta property=\"article:modified_time\" content=\"2024-11-08T08:39:22+00:00\" \/>\n<meta name=\"twitter:card\" content=\"summary_large_image\" \/>\n<meta name=\"twitter:label1\" content=\"Tempo di lettura stimato\" \/>\n\t<meta name=\"twitter:data1\" content=\"2 minuti\" \/>\n<script type=\"application\/ld+json\" class=\"yoast-schema-graph\">{\"@context\":\"https:\\\/\\\/schema.org\",\"@graph\":[{\"@type\":\"WebPage\",\"@id\":\"https:\\\/\\\/lippmoeshof.it\\\/it\\\/a-piedi\\\/\",\"url\":\"https:\\\/\\\/lippmoeshof.it\\\/it\\\/a-piedi\\\/\",\"name\":\"A piedi | Lippm\u00f6shof Apartments S\u00fcdtirol | Escursioni Dolomiti\",\"isPartOf\":{\"@id\":\"https:\\\/\\\/lippmoeshof.it\\\/it\\\/#website\"},\"datePublished\":\"2022-01-11T15:55:41+00:00\",\"dateModified\":\"2024-11-08T08:39:22+00:00\",\"description\":\"Sentieri facili in famiglia o trail escursionistici pi\u00f9 impegnativi e vie ferrate per l'alpinista esperto. A funes c'\u00e8 qualcosa per tutti!\",\"breadcrumb\":{\"@id\":\"https:\\\/\\\/lippmoeshof.it\\\/it\\\/a-piedi\\\/#breadcrumb\"},\"inLanguage\":\"it-IT\",\"potentialAction\":[{\"@type\":\"ReadAction\",\"target\":[\"https:\\\/\\\/lippmoeshof.it\\\/it\\\/a-piedi\\\/\"]}]},{\"@type\":\"BreadcrumbList\",\"@id\":\"https:\\\/\\\/lippmoeshof.it\\\/it\\\/a-piedi\\\/#breadcrumb\",\"itemListElement\":[{\"@type\":\"ListItem\",\"position\":1,\"name\":\"Startseite\",\"item\":\"https:\\\/\\\/lippmoeshof.it\\\/it\\\/\"},{\"@type\":\"ListItem\",\"position\":2,\"name\":\"A piedi\"}]},{\"@type\":\"WebSite\",\"@id\":\"https:\\\/\\\/lippmoeshof.it\\\/it\\\/#website\",\"url\":\"https:\\\/\\\/lippmoeshof.it\\\/it\\\/\",\"name\":\"Lippm\u00f6shof Apartments S\u00fcdtirol\",\"description\":\"Apartments in Villn\u00f6ss Dolomiten\",\"publisher\":{\"@id\":\"https:\\\/\\\/lippmoeshof.it\\\/it\\\/#organization\"},\"potentialAction\":[{\"@type\":\"SearchAction\",\"target\":{\"@type\":\"EntryPoint\",\"urlTemplate\":\"https:\\\/\\\/lippmoeshof.it\\\/it\\\/?s={search_term_string}\"},\"query-input\":{\"@type\":\"PropertyValueSpecification\",\"valueRequired\":true,\"valueName\":\"search_term_string\"}}],\"inLanguage\":\"it-IT\"},{\"@type\":\"Organization\",\"@id\":\"https:\\\/\\\/lippmoeshof.it\\\/it\\\/#organization\",\"name\":\"Lippmoeshof\",\"url\":\"https:\\\/\\\/lippmoeshof.it\\\/it\\\/\",\"logo\":{\"@type\":\"ImageObject\",\"inLanguage\":\"it-IT\",\"@id\":\"https:\\\/\\\/lippmoeshof.it\\\/it\\\/#\\\/schema\\\/logo\\\/image\\\/\",\"url\":\"https:\\\/\\\/lippmoeshof.it\\\/wp-content\\\/uploads\\\/2021\\\/09\\\/lippmoeshof-logo-original-1.svg\",\"contentUrl\":\"https:\\\/\\\/lippmoeshof.it\\\/wp-content\\\/uploads\\\/2021\\\/09\\\/lippmoeshof-logo-original-1.svg\",\"width\":283,\"height\":133,\"caption\":\"Lippmoeshof\"},\"image\":{\"@id\":\"https:\\\/\\\/lippmoeshof.it\\\/it\\\/#\\\/schema\\\/logo\\\/image\\\/\"}}]}<\/script>\n<!-- \/ Yoast SEO plugin. -->","yoast_head_json":{"title":"A piedi | Lippm\u00f6shof Apartments S\u00fcdtirol | Escursioni Dolomiti","description":"Sentieri facili in famiglia o trail escursionistici pi\u00f9 impegnativi e vie ferrate per l'alpinista esperto. A funes c'\u00e8 qualcosa per tutti!","robots":{"index":"index","follow":"follow","max-snippet":"max-snippet:-1","max-image-preview":"max-image-preview:large","max-video-preview":"max-video-preview:-1"},"canonical":"https:\/\/lippmoeshof.it\/it\/a-piedi\/","og_locale":"it_IT","og_type":"article","og_title":"A piedi | Lippm\u00f6shof Apartments S\u00fcdtirol | Escursioni Dolomiti","og_description":"Sentieri facili in famiglia o trail escursionistici pi\u00f9 impegnativi e vie ferrate per l'alpinista esperto. A funes c'\u00e8 qualcosa per tutti!","og_url":"https:\/\/lippmoeshof.it\/it\/a-piedi\/","og_site_name":"Lippm\u00f6shof Apartments S\u00fcdtirol","article_modified_time":"2024-11-08T08:39:22+00:00","twitter_card":"summary_large_image","twitter_misc":{"Tempo di lettura stimato":"2 minuti"},"schema":{"@context":"https:\/\/schema.org","@graph":[{"@type":"WebPage","@id":"https:\/\/lippmoeshof.it\/it\/a-piedi\/","url":"https:\/\/lippmoeshof.it\/it\/a-piedi\/","name":"A piedi | Lippm\u00f6shof Apartments S\u00fcdtirol | Escursioni Dolomiti","isPartOf":{"@id":"https:\/\/lippmoeshof.it\/it\/#website"},"datePublished":"2022-01-11T15:55:41+00:00","dateModified":"2024-11-08T08:39:22+00:00","description":"Sentieri facili in famiglia o trail escursionistici pi\u00f9 impegnativi e vie ferrate per l'alpinista esperto. A funes c'\u00e8 qualcosa per tutti!","breadcrumb":{"@id":"https:\/\/lippmoeshof.it\/it\/a-piedi\/#breadcrumb"},"inLanguage":"it-IT","potentialAction":[{"@type":"ReadAction","target":["https:\/\/lippmoeshof.it\/it\/a-piedi\/"]}]},{"@type":"BreadcrumbList","@id":"https:\/\/lippmoeshof.it\/it\/a-piedi\/#breadcrumb","itemListElement":[{"@type":"ListItem","position":1,"name":"Startseite","item":"https:\/\/lippmoeshof.it\/it\/"},{"@type":"ListItem","position":2,"name":"A piedi"}]},{"@type":"WebSite","@id":"https:\/\/lippmoeshof.it\/it\/#website","url":"https:\/\/lippmoeshof.it\/it\/","name":"Lippm\u00f6shof Apartments S\u00fcdtirol","description":"Apartments in Villn\u00f6ss Dolomiten","publisher":{"@id":"https:\/\/lippmoeshof.it\/it\/#organization"},"potentialAction":[{"@type":"SearchAction","target":{"@type":"EntryPoint","urlTemplate":"https:\/\/lippmoeshof.it\/it\/?s={search_term_string}"},"query-input":{"@type":"PropertyValueSpecification","valueRequired":true,"valueName":"search_term_string"}}],"inLanguage":"it-IT"},{"@type":"Organization","@id":"https:\/\/lippmoeshof.it\/it\/#organization","name":"Lippmoeshof","url":"https:\/\/lippmoeshof.it\/it\/","logo":{"@type":"ImageObject","inLanguage":"it-IT","@id":"https:\/\/lippmoeshof.it\/it\/#\/schema\/logo\/image\/","url":"https:\/\/lippmoeshof.it\/wp-content\/uploads\/2021\/09\/lippmoeshof-logo-original-1.svg","contentUrl":"https:\/\/lippmoeshof.it\/wp-content\/uploads\/2021\/09\/lippmoeshof-logo-original-1.svg","width":283,"height":133,"caption":"Lippmoeshof"},"image":{"@id":"https:\/\/lippmoeshof.it\/it\/#\/schema\/logo\/image\/"}}]}},"_links":{"self":[{"href":"https:\/\/lippmoeshof.it\/it\/wp-json\/wp\/v2\/pages\/5158","targetHints":{"allow":["GET"]}}],"collection":[{"href":"https:\/\/lippmoeshof.it\/it\/wp-json\/wp\/v2\/pages"}],"about":[{"href":"https:\/\/lippmoeshof.it\/it\/wp-json\/wp\/v2\/types\/page"}],"author":[{"embeddable":true,"href":"https:\/\/lippmoeshof.it\/it\/wp-json\/wp\/v2\/users\/1"}],"replies":[{"embeddable":true,"href":"https:\/\/lippmoeshof.it\/it\/wp-json\/wp\/v2\/comments?post=5158"}],"version-history":[{"count":6,"href":"https:\/\/lippmoeshof.it\/it\/wp-json\/wp\/v2\/pages\/5158\/revisions"}],"predecessor-version":[{"id":9061,"href":"https:\/\/lippmoeshof.it\/it\/wp-json\/wp\/v2\/pages\/5158\/revisions\/9061"}],"wp:attachment":[{"href":"https:\/\/lippmoeshof.it\/it\/wp-json\/wp\/v2\/media?parent=5158"}],"curies":[{"name":"wp","href":"https:\/\/api.w.org\/{rel}","templated":true}]}}