{"id":5126,"date":"2022-01-11T15:33:03","date_gmt":"2022-01-11T14:33:03","guid":{"rendered":"https:\/\/lippmoeshof.it\/servizi-inclusi\/"},"modified":"2025-11-06T17:00:51","modified_gmt":"2025-11-06T16:00:51","slug":"servizi-inclusi","status":"publish","type":"page","link":"https:\/\/lippmoeshof.it\/it\/servizi-inclusi\/","title":{"rendered":"Servizi inclusi"},"content":{"rendered":"\t\t<div data-elementor-type=\"wp-page\" data-elementor-id=\"5126\" class=\"elementor elementor-5126 elementor-250\" data-elementor-post-type=\"page\">\n\t\t\t\t\t\t<section data-dce-background-image-url=\"https:\/\/lippmoeshof.it\/wp-content\/uploads\/2022\/09\/lippmoeshof-inklusive.jpg\" class=\"elementor-section elementor-top-section elementor-element elementor-element-4881f3e9 elementor-section-full_width elementor-section-height-min-height elementor-section-height-default elementor-section-items-middle\" data-id=\"4881f3e9\" data-element_type=\"section\" data-e-type=\"section\" data-settings=\"{&quot;background_background&quot;:&quot;classic&quot;,&quot;background_motion_fx_motion_fx_scrolling&quot;:&quot;yes&quot;,&quot;background_motion_fx_translateY_effect&quot;:&quot;yes&quot;,&quot;background_motion_fx_translateY_speed&quot;:{&quot;unit&quot;:&quot;px&quot;,&quot;size&quot;:2.5,&quot;sizes&quot;:[]},&quot;background_motion_fx_translateY_affectedRange&quot;:{&quot;unit&quot;:&quot;%&quot;,&quot;size&quot;:&quot;&quot;,&quot;sizes&quot;:{&quot;start&quot;:5,&quot;end&quot;:95}},&quot;shape_divider_bottom&quot;:&quot;opacity-tilt&quot;,&quot;background_motion_fx_devices&quot;:[&quot;desktop&quot;,&quot;tablet&quot;,&quot;mobile&quot;]}\">\n\t\t\t\t\t<div class=\"elementor-shape elementor-shape-bottom\" aria-hidden=\"true\" data-negative=\"false\">\n\t\t\t<svg xmlns=\"http:\/\/www.w3.org\/2000\/svg\" viewBox=\"0 0 2600 131.1\" preserveAspectRatio=\"none\">\n\t<path class=\"elementor-shape-fill\" d=\"M0 0L2600 0 2600 69.1 0 0z\"\/>\n\t<path class=\"elementor-shape-fill\" style=\"opacity:0.5\" d=\"M0 0L2600 0 2600 69.1 0 69.1z\"\/>\n\t<path class=\"elementor-shape-fill\" style=\"opacity:0.25\" d=\"M2600 0L0 0 0 130.1 2600 69.1z\"\/>\n<\/svg>\t\t<\/div>\n\t\t\t\t\t<div class=\"elementor-container elementor-column-gap-default\">\n\t\t\t\t\t<div class=\"elementor-column elementor-col-100 elementor-top-column elementor-element elementor-element-5d269886\" data-id=\"5d269886\" data-element_type=\"column\" data-e-type=\"column\">\n\t\t\t<div class=\"elementor-widget-wrap\">\n\t\t\t\t\t\t\t<\/div>\n\t\t<\/div>\n\t\t\t\t\t<\/div>\n\t\t<\/section>\n\t\t\t\t<section class=\"elementor-section elementor-top-section elementor-element elementor-element-189aab2e elementor-section-boxed elementor-section-height-default elementor-section-height-default\" data-id=\"189aab2e\" data-element_type=\"section\" data-e-type=\"section\">\n\t\t\t\t\t\t<div class=\"elementor-container elementor-column-gap-default\">\n\t\t\t\t\t<div class=\"elementor-column elementor-col-100 elementor-top-column elementor-element elementor-element-660ade40\" data-id=\"660ade40\" data-element_type=\"column\" data-e-type=\"column\">\n\t\t\t<div class=\"elementor-widget-wrap elementor-element-populated\">\n\t\t\t\t\t\t<div class=\"elementor-element elementor-element-7311a2cb elementor-widget elementor-widget-heading\" data-id=\"7311a2cb\" data-element_type=\"widget\" data-e-type=\"widget\" data-widget_type=\"heading.default\">\n\t\t\t\t<div class=\"elementor-widget-container\">\n\t\t\t\t\t<h2 class=\"elementor-heading-title elementor-size-default\">Tutti i servizi inclusi<\/h2>\t\t\t\t<\/div>\n\t\t\t\t<\/div>\n\t\t\t\t<div class=\"elementor-element elementor-element-6f0b5cb0 elementor-widget elementor-widget-heading\" data-id=\"6f0b5cb0\" data-element_type=\"widget\" data-e-type=\"widget\" data-widget_type=\"heading.default\">\n\t\t\t\t<div class=\"elementor-widget-container\">\n\t\t\t\t\t<h6 class=\"elementor-heading-title elementor-size-default\">trascorrete una vacanza indimenticabile nei nostri nuovi appartamenti<br>a Funes, approfittando di una serie di servizi extra.<\/h6>\t\t\t\t<\/div>\n\t\t\t\t<\/div>\n\t\t\t\t\t<\/div>\n\t\t<\/div>\n\t\t\t\t\t<\/div>\n\t\t<\/section>\n\t\t\t\t<section class=\"elementor-section elementor-top-section elementor-element elementor-element-447bb0d8 elementor-section-full_width elementor-reverse-mobile animated-slow elementor-section-height-default elementor-section-height-default elementor-invisible\" data-id=\"447bb0d8\" data-element_type=\"section\" data-e-type=\"section\" data-settings=\"{&quot;animation&quot;:&quot;fadeIn&quot;,&quot;animation_delay&quot;:100}\">\n\t\t\t\t\t\t<div class=\"elementor-container elementor-column-gap-default\">\n\t\t\t\t\t<div class=\"elementor-column elementor-col-50 elementor-top-column elementor-element elementor-element-620fe6cf\" data-id=\"620fe6cf\" data-element_type=\"column\" data-e-type=\"column\">\n\t\t\t<div class=\"elementor-widget-wrap elementor-element-populated\">\n\t\t\t\t\t\t<div class=\"elementor-element elementor-element-19171132 elementor-widget elementor-widget-heading\" data-id=\"19171132\" data-element_type=\"widget\" data-e-type=\"widget\" data-widget_type=\"heading.default\">\n\t\t\t\t<div class=\"elementor-widget-container\">\n\t\t\t\t\t<h6 class=\"elementor-heading-title elementor-size-default\">alla scoperta dell'affascinante mondo alpino delle Dolomiti.<\/h6>\t\t\t\t<\/div>\n\t\t\t\t<\/div>\n\t\t\t\t<div class=\"elementor-element elementor-element-67ce1365 elementor-widget elementor-widget-heading\" data-id=\"67ce1365\" data-element_type=\"widget\" data-e-type=\"widget\" data-widget_type=\"heading.default\">\n\t\t\t\t<div class=\"elementor-widget-container\">\n\t\t\t\t\t<h3 class=\"elementor-heading-title elementor-size-default\">Escursioni guidate<\/h3>\t\t\t\t<\/div>\n\t\t\t\t<\/div>\n\t\t\t\t<div class=\"elementor-element elementor-element-2feeb423 elementor-widget elementor-widget-text-editor\" data-id=\"2feeb423\" data-element_type=\"widget\" data-e-type=\"widget\" data-widget_type=\"text-editor.default\">\n\t\t\t\t<div class=\"elementor-widget-container\">\n\t\t\t\t\t\t\t\t\t<p>Amiamo le nostre montagne e conosciamo ogni sentiero e naturalmente abbiamo molti consigli &#8220;insider&#8221; per voi. Con ogni prenotazione al Lippm\u00f6shof offriamo ai nostri ospiti un&#8217;escursione guidata settimanale, valida dall&#8217;inizio di giugno alla fine di settembre.<\/p>\t\t\t\t\t\t\t\t<\/div>\n\t\t\t\t<\/div>\n\t\t\t\t\t<\/div>\n\t\t<\/div>\n\t\t\t\t<div data-dce-background-image-url=\"https:\/\/lippmoeshof.it\/wp-content\/uploads\/2023\/11\/gefuehrte-wanderungen-villnoess.jpg\" class=\"elementor-column elementor-col-50 elementor-top-column elementor-element elementor-element-7f0c4aed\" data-id=\"7f0c4aed\" data-element_type=\"column\" data-e-type=\"column\" data-settings=\"{&quot;background_background&quot;:&quot;classic&quot;}\">\n\t\t\t<div class=\"elementor-widget-wrap elementor-element-populated\">\n\t\t\t\t\t\t<div class=\"elementor-element elementor-element-63d2e849 elementor-widget elementor-widget-spacer\" data-id=\"63d2e849\" data-element_type=\"widget\" data-e-type=\"widget\" data-widget_type=\"spacer.default\">\n\t\t\t\t<div class=\"elementor-widget-container\">\n\t\t\t\t\t\t\t<div class=\"elementor-spacer\">\n\t\t\t<div class=\"elementor-spacer-inner\"><\/div>\n\t\t<\/div>\n\t\t\t\t\t\t<\/div>\n\t\t\t\t<\/div>\n\t\t\t\t\t<\/div>\n\t\t<\/div>\n\t\t\t\t\t<\/div>\n\t\t<\/section>\n\t\t\t\t<section class=\"elementor-section elementor-top-section elementor-element elementor-element-c98f567 elementor-section-full_width animated-slow elementor-section-height-default elementor-section-height-default elementor-invisible\" data-id=\"c98f567\" data-element_type=\"section\" data-e-type=\"section\" data-settings=\"{&quot;animation&quot;:&quot;fadeIn&quot;,&quot;animation_delay&quot;:100}\">\n\t\t\t\t\t\t<div class=\"elementor-container elementor-column-gap-default\">\n\t\t\t\t\t<div data-dce-background-image-url=\"https:\/\/lippmoeshof.it\/wp-content\/uploads\/2021\/09\/fruehstueckskorb-lippmoeshof-villnoess.jpg\" class=\"elementor-column elementor-col-50 elementor-top-column elementor-element elementor-element-a84ca57\" data-id=\"a84ca57\" data-element_type=\"column\" data-e-type=\"column\" data-settings=\"{&quot;background_background&quot;:&quot;classic&quot;}\">\n\t\t\t<div class=\"elementor-widget-wrap elementor-element-populated\">\n\t\t\t\t\t\t<div class=\"elementor-element elementor-element-72a6c82 elementor-widget elementor-widget-spacer\" data-id=\"72a6c82\" data-element_type=\"widget\" data-e-type=\"widget\" data-widget_type=\"spacer.default\">\n\t\t\t\t<div class=\"elementor-widget-container\">\n\t\t\t\t\t\t\t<div class=\"elementor-spacer\">\n\t\t\t<div class=\"elementor-spacer-inner\"><\/div>\n\t\t<\/div>\n\t\t\t\t\t\t<\/div>\n\t\t\t\t<\/div>\n\t\t\t\t\t<\/div>\n\t\t<\/div>\n\t\t\t\t<div class=\"elementor-column elementor-col-50 elementor-top-column elementor-element elementor-element-c6c0263\" data-id=\"c6c0263\" data-element_type=\"column\" data-e-type=\"column\">\n\t\t\t<div class=\"elementor-widget-wrap elementor-element-populated\">\n\t\t\t\t\t\t<div class=\"elementor-element elementor-element-a318da2 elementor-widget elementor-widget-heading\" data-id=\"a318da2\" data-element_type=\"widget\" data-e-type=\"widget\" data-widget_type=\"heading.default\">\n\t\t\t\t<div class=\"elementor-widget-container\">\n\t\t\t\t\t<h6 class=\"elementor-heading-title elementor-size-default\">PERFETTO INIZIO DI GIORNATA<\/h6>\t\t\t\t<\/div>\n\t\t\t\t<\/div>\n\t\t\t\t<div class=\"elementor-element elementor-element-f2f3a92 elementor-widget elementor-widget-heading\" data-id=\"f2f3a92\" data-element_type=\"widget\" data-e-type=\"widget\" data-widget_type=\"heading.default\">\n\t\t\t\t<div class=\"elementor-widget-container\">\n\t\t\t\t\t<h3 class=\"elementor-heading-title elementor-size-default\">Colazione (su richiesta)<\/h3>\t\t\t\t<\/div>\n\t\t\t\t<\/div>\n\t\t\t\t<div class=\"elementor-element elementor-element-f7dbd54 elementor-widget elementor-widget-text-editor\" data-id=\"f7dbd54\" data-element_type=\"widget\" data-e-type=\"widget\" data-widget_type=\"text-editor.default\">\n\t\t\t\t<div class=\"elementor-widget-container\">\n\t\t\t\t\t\t\t\t\t<div data-id=\"4a46621\" data-element_type=\"widget\" data-widget_type=\"icon-list.default\">\n<div>\n<p style=\"text-align: left;\">Un cestino per la colazione con prodotti freschi pu\u00f2 essere prenotato per 21 \u20ac a persona.<br><br>Il nostro cestino per la colazione contiene<\/p>\n<p style=\"text-align: left;\">\u2022 Latte di fieno fresco<\/p>\n<p style=\"text-align: left;\">\u2022 Uovo fresco delle nostre galline<\/p>\n<p style=\"text-align: left;\">\u2022 Caff\u00e8<\/p>\n<p style=\"text-align: left;\">\u2022 Tisana Bio alle Erbe del nostro giardino<\/p>\n<p style=\"text-align: left;\">\u2022 Yoghurt naturale alto adige<\/p>\n<p style=\"text-align: left;\">\u2022 M\u00fcsli Venosta<\/p>\n<p style=\"text-align: left;\">\u2022 Dolcetto fatto in casa<\/p>\n<p style=\"text-align: left;\">\u2022 Crema di frutta al albicocca\/fragola fatta in casa<\/p>\n<p style=\"text-align: left;\">\u2022 Tarassaco spalmabile fatto in casa<\/p>\n<p style=\"text-align: left;\">\u2022 Pane dal contadino<\/p>\n<p style=\"text-align: left;\">\u2022 Affettato misto<\/p>\n<p style=\"text-align: left;\">\u2022 Burro altoatesino<\/p>\n<p style=\"text-align: left;\">\u2022 Smoothie&nbsp;<br><br>Servizio di prima colazione: dal luned\u00ec al sabato (esclusi i giorni festivi) prenotabile fino alle 15:00 del giorno precedente.<br><\/p>\n<\/div>\n<\/div>\t\t\t\t\t\t\t\t<\/div>\n\t\t\t\t<\/div>\n\t\t\t\t\t<\/div>\n\t\t<\/div>\n\t\t\t\t\t<\/div>\n\t\t<\/section>\n\t\t\t\t<section class=\"elementor-section elementor-top-section elementor-element elementor-element-f2eb3fe elementor-section-full_width elementor-reverse-mobile animated-slow elementor-section-height-default elementor-section-height-default elementor-invisible\" data-id=\"f2eb3fe\" data-element_type=\"section\" data-e-type=\"section\" data-settings=\"{&quot;animation&quot;:&quot;fadeIn&quot;,&quot;animation_delay&quot;:100}\">\n\t\t\t\t\t\t<div class=\"elementor-container elementor-column-gap-default\">\n\t\t\t\t\t<div class=\"elementor-column elementor-col-50 elementor-top-column elementor-element elementor-element-661dd04\" data-id=\"661dd04\" data-element_type=\"column\" data-e-type=\"column\">\n\t\t\t<div class=\"elementor-widget-wrap elementor-element-populated\">\n\t\t\t\t\t\t<div class=\"elementor-element elementor-element-3d82075 elementor-widget elementor-widget-heading\" data-id=\"3d82075\" data-element_type=\"widget\" data-e-type=\"widget\" data-widget_type=\"heading.default\">\n\t\t\t\t<div class=\"elementor-widget-container\">\n\t\t\t\t\t<h6 class=\"elementor-heading-title elementor-size-default\">I NOSTRI appartamenti a FUNES<\/h6>\t\t\t\t<\/div>\n\t\t\t\t<\/div>\n\t\t\t\t<div class=\"elementor-element elementor-element-cfa3712 elementor-widget elementor-widget-heading\" data-id=\"cfa3712\" data-element_type=\"widget\" data-e-type=\"widget\" data-widget_type=\"heading.default\">\n\t\t\t\t<div class=\"elementor-widget-container\">\n\t\t\t\t\t<h3 class=\"elementor-heading-title elementor-size-default\">Tutto per il vostro soggiorno<\/h3>\t\t\t\t<\/div>\n\t\t\t\t<\/div>\n\t\t\t\t<div class=\"elementor-element elementor-element-c0995e6 elementor-widget elementor-widget-text-editor\" data-id=\"c0995e6\" data-element_type=\"widget\" data-e-type=\"widget\" data-widget_type=\"text-editor.default\">\n\t\t\t\t<div class=\"elementor-widget-container\">\n\t\t\t\t\t\t\t\t\t<p>\u2022 Parcheggio gratuito direttamente al Lippmoeshof<\/p><p>\u2022 Lenzuola e asciugamani<\/p><p>\u2022 Cambio settimanale della biancheria<\/p><p>\u2022 Pulizia finale, elettricit\u00e0, riscaldamento\u00a0<\/p><p>\u2022 Cucina attrezzata con bollitore, lavastoviglie e moka<\/p><p>\u2022 Microonde (su richiesta)<\/p><p>\u2022 Wifi gratuito e TV satellitare<\/p><p>\u2022 Bagno con bidet, doccia e asciugacapelli<\/p><p>\u2022 Posizione perfetta direttamente vicino la pista da sci<\/p><p>\u2022 Punto di partenza ideale per escursioni in estate e in inverno<\/p><p>\u2022 Possibilit\u00e0 di arrivare senza auto (200 m dalla fermata dell&#8217;autobus)<\/p><p>\u2022 Consigli e aiuto nella scelta delle escursioni<\/p><p>\u2022 Vista diretta sul Geisler da tutti gli appartamenti<\/p><p>\u2022 Prato per prendere il sole e rilassarsi, con giardino di erbe aromatiche<\/p><p>\u2022 Noleggio di bastoncini da trekking<\/p><p>\u2022 Parcheggio per biciclette<\/p><p>\u2022 Attrezzatura per bambini (lettino e seggiolone)<\/p><p>\u2022 Mobili in legno naturale, pavimento in legno e intonaco biologico per un clima interno naturale<\/p><p>\u2022 Visita della cappella e stalla (su richiesta)<br \/>\u2022 Noleggio E-Bike in loco (a pagamento)<br \/>\u2022 Ricarica auto elettriche (a pagamento)<br \/>\u2022 <a href=\"https:\/\/lippmoeshof.it\/it\/dolomiti-card-funes\/\"><span style=\"text-decoration: underline;\">Dolomiti Mobil Card &gt;<\/span><\/a><\/p>\t\t\t\t\t\t\t\t<\/div>\n\t\t\t\t<\/div>\n\t\t\t\t\t<\/div>\n\t\t<\/div>\n\t\t\t\t<div data-dce-background-image-url=\"https:\/\/lippmoeshof.it\/wp-content\/uploads\/2023\/11\/lippmoeshof-apartment-villnoess.jpg\" class=\"elementor-column elementor-col-50 elementor-top-column elementor-element elementor-element-fa6b21e\" data-id=\"fa6b21e\" data-element_type=\"column\" data-e-type=\"column\" data-settings=\"{&quot;background_background&quot;:&quot;classic&quot;}\">\n\t\t\t<div class=\"elementor-widget-wrap elementor-element-populated\">\n\t\t\t\t\t\t<div class=\"elementor-element elementor-element-544c6cd elementor-widget elementor-widget-spacer\" data-id=\"544c6cd\" data-element_type=\"widget\" data-e-type=\"widget\" data-widget_type=\"spacer.default\">\n\t\t\t\t<div class=\"elementor-widget-container\">\n\t\t\t\t\t\t\t<div class=\"elementor-spacer\">\n\t\t\t<div class=\"elementor-spacer-inner\"><\/div>\n\t\t<\/div>\n\t\t\t\t\t\t<\/div>\n\t\t\t\t<\/div>\n\t\t\t\t\t<\/div>\n\t\t<\/div>\n\t\t\t\t\t<\/div>\n\t\t<\/section>\n\t\t\t\t<section class=\"elementor-section elementor-top-section elementor-element elementor-element-815fee1 elementor-section-boxed elementor-section-height-default elementor-section-height-default\" data-id=\"815fee1\" data-element_type=\"section\" data-e-type=\"section\" data-settings=\"{&quot;background_background&quot;:&quot;classic&quot;}\">\n\t\t\t\t\t\t<div class=\"elementor-container elementor-column-gap-default\">\n\t\t\t\t\t<div class=\"elementor-column elementor-col-50 elementor-top-column elementor-element elementor-element-12eace6\" data-id=\"12eace6\" data-element_type=\"column\" data-e-type=\"column\">\n\t\t\t<div class=\"elementor-widget-wrap elementor-element-populated\">\n\t\t\t\t\t\t<div class=\"elementor-element elementor-element-f783ddc elementor-align-right elementor-mobile-align-center elementor-widget elementor-widget-button\" data-id=\"f783ddc\" data-element_type=\"widget\" data-e-type=\"widget\" data-widget_type=\"button.default\">\n\t\t\t\t<div class=\"elementor-widget-container\">\n\t\t\t\t\t\t\t\t\t<div class=\"elementor-button-wrapper\">\n\t\t\t\t\t<a class=\"elementor-button elementor-button-link elementor-size-sm\" href=\"https:\/\/lippmoeshof.it\/it\/richiesta\/\">\n\t\t\t\t\t\t<span class=\"elementor-button-content-wrapper\">\n\t\t\t\t\t\t\t\t\t<span class=\"elementor-button-text\">richiesta<\/span>\n\t\t\t\t\t<\/span>\n\t\t\t\t\t<\/a>\n\t\t\t\t<\/div>\n\t\t\t\t\t\t\t\t<\/div>\n\t\t\t\t<\/div>\n\t\t\t\t\t<\/div>\n\t\t<\/div>\n\t\t\t\t<div class=\"elementor-column elementor-col-50 elementor-top-column elementor-element elementor-element-e03a09b\" data-id=\"e03a09b\" data-element_type=\"column\" data-e-type=\"column\">\n\t\t\t<div class=\"elementor-widget-wrap elementor-element-populated\">\n\t\t\t\t\t\t<div class=\"elementor-element elementor-element-474c82d elementor-widget elementor-widget-text-editor\" data-id=\"474c82d\" data-element_type=\"widget\" data-e-type=\"widget\" data-widget_type=\"text-editor.default\">\n\t\t\t\t<div class=\"elementor-widget-container\">\n\t\t\t\t\t\t\t\t\t<p style=\"text-align: left;\">Inviateci semplicemente la vostra richiesta tramite il <strong>modulo di richiesta<\/strong> e vi risponderemo il prima possibile!<\/p>\n\t\t\t\t\t\t\t\t<\/div>\n\t\t\t\t<\/div>\n\t\t\t\t\t<\/div>\n\t\t<\/div>\n\t\t\t\t\t<\/div>\n\t\t<\/section>\n\t\t\t\t<\/div>\n\t\t","protected":false},"excerpt":{"rendered":"<p>Tutti i servizi inclusi trascorrete una vacanza indimenticabile nei nostri nuovi appartamentia Funes, approfittando di una serie di servizi extra. alla scoperta dell&#8217;affascinante mondo alpino delle Dolomiti. Escursioni guidate Amiamo le nostre montagne e conosciamo ogni sentiero e naturalmente abbiamo molti consigli &#8220;insider&#8221; per voi. Con ogni prenotazione al Lippm\u00f6shof offriamo ai nostri ospiti un&#8217;escursione [&hellip;]<\/p>\n","protected":false},"author":1,"featured_media":0,"parent":0,"menu_order":0,"comment_status":"closed","ping_status":"closed","template":"","meta":{"footnotes":""},"class_list":["post-5126","page","type-page","status-publish","hentry"],"yoast_head":"<!-- This site is optimized with the Yoast SEO plugin v27.3 - https:\/\/yoast.com\/product\/yoast-seo-wordpress\/ -->\n<title>Servizi inclusi | Lippm\u00f6shof Apartments Alto Adige | Dolomiti<\/title>\n<meta name=\"description\" content=\"Godetevi una vacanza da sogno in un appartamento a Funes in Alto Adige. Informati e contattaci subito! Servizi inclusi!\" \/>\n<meta name=\"robots\" content=\"index, follow, max-snippet:-1, max-image-preview:large, max-video-preview:-1\" \/>\n<link rel=\"canonical\" href=\"https:\/\/lippmoeshof.it\/it\/servizi-inclusi\/\" \/>\n<meta property=\"og:locale\" content=\"it_IT\" \/>\n<meta property=\"og:type\" content=\"article\" \/>\n<meta property=\"og:title\" content=\"Servizi inclusi | Lippm\u00f6shof Apartments Alto Adige | Dolomiti\" \/>\n<meta property=\"og:description\" content=\"Godetevi una vacanza da sogno in un appartamento a Funes in Alto Adige. Informati e contattaci subito! Servizi inclusi!\" \/>\n<meta property=\"og:url\" content=\"https:\/\/lippmoeshof.it\/it\/servizi-inclusi\/\" \/>\n<meta property=\"og:site_name\" content=\"Lippm\u00f6shof Apartments S\u00fcdtirol\" \/>\n<meta property=\"article:modified_time\" content=\"2025-11-06T16:00:51+00:00\" \/>\n<meta name=\"twitter:card\" content=\"summary_large_image\" \/>\n<meta name=\"twitter:label1\" content=\"Tempo di lettura stimato\" \/>\n\t<meta name=\"twitter:data1\" content=\"2 minuti\" \/>\n<script type=\"application\/ld+json\" class=\"yoast-schema-graph\">{\"@context\":\"https:\\\/\\\/schema.org\",\"@graph\":[{\"@type\":\"WebPage\",\"@id\":\"https:\\\/\\\/lippmoeshof.it\\\/it\\\/servizi-inclusi\\\/\",\"url\":\"https:\\\/\\\/lippmoeshof.it\\\/it\\\/servizi-inclusi\\\/\",\"name\":\"Servizi inclusi | Lippm\u00f6shof Apartments Alto Adige | Dolomiti\",\"isPartOf\":{\"@id\":\"https:\\\/\\\/lippmoeshof.it\\\/it\\\/#website\"},\"datePublished\":\"2022-01-11T14:33:03+00:00\",\"dateModified\":\"2025-11-06T16:00:51+00:00\",\"description\":\"Godetevi una vacanza da sogno in un appartamento a Funes in Alto Adige. Informati e contattaci subito! Servizi inclusi!\",\"breadcrumb\":{\"@id\":\"https:\\\/\\\/lippmoeshof.it\\\/it\\\/servizi-inclusi\\\/#breadcrumb\"},\"inLanguage\":\"it-IT\",\"potentialAction\":[{\"@type\":\"ReadAction\",\"target\":[\"https:\\\/\\\/lippmoeshof.it\\\/it\\\/servizi-inclusi\\\/\"]}]},{\"@type\":\"BreadcrumbList\",\"@id\":\"https:\\\/\\\/lippmoeshof.it\\\/it\\\/servizi-inclusi\\\/#breadcrumb\",\"itemListElement\":[{\"@type\":\"ListItem\",\"position\":1,\"name\":\"Startseite\",\"item\":\"https:\\\/\\\/lippmoeshof.it\\\/it\\\/\"},{\"@type\":\"ListItem\",\"position\":2,\"name\":\"Servizi inclusi\"}]},{\"@type\":\"WebSite\",\"@id\":\"https:\\\/\\\/lippmoeshof.it\\\/it\\\/#website\",\"url\":\"https:\\\/\\\/lippmoeshof.it\\\/it\\\/\",\"name\":\"Lippm\u00f6shof Apartments S\u00fcdtirol\",\"description\":\"Apartments in Villn\u00f6ss Dolomiten\",\"publisher\":{\"@id\":\"https:\\\/\\\/lippmoeshof.it\\\/it\\\/#organization\"},\"potentialAction\":[{\"@type\":\"SearchAction\",\"target\":{\"@type\":\"EntryPoint\",\"urlTemplate\":\"https:\\\/\\\/lippmoeshof.it\\\/it\\\/?s={search_term_string}\"},\"query-input\":{\"@type\":\"PropertyValueSpecification\",\"valueRequired\":true,\"valueName\":\"search_term_string\"}}],\"inLanguage\":\"it-IT\"},{\"@type\":\"Organization\",\"@id\":\"https:\\\/\\\/lippmoeshof.it\\\/it\\\/#organization\",\"name\":\"Lippmoeshof\",\"url\":\"https:\\\/\\\/lippmoeshof.it\\\/it\\\/\",\"logo\":{\"@type\":\"ImageObject\",\"inLanguage\":\"it-IT\",\"@id\":\"https:\\\/\\\/lippmoeshof.it\\\/it\\\/#\\\/schema\\\/logo\\\/image\\\/\",\"url\":\"https:\\\/\\\/lippmoeshof.it\\\/wp-content\\\/uploads\\\/2021\\\/09\\\/lippmoeshof-logo-original-1.svg\",\"contentUrl\":\"https:\\\/\\\/lippmoeshof.it\\\/wp-content\\\/uploads\\\/2021\\\/09\\\/lippmoeshof-logo-original-1.svg\",\"width\":283,\"height\":133,\"caption\":\"Lippmoeshof\"},\"image\":{\"@id\":\"https:\\\/\\\/lippmoeshof.it\\\/it\\\/#\\\/schema\\\/logo\\\/image\\\/\"}}]}<\/script>\n<!-- \/ Yoast SEO plugin. -->","yoast_head_json":{"title":"Servizi inclusi | Lippm\u00f6shof Apartments Alto Adige | Dolomiti","description":"Godetevi una vacanza da sogno in un appartamento a Funes in Alto Adige. Informati e contattaci subito! Servizi inclusi!","robots":{"index":"index","follow":"follow","max-snippet":"max-snippet:-1","max-image-preview":"max-image-preview:large","max-video-preview":"max-video-preview:-1"},"canonical":"https:\/\/lippmoeshof.it\/it\/servizi-inclusi\/","og_locale":"it_IT","og_type":"article","og_title":"Servizi inclusi | Lippm\u00f6shof Apartments Alto Adige | Dolomiti","og_description":"Godetevi una vacanza da sogno in un appartamento a Funes in Alto Adige. Informati e contattaci subito! Servizi inclusi!","og_url":"https:\/\/lippmoeshof.it\/it\/servizi-inclusi\/","og_site_name":"Lippm\u00f6shof Apartments S\u00fcdtirol","article_modified_time":"2025-11-06T16:00:51+00:00","twitter_card":"summary_large_image","twitter_misc":{"Tempo di lettura stimato":"2 minuti"},"schema":{"@context":"https:\/\/schema.org","@graph":[{"@type":"WebPage","@id":"https:\/\/lippmoeshof.it\/it\/servizi-inclusi\/","url":"https:\/\/lippmoeshof.it\/it\/servizi-inclusi\/","name":"Servizi inclusi | Lippm\u00f6shof Apartments Alto Adige | Dolomiti","isPartOf":{"@id":"https:\/\/lippmoeshof.it\/it\/#website"},"datePublished":"2022-01-11T14:33:03+00:00","dateModified":"2025-11-06T16:00:51+00:00","description":"Godetevi una vacanza da sogno in un appartamento a Funes in Alto Adige. Informati e contattaci subito! Servizi inclusi!","breadcrumb":{"@id":"https:\/\/lippmoeshof.it\/it\/servizi-inclusi\/#breadcrumb"},"inLanguage":"it-IT","potentialAction":[{"@type":"ReadAction","target":["https:\/\/lippmoeshof.it\/it\/servizi-inclusi\/"]}]},{"@type":"BreadcrumbList","@id":"https:\/\/lippmoeshof.it\/it\/servizi-inclusi\/#breadcrumb","itemListElement":[{"@type":"ListItem","position":1,"name":"Startseite","item":"https:\/\/lippmoeshof.it\/it\/"},{"@type":"ListItem","position":2,"name":"Servizi inclusi"}]},{"@type":"WebSite","@id":"https:\/\/lippmoeshof.it\/it\/#website","url":"https:\/\/lippmoeshof.it\/it\/","name":"Lippm\u00f6shof Apartments S\u00fcdtirol","description":"Apartments in Villn\u00f6ss Dolomiten","publisher":{"@id":"https:\/\/lippmoeshof.it\/it\/#organization"},"potentialAction":[{"@type":"SearchAction","target":{"@type":"EntryPoint","urlTemplate":"https:\/\/lippmoeshof.it\/it\/?s={search_term_string}"},"query-input":{"@type":"PropertyValueSpecification","valueRequired":true,"valueName":"search_term_string"}}],"inLanguage":"it-IT"},{"@type":"Organization","@id":"https:\/\/lippmoeshof.it\/it\/#organization","name":"Lippmoeshof","url":"https:\/\/lippmoeshof.it\/it\/","logo":{"@type":"ImageObject","inLanguage":"it-IT","@id":"https:\/\/lippmoeshof.it\/it\/#\/schema\/logo\/image\/","url":"https:\/\/lippmoeshof.it\/wp-content\/uploads\/2021\/09\/lippmoeshof-logo-original-1.svg","contentUrl":"https:\/\/lippmoeshof.it\/wp-content\/uploads\/2021\/09\/lippmoeshof-logo-original-1.svg","width":283,"height":133,"caption":"Lippmoeshof"},"image":{"@id":"https:\/\/lippmoeshof.it\/it\/#\/schema\/logo\/image\/"}}]}},"_links":{"self":[{"href":"https:\/\/lippmoeshof.it\/it\/wp-json\/wp\/v2\/pages\/5126","targetHints":{"allow":["GET"]}}],"collection":[{"href":"https:\/\/lippmoeshof.it\/it\/wp-json\/wp\/v2\/pages"}],"about":[{"href":"https:\/\/lippmoeshof.it\/it\/wp-json\/wp\/v2\/types\/page"}],"author":[{"embeddable":true,"href":"https:\/\/lippmoeshof.it\/it\/wp-json\/wp\/v2\/users\/1"}],"replies":[{"embeddable":true,"href":"https:\/\/lippmoeshof.it\/it\/wp-json\/wp\/v2\/comments?post=5126"}],"version-history":[{"count":57,"href":"https:\/\/lippmoeshof.it\/it\/wp-json\/wp\/v2\/pages\/5126\/revisions"}],"predecessor-version":[{"id":9482,"href":"https:\/\/lippmoeshof.it\/it\/wp-json\/wp\/v2\/pages\/5126\/revisions\/9482"}],"wp:attachment":[{"href":"https:\/\/lippmoeshof.it\/it\/wp-json\/wp\/v2\/media?parent=5126"}],"curies":[{"name":"wp","href":"https:\/\/api.w.org\/{rel}","templated":true}]}}