{"id":5114,"date":"2022-01-11T15:13:37","date_gmt":"2022-01-11T14:13:37","guid":{"rendered":"https:\/\/lippmoeshof.it\/impressum\/"},"modified":"2025-12-03T15:55:10","modified_gmt":"2025-12-03T14:55:10","slug":"note-legali","status":"publish","type":"page","link":"https:\/\/lippmoeshof.it\/it\/note-legali\/","title":{"rendered":"Note legali"},"content":{"rendered":"\t\t<div data-elementor-type=\"wp-page\" data-elementor-id=\"5114\" class=\"elementor elementor-5114 elementor-248\" data-elementor-post-type=\"page\">\n\t\t\t\t\t\t<section class=\"elementor-section elementor-top-section elementor-element elementor-element-21b8535 elementor-section-boxed elementor-section-height-default elementor-section-height-default\" data-id=\"21b8535\" data-element_type=\"section\" data-e-type=\"section\">\n\t\t\t\t\t\t<div class=\"elementor-container elementor-column-gap-default\">\n\t\t\t\t\t<div class=\"elementor-column elementor-col-33 elementor-top-column elementor-element elementor-element-6ba657b2\" data-id=\"6ba657b2\" data-element_type=\"column\" data-e-type=\"column\">\n\t\t\t<div class=\"elementor-widget-wrap elementor-element-populated\">\n\t\t\t\t\t\t<div data-dce-title-color=\"#363636\" class=\"elementor-element elementor-element-3c93e47a elementor-widget elementor-widget-heading\" data-id=\"3c93e47a\" data-element_type=\"widget\" data-e-type=\"widget\" data-widget_type=\"heading.default\">\n\t\t\t\t<div class=\"elementor-widget-container\">\n\t\t\t\t\t<h2 class=\"elementor-heading-title elementor-size-default\">Responsabile<\/h2>\t\t\t\t<\/div>\n\t\t\t\t<\/div>\n\t\t\t\t<div data-dce-text-color=\"#363636\" class=\"elementor-element elementor-element-2994132a elementor-widget elementor-widget-text-editor\" data-id=\"2994132a\" data-element_type=\"widget\" data-e-type=\"widget\" data-widget_type=\"text-editor.default\">\n\t\t\t\t<div class=\"elementor-widget-container\">\n\t\t\t\t\t\t\t\t\t<p>Fam. Augsch\u00f6ll Julia<br>Wastlbach 6, 39040 Villn\u00f6ss<br>info@lippmoeshof.it<br>lippmoeshof.it<br>MwSt. Nr.: 03122410214<br>Empf\u00e4ngerkodex: 7035UR5<br>CIN: IT021033B5K89AY2DB<br><\/p>\t\t\t\t\t\t\t\t<\/div>\n\t\t\t\t<\/div>\n\t\t\t\t\t<\/div>\n\t\t<\/div>\n\t\t\t\t<div class=\"elementor-column elementor-col-33 elementor-top-column elementor-element elementor-element-136131af\" data-id=\"136131af\" data-element_type=\"column\" data-e-type=\"column\">\n\t\t\t<div class=\"elementor-widget-wrap elementor-element-populated\">\n\t\t\t\t\t\t<div data-dce-title-color=\"#363636\" class=\"elementor-element elementor-element-49086905 elementor-widget elementor-widget-heading\" data-id=\"49086905\" data-element_type=\"widget\" data-e-type=\"widget\" data-widget_type=\"heading.default\">\n\t\t\t\t<div class=\"elementor-widget-container\">\n\t\t\t\t\t<h2 class=\"elementor-heading-title elementor-size-default\">Design e realizzazione\n\n<\/h2>\t\t\t\t<\/div>\n\t\t\t\t<\/div>\n\t\t\t\t<div data-dce-text-color=\"#363636\" class=\"elementor-element elementor-element-657ca096 elementor-widget elementor-widget-text-editor\" data-id=\"657ca096\" data-element_type=\"widget\" data-e-type=\"widget\" data-widget_type=\"text-editor.default\">\n\t\t\t\t<div class=\"elementor-widget-container\">\n\t\t\t\t\t\t\t\t\t<p>Agenzia creativa Minedesign SNC<br \/>di Daniel Olivieri e Matthias Mur<br \/>Via Fraghes 6, 39043 Chiusa<br \/>T. 0472 847 216<br \/><a style=\"font-family: Roboto; font-size: 17px; font-weight: 300; color: #363636;\" href=\"mailto:info@minedesign.it\">info@minedesign.it<\/a><br \/><a style=\"font-family: Roboto; font-size: 17px; font-weight: 300; color: #363636;\" href=\"https:\/\/minedesign.it\" target=\"_blank\" rel=\"noopener\">minedesign.it<\/a><\/p>\t\t\t\t\t\t\t\t<\/div>\n\t\t\t\t<\/div>\n\t\t\t\t\t<\/div>\n\t\t<\/div>\n\t\t\t\t<div class=\"elementor-column elementor-col-33 elementor-top-column elementor-element elementor-element-c69aba5\" data-id=\"c69aba5\" data-element_type=\"column\" data-e-type=\"column\">\n\t\t\t<div class=\"elementor-widget-wrap elementor-element-populated\">\n\t\t\t\t\t\t<div data-dce-title-color=\"#363636\" class=\"elementor-element elementor-element-33810491 elementor-widget elementor-widget-heading\" data-id=\"33810491\" data-element_type=\"widget\" data-e-type=\"widget\" data-widget_type=\"heading.default\">\n\t\t\t\t<div class=\"elementor-widget-container\">\n\t\t\t\t\t<h2 class=\"elementor-heading-title elementor-size-default\">Riferimento<\/h2>\t\t\t\t<\/div>\n\t\t\t\t<\/div>\n\t\t\t\t<div data-dce-text-color=\"#363636\" class=\"elementor-element elementor-element-4edc0970 elementor-widget elementor-widget-text-editor\" data-id=\"4edc0970\" data-element_type=\"widget\" data-e-type=\"widget\" data-widget_type=\"text-editor.default\">\n\t\t\t\t<div class=\"elementor-widget-container\">\n\t\t\t\t\t\t\t\t\t<p><strong>\u00a9 Foto, immagini e grafiche<\/strong><\/p>\n<p>IDM S\u00fcdtirol &#8211; Alex Moling; Clemens Zahn; Stefan Sch\u00fctz; Andreas Mierswa; Dietmar Dengen; Manuel Ferrigato; Alex Filz; Manuel Kottersteger;&nbsp;Marco Parisi.<\/p>\n<p>Mineralienmuseum Teis;&nbsp;Villn\u00f6ss Tourismus Genossenschaft;<\/p>\n<p>Unsplash, Pixabay<\/p>\n<p><strong>\u00a9 Testi<\/strong><br>Lippm\u00f6shof &#8211; Julia Augsch\u00f6ll<br>Tourismus Genossenschaft Villn\u00f6ss<\/p>\t\t\t\t\t\t\t\t<\/div>\n\t\t\t\t<\/div>\n\t\t\t\t\t<\/div>\n\t\t<\/div>\n\t\t\t\t\t<\/div>\n\t\t<\/section>\n\t\t\t\t<section class=\"elementor-section elementor-top-section elementor-element elementor-element-4b7032a3 elementor-section-boxed elementor-section-height-default elementor-section-height-default\" data-id=\"4b7032a3\" data-element_type=\"section\" data-e-type=\"section\">\n\t\t\t\t\t\t<div class=\"elementor-container elementor-column-gap-default\">\n\t\t\t\t\t<div class=\"elementor-column elementor-col-100 elementor-top-column elementor-element elementor-element-5510e13d\" data-id=\"5510e13d\" data-element_type=\"column\" data-e-type=\"column\">\n\t\t\t<div class=\"elementor-widget-wrap elementor-element-populated\">\n\t\t\t\t\t\t<div data-dce-title-color=\"#353A3C\" class=\"elementor-element elementor-element-623a5d7a elementor-widget elementor-widget-heading\" data-id=\"623a5d7a\" data-element_type=\"widget\" data-e-type=\"widget\" data-widget_type=\"heading.default\">\n\t\t\t\t<div class=\"elementor-widget-container\">\n\t\t\t\t\t<h2 class=\"elementor-heading-title elementor-size-default\">Dichiariazione liberatoria\n<\/h2>\t\t\t\t<\/div>\n\t\t\t\t<\/div>\n\t\t\t\t\t<\/div>\n\t\t<\/div>\n\t\t\t\t\t<\/div>\n\t\t<\/section>\n\t\t\t\t<section class=\"elementor-section elementor-top-section elementor-element elementor-element-17d92fdd elementor-section-boxed elementor-section-height-default elementor-section-height-default\" data-id=\"17d92fdd\" data-element_type=\"section\" data-e-type=\"section\">\n\t\t\t\t\t\t<div class=\"elementor-container elementor-column-gap-default\">\n\t\t\t\t\t<div class=\"elementor-column elementor-col-100 elementor-top-column elementor-element elementor-element-4f9bb30b\" data-id=\"4f9bb30b\" data-element_type=\"column\" data-e-type=\"column\">\n\t\t\t<div class=\"elementor-widget-wrap elementor-element-populated\">\n\t\t\t\t\t\t<div data-dce-title-color=\"#363636\" class=\"elementor-element elementor-element-6fd79995 elementor-widget elementor-widget-heading\" data-id=\"6fd79995\" data-element_type=\"widget\" data-e-type=\"widget\" data-widget_type=\"heading.default\">\n\t\t\t\t<div class=\"elementor-widget-container\">\n\t\t\t\t\t<h2 class=\"elementor-heading-title elementor-size-default\">Responsabilit\u00e0 per contenuti\n<\/h2>\t\t\t\t<\/div>\n\t\t\t\t<\/div>\n\t\t\t\t<div data-dce-text-color=\"#363636\" class=\"elementor-element elementor-element-31d44582 elementor-widget elementor-widget-text-editor\" data-id=\"31d44582\" data-element_type=\"widget\" data-e-type=\"widget\" data-widget_type=\"text-editor.default\">\n\t\t\t\t<div class=\"elementor-widget-container\">\n\t\t\t\t\t\t\t\t\t<p>I contenuti delle nostre pagine sono stati creati con la massima cura. Tuttavia, non ci assumiamo alcuna responsabilit\u00e0 per la correttezza, la completezza e l\u2019attualit\u00e0 dei contenuti. In qualit\u00e0 di fornitore di servizi, siamo responsabili dei contenuti di queste pagine in conformit\u00e0 con le leggi generali. Tuttavia, in qualit\u00e0 di fornitore di servizi, non siamo obbligati a controllare le informazioni trasmesse o memorizzate da terzi o a indagare su circostanze che indicano un\u2019attivit\u00e0 illegale. L\u2019obbligo di rimuovere o bloccare l\u2019uso delle informazioni in conformit\u00e0 alle leggi generali rimane inalterato. Tuttavia, la responsabilit\u00e0 a tale riguardo \u00e8 possibile solo a partire dal momento in cui si viene a conoscenza di una violazione concreta della legge. Non appena veniamo a conoscenza di tali violazioni, provvederemo a rimuovere immediatamente questi contenuti.<\/p>\t\t\t\t\t\t\t\t<\/div>\n\t\t\t\t<\/div>\n\t\t\t\t\t<\/div>\n\t\t<\/div>\n\t\t\t\t\t<\/div>\n\t\t<\/section>\n\t\t\t\t<section class=\"elementor-section elementor-top-section elementor-element elementor-element-72849bdd elementor-section-boxed elementor-section-height-default elementor-section-height-default\" data-id=\"72849bdd\" data-element_type=\"section\" data-e-type=\"section\">\n\t\t\t\t\t\t<div class=\"elementor-container elementor-column-gap-default\">\n\t\t\t\t\t<div class=\"elementor-column elementor-col-100 elementor-top-column elementor-element elementor-element-5250006f\" data-id=\"5250006f\" data-element_type=\"column\" data-e-type=\"column\">\n\t\t\t<div class=\"elementor-widget-wrap elementor-element-populated\">\n\t\t\t\t\t\t<div data-dce-title-color=\"#363636\" class=\"elementor-element elementor-element-29e01d95 elementor-widget elementor-widget-heading\" data-id=\"29e01d95\" data-element_type=\"widget\" data-e-type=\"widget\" data-widget_type=\"heading.default\">\n\t\t\t\t<div class=\"elementor-widget-container\">\n\t\t\t\t\t<h2 class=\"elementor-heading-title elementor-size-default\">Responsabilit\u00e0 per i link\n<\/h2>\t\t\t\t<\/div>\n\t\t\t\t<\/div>\n\t\t\t\t<div data-dce-text-color=\"#363636\" class=\"elementor-element elementor-element-2dbeed60 elementor-widget elementor-widget-text-editor\" data-id=\"2dbeed60\" data-element_type=\"widget\" data-e-type=\"widget\" data-widget_type=\"text-editor.default\">\n\t\t\t\t<div class=\"elementor-widget-container\">\n\t\t\t\t\t\t\t\t\t<p>La nostra offerta contiene link a siti web esterni di terzi, sui cui contenuti non abbiamo alcuna influenza. Pertanto, non possiamo assumerci alcuna responsabilit\u00e0 per questi contenuti esterni. Il rispettivo fornitore o gestore delle pagine \u00e8 sempre responsabile dei contenuti delle pagine collegate. Le pagine collegate sono state controllate per verificare l\u2019assenza di possibili infrazioni legali al momento del collegamento. I contenuti illegali non erano riconoscibili al momento del collegamento. Tuttavia, un controllo permanente dei contenuti delle pagine collegate non \u00e8 ragionevole senza prove concrete di una violazione della legge. Noi rimuoveremo tali link immediatamente dopo essere venuti a conoscenza di eventuali violazioni della legge.<\/p>\t\t\t\t\t\t\t\t<\/div>\n\t\t\t\t<\/div>\n\t\t\t\t\t<\/div>\n\t\t<\/div>\n\t\t\t\t\t<\/div>\n\t\t<\/section>\n\t\t\t\t<section class=\"elementor-section elementor-top-section elementor-element elementor-element-1a7a57a1 elementor-section-boxed elementor-section-height-default elementor-section-height-default\" data-id=\"1a7a57a1\" data-element_type=\"section\" data-e-type=\"section\">\n\t\t\t\t\t\t<div class=\"elementor-container elementor-column-gap-default\">\n\t\t\t\t\t<div class=\"elementor-column elementor-col-100 elementor-top-column elementor-element elementor-element-2222a72\" data-id=\"2222a72\" data-element_type=\"column\" data-e-type=\"column\">\n\t\t\t<div class=\"elementor-widget-wrap elementor-element-populated\">\n\t\t\t\t\t\t<div data-dce-title-color=\"#363636\" class=\"elementor-element elementor-element-1981319f elementor-widget elementor-widget-heading\" data-id=\"1981319f\" data-element_type=\"widget\" data-e-type=\"widget\" data-widget_type=\"heading.default\">\n\t\t\t\t<div class=\"elementor-widget-container\">\n\t\t\t\t\t<h2 class=\"elementor-heading-title elementor-size-default\">Copyright<\/h2>\t\t\t\t<\/div>\n\t\t\t\t<\/div>\n\t\t\t\t<div data-dce-text-color=\"#363636\" class=\"elementor-element elementor-element-e6004f7 elementor-widget elementor-widget-text-editor\" data-id=\"e6004f7\" data-element_type=\"widget\" data-e-type=\"widget\" data-widget_type=\"text-editor.default\">\n\t\t\t\t<div class=\"elementor-widget-container\">\n\t\t\t\t\t\t\t\t\t<p>I contenuti e le opere presenti su queste pagine create dal proprietario del sito web e da terzi con accesso amministratore sono soggetti a copyright. La duplicazione, l\u2019elaborazione, la distribuzione e qualsiasi forma di commercializzazione di tale materiale al di fuori dell\u2019ambito della legge sul diritto d\u2019autore richiede il previo consenso scritto del rispettivo autore o creatore. Il download e le copie di queste pagine sono consentiti solo per uso privato e non commerciale. Nella misura in cui il contenuto di questo sito non \u00e8 stato creato dal gestore, i diritti d\u2019autore di terzi sono rispettati. In particolare, i contenuti di terzi sono contrassegnati come tali. Qualora venisse comunque a conoscenza di una violazione del diritto d\u2019autore, la preghiamo di informarci di conseguenza. Non appena ci rendiamo conto di eventuali violazioni della legge, elimineremo immediatamente tali contenuti.<\/p>\t\t\t\t\t\t\t\t<\/div>\n\t\t\t\t<\/div>\n\t\t\t\t\t<\/div>\n\t\t<\/div>\n\t\t\t\t\t<\/div>\n\t\t<\/section>\n\t\t\t\t<\/div>\n\t\t","protected":false},"excerpt":{"rendered":"<p>Responsabile Fam. Augsch\u00f6ll JuliaWastlbach 6, 39040 Villn\u00f6ssinfo@lippmoeshof.itlippmoeshof.itMwSt. Nr.: 03122410214Empf\u00e4ngerkodex: 7035UR5CIN: IT021033B5K89AY2DB Design e realizzazione Agenzia creativa Minedesign SNCdi Daniel Olivieri e Matthias MurVia Fraghes 6, 39043 ChiusaT. 0472 847 216info@minedesign.itminedesign.it Riferimento \u00a9 Foto, immagini e grafiche IDM S\u00fcdtirol &#8211; Alex Moling; Clemens Zahn; Stefan Sch\u00fctz; Andreas Mierswa; Dietmar Dengen; Manuel Ferrigato; Alex Filz; Manuel Kottersteger;&nbsp;Marco [&hellip;]<\/p>\n","protected":false},"author":1,"featured_media":0,"parent":0,"menu_order":0,"comment_status":"closed","ping_status":"closed","template":"","meta":{"footnotes":""},"class_list":["post-5114","page","type-page","status-publish","hentry"],"yoast_head":"<!-- This site is optimized with the Yoast SEO plugin v27.3 - https:\/\/yoast.com\/product\/yoast-seo-wordpress\/ -->\n<title>Note legali | Lippm\u00f6shof Apartments S\u00fcdtirol<\/title>\n<meta name=\"description\" content=\"Genie\u00dfen Sie einen traumhaften Urlaub in einer Ferienwohnung in Villn\u00f6ss S\u00fcdtirol. Jetzt informieren und kontaktieren! IT\" \/>\n<meta name=\"robots\" content=\"noindex, nofollow\" \/>\n<meta property=\"og:locale\" content=\"it_IT\" \/>\n<meta property=\"og:type\" content=\"article\" \/>\n<meta property=\"og:title\" content=\"Note legali | Lippm\u00f6shof Apartments S\u00fcdtirol\" \/>\n<meta property=\"og:description\" content=\"Genie\u00dfen Sie einen traumhaften Urlaub in einer Ferienwohnung in Villn\u00f6ss S\u00fcdtirol. Jetzt informieren und kontaktieren! IT\" \/>\n<meta property=\"og:url\" content=\"https:\/\/lippmoeshof.it\/it\/note-legali\/\" \/>\n<meta property=\"og:site_name\" content=\"Lippm\u00f6shof Apartments S\u00fcdtirol\" \/>\n<meta property=\"article:modified_time\" content=\"2025-12-03T14:55:10+00:00\" \/>\n<meta name=\"twitter:card\" content=\"summary_large_image\" \/>\n<meta name=\"twitter:label1\" content=\"Tempo di lettura stimato\" \/>\n\t<meta name=\"twitter:data1\" content=\"3 minuti\" \/>\n<script type=\"application\/ld+json\" class=\"yoast-schema-graph\">{\"@context\":\"https:\\\/\\\/schema.org\",\"@graph\":[{\"@type\":\"WebPage\",\"@id\":\"https:\\\/\\\/lippmoeshof.it\\\/it\\\/note-legali\\\/\",\"url\":\"https:\\\/\\\/lippmoeshof.it\\\/it\\\/note-legali\\\/\",\"name\":\"Note legali | Lippm\u00f6shof Apartments S\u00fcdtirol\",\"isPartOf\":{\"@id\":\"https:\\\/\\\/lippmoeshof.it\\\/it\\\/#website\"},\"datePublished\":\"2022-01-11T14:13:37+00:00\",\"dateModified\":\"2025-12-03T14:55:10+00:00\",\"description\":\"Genie\u00dfen Sie einen traumhaften Urlaub in einer Ferienwohnung in Villn\u00f6ss S\u00fcdtirol. Jetzt informieren und kontaktieren! IT\",\"breadcrumb\":{\"@id\":\"https:\\\/\\\/lippmoeshof.it\\\/it\\\/note-legali\\\/#breadcrumb\"},\"inLanguage\":\"it-IT\",\"potentialAction\":[{\"@type\":\"ReadAction\",\"target\":[\"https:\\\/\\\/lippmoeshof.it\\\/it\\\/note-legali\\\/\"]}]},{\"@type\":\"BreadcrumbList\",\"@id\":\"https:\\\/\\\/lippmoeshof.it\\\/it\\\/note-legali\\\/#breadcrumb\",\"itemListElement\":[{\"@type\":\"ListItem\",\"position\":1,\"name\":\"Startseite\",\"item\":\"https:\\\/\\\/lippmoeshof.it\\\/it\\\/\"},{\"@type\":\"ListItem\",\"position\":2,\"name\":\"Note legali\"}]},{\"@type\":\"WebSite\",\"@id\":\"https:\\\/\\\/lippmoeshof.it\\\/it\\\/#website\",\"url\":\"https:\\\/\\\/lippmoeshof.it\\\/it\\\/\",\"name\":\"Lippm\u00f6shof Apartments S\u00fcdtirol\",\"description\":\"Apartments in Villn\u00f6ss Dolomiten\",\"publisher\":{\"@id\":\"https:\\\/\\\/lippmoeshof.it\\\/it\\\/#organization\"},\"potentialAction\":[{\"@type\":\"SearchAction\",\"target\":{\"@type\":\"EntryPoint\",\"urlTemplate\":\"https:\\\/\\\/lippmoeshof.it\\\/it\\\/?s={search_term_string}\"},\"query-input\":{\"@type\":\"PropertyValueSpecification\",\"valueRequired\":true,\"valueName\":\"search_term_string\"}}],\"inLanguage\":\"it-IT\"},{\"@type\":\"Organization\",\"@id\":\"https:\\\/\\\/lippmoeshof.it\\\/it\\\/#organization\",\"name\":\"Lippmoeshof\",\"url\":\"https:\\\/\\\/lippmoeshof.it\\\/it\\\/\",\"logo\":{\"@type\":\"ImageObject\",\"inLanguage\":\"it-IT\",\"@id\":\"https:\\\/\\\/lippmoeshof.it\\\/it\\\/#\\\/schema\\\/logo\\\/image\\\/\",\"url\":\"https:\\\/\\\/lippmoeshof.it\\\/wp-content\\\/uploads\\\/2021\\\/09\\\/lippmoeshof-logo-original-1.svg\",\"contentUrl\":\"https:\\\/\\\/lippmoeshof.it\\\/wp-content\\\/uploads\\\/2021\\\/09\\\/lippmoeshof-logo-original-1.svg\",\"width\":283,\"height\":133,\"caption\":\"Lippmoeshof\"},\"image\":{\"@id\":\"https:\\\/\\\/lippmoeshof.it\\\/it\\\/#\\\/schema\\\/logo\\\/image\\\/\"}}]}<\/script>\n<!-- \/ Yoast SEO plugin. -->","yoast_head_json":{"title":"Note legali | Lippm\u00f6shof Apartments S\u00fcdtirol","description":"Genie\u00dfen Sie einen traumhaften Urlaub in einer Ferienwohnung in Villn\u00f6ss S\u00fcdtirol. Jetzt informieren und kontaktieren! IT","robots":{"index":"noindex","follow":"nofollow"},"og_locale":"it_IT","og_type":"article","og_title":"Note legali | Lippm\u00f6shof Apartments S\u00fcdtirol","og_description":"Genie\u00dfen Sie einen traumhaften Urlaub in einer Ferienwohnung in Villn\u00f6ss S\u00fcdtirol. Jetzt informieren und kontaktieren! IT","og_url":"https:\/\/lippmoeshof.it\/it\/note-legali\/","og_site_name":"Lippm\u00f6shof Apartments S\u00fcdtirol","article_modified_time":"2025-12-03T14:55:10+00:00","twitter_card":"summary_large_image","twitter_misc":{"Tempo di lettura stimato":"3 minuti"},"schema":{"@context":"https:\/\/schema.org","@graph":[{"@type":"WebPage","@id":"https:\/\/lippmoeshof.it\/it\/note-legali\/","url":"https:\/\/lippmoeshof.it\/it\/note-legali\/","name":"Note legali | Lippm\u00f6shof Apartments S\u00fcdtirol","isPartOf":{"@id":"https:\/\/lippmoeshof.it\/it\/#website"},"datePublished":"2022-01-11T14:13:37+00:00","dateModified":"2025-12-03T14:55:10+00:00","description":"Genie\u00dfen Sie einen traumhaften Urlaub in einer Ferienwohnung in Villn\u00f6ss S\u00fcdtirol. Jetzt informieren und kontaktieren! IT","breadcrumb":{"@id":"https:\/\/lippmoeshof.it\/it\/note-legali\/#breadcrumb"},"inLanguage":"it-IT","potentialAction":[{"@type":"ReadAction","target":["https:\/\/lippmoeshof.it\/it\/note-legali\/"]}]},{"@type":"BreadcrumbList","@id":"https:\/\/lippmoeshof.it\/it\/note-legali\/#breadcrumb","itemListElement":[{"@type":"ListItem","position":1,"name":"Startseite","item":"https:\/\/lippmoeshof.it\/it\/"},{"@type":"ListItem","position":2,"name":"Note legali"}]},{"@type":"WebSite","@id":"https:\/\/lippmoeshof.it\/it\/#website","url":"https:\/\/lippmoeshof.it\/it\/","name":"Lippm\u00f6shof Apartments S\u00fcdtirol","description":"Apartments in Villn\u00f6ss Dolomiten","publisher":{"@id":"https:\/\/lippmoeshof.it\/it\/#organization"},"potentialAction":[{"@type":"SearchAction","target":{"@type":"EntryPoint","urlTemplate":"https:\/\/lippmoeshof.it\/it\/?s={search_term_string}"},"query-input":{"@type":"PropertyValueSpecification","valueRequired":true,"valueName":"search_term_string"}}],"inLanguage":"it-IT"},{"@type":"Organization","@id":"https:\/\/lippmoeshof.it\/it\/#organization","name":"Lippmoeshof","url":"https:\/\/lippmoeshof.it\/it\/","logo":{"@type":"ImageObject","inLanguage":"it-IT","@id":"https:\/\/lippmoeshof.it\/it\/#\/schema\/logo\/image\/","url":"https:\/\/lippmoeshof.it\/wp-content\/uploads\/2021\/09\/lippmoeshof-logo-original-1.svg","contentUrl":"https:\/\/lippmoeshof.it\/wp-content\/uploads\/2021\/09\/lippmoeshof-logo-original-1.svg","width":283,"height":133,"caption":"Lippmoeshof"},"image":{"@id":"https:\/\/lippmoeshof.it\/it\/#\/schema\/logo\/image\/"}}]}},"_links":{"self":[{"href":"https:\/\/lippmoeshof.it\/it\/wp-json\/wp\/v2\/pages\/5114","targetHints":{"allow":["GET"]}}],"collection":[{"href":"https:\/\/lippmoeshof.it\/it\/wp-json\/wp\/v2\/pages"}],"about":[{"href":"https:\/\/lippmoeshof.it\/it\/wp-json\/wp\/v2\/types\/page"}],"author":[{"embeddable":true,"href":"https:\/\/lippmoeshof.it\/it\/wp-json\/wp\/v2\/users\/1"}],"replies":[{"embeddable":true,"href":"https:\/\/lippmoeshof.it\/it\/wp-json\/wp\/v2\/comments?post=5114"}],"version-history":[{"count":9,"href":"https:\/\/lippmoeshof.it\/it\/wp-json\/wp\/v2\/pages\/5114\/revisions"}],"predecessor-version":[{"id":9744,"href":"https:\/\/lippmoeshof.it\/it\/wp-json\/wp\/v2\/pages\/5114\/revisions\/9744"}],"wp:attachment":[{"href":"https:\/\/lippmoeshof.it\/it\/wp-json\/wp\/v2\/media?parent=5114"}],"curies":[{"name":"wp","href":"https:\/\/api.w.org\/{rel}","templated":true}]}}