{"id":5106,"date":"2022-01-11T14:46:10","date_gmt":"2022-01-11T13:46:10","guid":{"rendered":"https:\/\/lippmoeshof.it\/dolomiti-card-funes\/"},"modified":"2023-11-14T15:14:57","modified_gmt":"2023-11-14T14:14:57","slug":"dolomiti-card-funes","status":"publish","type":"page","link":"https:\/\/lippmoeshof.it\/it\/dolomiti-card-funes\/","title":{"rendered":"Dolomiti Card &#8211; Funes"},"content":{"rendered":"\t\t<div data-elementor-type=\"wp-page\" data-elementor-id=\"5106\" class=\"elementor elementor-5106 elementor-220\" data-elementor-post-type=\"page\">\n\t\t\t\t\t\t<section data-dce-background-image-url=\"https:\/\/lippmoeshof.it\/wp-content\/uploads\/2021\/12\/mobilcard-suedtirol-manuelkot.jpg\" class=\"elementor-section elementor-top-section elementor-element elementor-element-1b20298b elementor-section-full_width elementor-section-height-min-height elementor-section-height-default elementor-section-items-middle\" data-id=\"1b20298b\" data-element_type=\"section\" data-e-type=\"section\" data-settings=\"{&quot;background_background&quot;:&quot;classic&quot;,&quot;background_motion_fx_motion_fx_scrolling&quot;:&quot;yes&quot;,&quot;background_motion_fx_translateY_effect&quot;:&quot;yes&quot;,&quot;background_motion_fx_translateY_speed&quot;:{&quot;unit&quot;:&quot;px&quot;,&quot;size&quot;:2.5,&quot;sizes&quot;:[]},&quot;background_motion_fx_translateY_affectedRange&quot;:{&quot;unit&quot;:&quot;%&quot;,&quot;size&quot;:&quot;&quot;,&quot;sizes&quot;:{&quot;start&quot;:5,&quot;end&quot;:95}},&quot;shape_divider_bottom&quot;:&quot;opacity-tilt&quot;,&quot;background_motion_fx_devices&quot;:[&quot;desktop&quot;,&quot;tablet&quot;,&quot;mobile&quot;]}\">\n\t\t\t\t\t<div class=\"elementor-shape elementor-shape-bottom\" aria-hidden=\"true\" data-negative=\"false\">\n\t\t\t<svg xmlns=\"http:\/\/www.w3.org\/2000\/svg\" viewBox=\"0 0 2600 131.1\" preserveAspectRatio=\"none\">\n\t<path class=\"elementor-shape-fill\" d=\"M0 0L2600 0 2600 69.1 0 0z\"\/>\n\t<path class=\"elementor-shape-fill\" style=\"opacity:0.5\" d=\"M0 0L2600 0 2600 69.1 0 69.1z\"\/>\n\t<path class=\"elementor-shape-fill\" style=\"opacity:0.25\" d=\"M2600 0L0 0 0 130.1 2600 69.1z\"\/>\n<\/svg>\t\t<\/div>\n\t\t\t\t\t<div class=\"elementor-container elementor-column-gap-default\">\n\t\t\t\t\t<div class=\"elementor-column elementor-col-100 elementor-top-column elementor-element elementor-element-2d29fade\" data-id=\"2d29fade\" data-element_type=\"column\" data-e-type=\"column\">\n\t\t\t<div class=\"elementor-widget-wrap\">\n\t\t\t\t\t\t\t<\/div>\n\t\t<\/div>\n\t\t\t\t\t<\/div>\n\t\t<\/section>\n\t\t\t\t<section class=\"elementor-section elementor-top-section elementor-element elementor-element-63c6f741 elementor-section-boxed elementor-section-height-default elementor-section-height-default\" data-id=\"63c6f741\" data-element_type=\"section\" data-e-type=\"section\">\n\t\t\t\t\t\t<div class=\"elementor-container elementor-column-gap-default\">\n\t\t\t\t\t<div class=\"elementor-column elementor-col-100 elementor-top-column elementor-element elementor-element-250454f9\" data-id=\"250454f9\" data-element_type=\"column\" data-e-type=\"column\">\n\t\t\t<div class=\"elementor-widget-wrap elementor-element-populated\">\n\t\t\t\t\t\t<div class=\"elementor-element elementor-element-6195312e elementor-widget elementor-widget-heading\" data-id=\"6195312e\" data-element_type=\"widget\" data-e-type=\"widget\" data-widget_type=\"heading.default\">\n\t\t\t\t<div class=\"elementor-widget-container\">\n\t\t\t\t\t<h2 class=\"elementor-heading-title elementor-size-default\">Dolomiti Mobil Card All Inclusive<\/h2>\t\t\t\t<\/div>\n\t\t\t\t<\/div>\n\t\t\t\t<div class=\"elementor-element elementor-element-509f88aa elementor-widget elementor-widget-heading\" data-id=\"509f88aa\" data-element_type=\"widget\" data-e-type=\"widget\" data-widget_type=\"heading.default\">\n\t\t\t\t<div class=\"elementor-widget-container\">\n\t\t\t\t\t<h6 class=\"elementor-heading-title elementor-size-default\">La tessera offre\u2026<\/h6>\t\t\t\t<\/div>\n\t\t\t\t<\/div>\n\t\t\t\t\t<\/div>\n\t\t<\/div>\n\t\t\t\t\t<\/div>\n\t\t<\/section>\n\t\t\t\t<section class=\"elementor-section elementor-top-section elementor-element elementor-element-53e25bd9 elementor-section-boxed elementor-section-height-default elementor-section-height-default\" data-id=\"53e25bd9\" data-element_type=\"section\" data-e-type=\"section\">\n\t\t\t\t\t\t<div class=\"elementor-container elementor-column-gap-default\">\n\t\t\t\t\t<div class=\"elementor-column elementor-col-100 elementor-top-column elementor-element elementor-element-b39f354\" data-id=\"b39f354\" data-element_type=\"column\" data-e-type=\"column\">\n\t\t\t<div class=\"elementor-widget-wrap elementor-element-populated\">\n\t\t\t\t\t\t<section class=\"elementor-section elementor-inner-section elementor-element elementor-element-ed06de0 elementor-section-content-middle elementor-section-boxed elementor-section-height-default elementor-section-height-default\" data-id=\"ed06de0\" data-element_type=\"section\" data-e-type=\"section\">\n\t\t\t\t\t\t<div class=\"elementor-container elementor-column-gap-default\">\n\t\t\t\t\t<div class=\"elementor-column elementor-col-50 elementor-inner-column elementor-element elementor-element-c65d9e8\" data-id=\"c65d9e8\" data-element_type=\"column\" data-e-type=\"column\">\n\t\t\t<div class=\"elementor-widget-wrap elementor-element-populated\">\n\t\t\t\t\t\t<div class=\"elementor-element elementor-element-f8be011 elementor-widget elementor-widget-image\" data-id=\"f8be011\" data-element_type=\"widget\" data-e-type=\"widget\" data-widget_type=\"image.default\">\n\t\t\t\t<div class=\"elementor-widget-container\">\n\t\t\t\t\t\t\t\t\t\t\t\t\t\t\t\t<a href=\"https:\/\/www.dolomiticard-villnoess.com\/it.html\">\n\t\t\t\t\t\t\t<img fetchpriority=\"high\" decoding=\"async\" width=\"800\" height=\"534\" src=\"https:\/\/lippmoeshof.it\/wp-content\/uploads\/2021\/09\/dolomiti-mobil-card-villnoess-1024x683.jpg\" class=\"attachment-large size-large wp-image-4885\" alt=\"\" srcset=\"https:\/\/lippmoeshof.it\/wp-content\/uploads\/2021\/09\/dolomiti-mobil-card-villnoess-1024x683.jpg 1024w, https:\/\/lippmoeshof.it\/wp-content\/uploads\/2021\/09\/dolomiti-mobil-card-villnoess-300x200.jpg 300w, https:\/\/lippmoeshof.it\/wp-content\/uploads\/2021\/09\/dolomiti-mobil-card-villnoess-768x512.jpg 768w, https:\/\/lippmoeshof.it\/wp-content\/uploads\/2021\/09\/dolomiti-mobil-card-villnoess.jpg 1500w\" sizes=\"(max-width: 800px) 100vw, 800px\" \/>\t\t\t\t\t\t\t\t<\/a>\n\t\t\t\t\t\t\t\t\t\t\t\t\t\t\t<\/div>\n\t\t\t\t<\/div>\n\t\t\t\t\t<\/div>\n\t\t<\/div>\n\t\t\t\t<div class=\"elementor-column elementor-col-50 elementor-inner-column elementor-element elementor-element-15d554d\" data-id=\"15d554d\" data-element_type=\"column\" data-e-type=\"column\">\n\t\t\t<div class=\"elementor-widget-wrap elementor-element-populated\">\n\t\t\t\t\t\t<div class=\"elementor-element elementor-element-32920a5 elementor-widget elementor-widget-text-editor\" data-id=\"32920a5\" data-element_type=\"widget\" data-e-type=\"widget\" data-widget_type=\"text-editor.default\">\n\t\t\t\t<div class=\"elementor-widget-container\">\n\t\t\t\t\t\t\t\t\t<p>La DolomitiMobil Card viene rilasciata gratuitamente a tutti gli ospiti delle strutture partecipanti all\u2019iniziativa della Val di Funes e offre tanti vantaggi sia d\u2019estate sia d\u2019inverno.<\/p>\t\t\t\t\t\t\t\t<\/div>\n\t\t\t\t<\/div>\n\t\t\t\t<div class=\"elementor-element elementor-element-ae46e3a elementor-widget elementor-widget-button\" data-id=\"ae46e3a\" data-element_type=\"widget\" data-e-type=\"widget\" data-widget_type=\"button.default\">\n\t\t\t\t<div class=\"elementor-widget-container\">\n\t\t\t\t\t\t\t\t\t<div class=\"elementor-button-wrapper\">\n\t\t\t\t\t<a class=\"elementor-button elementor-button-link elementor-size-sm\" href=\"https:\/\/www.dolomiticard-villnoess.com\/it.html\" target=\"_blank\">\n\t\t\t\t\t\t<span class=\"elementor-button-content-wrapper\">\n\t\t\t\t\t\t\t\t\t<span class=\"elementor-button-text\">ulteriori informazioni<\/span>\n\t\t\t\t\t<\/span>\n\t\t\t\t\t<\/a>\n\t\t\t\t<\/div>\n\t\t\t\t\t\t\t\t<\/div>\n\t\t\t\t<\/div>\n\t\t\t\t\t<\/div>\n\t\t<\/div>\n\t\t\t\t\t<\/div>\n\t\t<\/section>\n\t\t\t\t\t<\/div>\n\t\t<\/div>\n\t\t\t\t\t<\/div>\n\t\t<\/section>\n\t\t\t\t<\/div>\n\t\t","protected":false},"excerpt":{"rendered":"<p>Dolomiti Mobil Card All Inclusive La tessera offre\u2026 La DolomitiMobil Card viene rilasciata gratuitamente a tutti gli ospiti delle strutture partecipanti all\u2019iniziativa della Val di Funes e offre tanti vantaggi sia d\u2019estate sia d\u2019inverno. ulteriori informazioni<\/p>\n","protected":false},"author":1,"featured_media":0,"parent":0,"menu_order":0,"comment_status":"closed","ping_status":"closed","template":"","meta":{"footnotes":""},"class_list":["post-5106","page","type-page","status-publish","hentry"],"yoast_head":"<!-- This site is optimized with the Yoast SEO plugin v27.3 - https:\/\/yoast.com\/product\/yoast-seo-wordpress\/ -->\n<title>Dolomiti Card - Funes | Lippm\u00f6shof Apartments S\u00fcdtirol<\/title>\n<meta name=\"description\" content=\"Tutti gli ospiti ricevono gratuitamente la Dolomiti Mobil Card, che offre diversi vantaggi sia in estate che in inverno.\" \/>\n<meta name=\"robots\" content=\"index, follow, max-snippet:-1, max-image-preview:large, max-video-preview:-1\" \/>\n<link rel=\"canonical\" href=\"https:\/\/lippmoeshof.it\/it\/dolomiti-card-funes\/\" \/>\n<meta property=\"og:locale\" content=\"it_IT\" \/>\n<meta property=\"og:type\" content=\"article\" \/>\n<meta property=\"og:title\" content=\"Dolomiti Card - Funes | Lippm\u00f6shof Apartments S\u00fcdtirol\" \/>\n<meta property=\"og:description\" content=\"Tutti gli ospiti ricevono gratuitamente la Dolomiti Mobil Card, che offre diversi vantaggi sia in estate che in inverno.\" \/>\n<meta property=\"og:url\" content=\"https:\/\/lippmoeshof.it\/it\/dolomiti-card-funes\/\" \/>\n<meta property=\"og:site_name\" content=\"Lippm\u00f6shof Apartments S\u00fcdtirol\" \/>\n<meta property=\"article:modified_time\" content=\"2023-11-14T14:14:57+00:00\" \/>\n<meta property=\"og:image\" content=\"https:\/\/lippmoeshof.it\/wp-content\/uploads\/2021\/09\/dolomiti-mobil-card-villnoess-1024x683.jpg\" \/>\n<meta name=\"twitter:card\" content=\"summary_large_image\" \/>\n<meta name=\"twitter:label1\" content=\"Tempo di lettura stimato\" \/>\n\t<meta name=\"twitter:data1\" content=\"2 minuti\" \/>\n<script type=\"application\/ld+json\" class=\"yoast-schema-graph\">{\"@context\":\"https:\\\/\\\/schema.org\",\"@graph\":[{\"@type\":\"WebPage\",\"@id\":\"https:\\\/\\\/lippmoeshof.it\\\/it\\\/dolomiti-card-funes\\\/\",\"url\":\"https:\\\/\\\/lippmoeshof.it\\\/it\\\/dolomiti-card-funes\\\/\",\"name\":\"Dolomiti Card - Funes | Lippm\u00f6shof Apartments S\u00fcdtirol\",\"isPartOf\":{\"@id\":\"https:\\\/\\\/lippmoeshof.it\\\/it\\\/#website\"},\"primaryImageOfPage\":{\"@id\":\"https:\\\/\\\/lippmoeshof.it\\\/it\\\/dolomiti-card-funes\\\/#primaryimage\"},\"image\":{\"@id\":\"https:\\\/\\\/lippmoeshof.it\\\/it\\\/dolomiti-card-funes\\\/#primaryimage\"},\"thumbnailUrl\":\"https:\\\/\\\/lippmoeshof.it\\\/wp-content\\\/uploads\\\/2021\\\/09\\\/dolomiti-mobil-card-villnoess-1024x683.jpg\",\"datePublished\":\"2022-01-11T13:46:10+00:00\",\"dateModified\":\"2023-11-14T14:14:57+00:00\",\"description\":\"Tutti gli ospiti ricevono gratuitamente la Dolomiti Mobil Card, che offre diversi vantaggi sia in estate che in inverno.\",\"breadcrumb\":{\"@id\":\"https:\\\/\\\/lippmoeshof.it\\\/it\\\/dolomiti-card-funes\\\/#breadcrumb\"},\"inLanguage\":\"it-IT\",\"potentialAction\":[{\"@type\":\"ReadAction\",\"target\":[\"https:\\\/\\\/lippmoeshof.it\\\/it\\\/dolomiti-card-funes\\\/\"]}]},{\"@type\":\"ImageObject\",\"inLanguage\":\"it-IT\",\"@id\":\"https:\\\/\\\/lippmoeshof.it\\\/it\\\/dolomiti-card-funes\\\/#primaryimage\",\"url\":\"https:\\\/\\\/lippmoeshof.it\\\/wp-content\\\/uploads\\\/2021\\\/09\\\/dolomiti-mobil-card-villnoess-1024x683.jpg\",\"contentUrl\":\"https:\\\/\\\/lippmoeshof.it\\\/wp-content\\\/uploads\\\/2021\\\/09\\\/dolomiti-mobil-card-villnoess-1024x683.jpg\"},{\"@type\":\"BreadcrumbList\",\"@id\":\"https:\\\/\\\/lippmoeshof.it\\\/it\\\/dolomiti-card-funes\\\/#breadcrumb\",\"itemListElement\":[{\"@type\":\"ListItem\",\"position\":1,\"name\":\"Startseite\",\"item\":\"https:\\\/\\\/lippmoeshof.it\\\/it\\\/\"},{\"@type\":\"ListItem\",\"position\":2,\"name\":\"Dolomiti Card &#8211; Funes\"}]},{\"@type\":\"WebSite\",\"@id\":\"https:\\\/\\\/lippmoeshof.it\\\/it\\\/#website\",\"url\":\"https:\\\/\\\/lippmoeshof.it\\\/it\\\/\",\"name\":\"Lippm\u00f6shof Apartments S\u00fcdtirol\",\"description\":\"Apartments in Villn\u00f6ss Dolomiten\",\"publisher\":{\"@id\":\"https:\\\/\\\/lippmoeshof.it\\\/it\\\/#organization\"},\"potentialAction\":[{\"@type\":\"SearchAction\",\"target\":{\"@type\":\"EntryPoint\",\"urlTemplate\":\"https:\\\/\\\/lippmoeshof.it\\\/it\\\/?s={search_term_string}\"},\"query-input\":{\"@type\":\"PropertyValueSpecification\",\"valueRequired\":true,\"valueName\":\"search_term_string\"}}],\"inLanguage\":\"it-IT\"},{\"@type\":\"Organization\",\"@id\":\"https:\\\/\\\/lippmoeshof.it\\\/it\\\/#organization\",\"name\":\"Lippmoeshof\",\"url\":\"https:\\\/\\\/lippmoeshof.it\\\/it\\\/\",\"logo\":{\"@type\":\"ImageObject\",\"inLanguage\":\"it-IT\",\"@id\":\"https:\\\/\\\/lippmoeshof.it\\\/it\\\/#\\\/schema\\\/logo\\\/image\\\/\",\"url\":\"https:\\\/\\\/lippmoeshof.it\\\/wp-content\\\/uploads\\\/2021\\\/09\\\/lippmoeshof-logo-original-1.svg\",\"contentUrl\":\"https:\\\/\\\/lippmoeshof.it\\\/wp-content\\\/uploads\\\/2021\\\/09\\\/lippmoeshof-logo-original-1.svg\",\"width\":283,\"height\":133,\"caption\":\"Lippmoeshof\"},\"image\":{\"@id\":\"https:\\\/\\\/lippmoeshof.it\\\/it\\\/#\\\/schema\\\/logo\\\/image\\\/\"}}]}<\/script>\n<!-- \/ Yoast SEO plugin. -->","yoast_head_json":{"title":"Dolomiti Card - Funes | Lippm\u00f6shof Apartments S\u00fcdtirol","description":"Tutti gli ospiti ricevono gratuitamente la Dolomiti Mobil Card, che offre diversi vantaggi sia in estate che in inverno.","robots":{"index":"index","follow":"follow","max-snippet":"max-snippet:-1","max-image-preview":"max-image-preview:large","max-video-preview":"max-video-preview:-1"},"canonical":"https:\/\/lippmoeshof.it\/it\/dolomiti-card-funes\/","og_locale":"it_IT","og_type":"article","og_title":"Dolomiti Card - Funes | Lippm\u00f6shof Apartments S\u00fcdtirol","og_description":"Tutti gli ospiti ricevono gratuitamente la Dolomiti Mobil Card, che offre diversi vantaggi sia in estate che in inverno.","og_url":"https:\/\/lippmoeshof.it\/it\/dolomiti-card-funes\/","og_site_name":"Lippm\u00f6shof Apartments S\u00fcdtirol","article_modified_time":"2023-11-14T14:14:57+00:00","og_image":[{"url":"https:\/\/lippmoeshof.it\/wp-content\/uploads\/2021\/09\/dolomiti-mobil-card-villnoess-1024x683.jpg","type":"","width":"","height":""}],"twitter_card":"summary_large_image","twitter_misc":{"Tempo di lettura stimato":"2 minuti"},"schema":{"@context":"https:\/\/schema.org","@graph":[{"@type":"WebPage","@id":"https:\/\/lippmoeshof.it\/it\/dolomiti-card-funes\/","url":"https:\/\/lippmoeshof.it\/it\/dolomiti-card-funes\/","name":"Dolomiti Card - Funes | Lippm\u00f6shof Apartments S\u00fcdtirol","isPartOf":{"@id":"https:\/\/lippmoeshof.it\/it\/#website"},"primaryImageOfPage":{"@id":"https:\/\/lippmoeshof.it\/it\/dolomiti-card-funes\/#primaryimage"},"image":{"@id":"https:\/\/lippmoeshof.it\/it\/dolomiti-card-funes\/#primaryimage"},"thumbnailUrl":"https:\/\/lippmoeshof.it\/wp-content\/uploads\/2021\/09\/dolomiti-mobil-card-villnoess-1024x683.jpg","datePublished":"2022-01-11T13:46:10+00:00","dateModified":"2023-11-14T14:14:57+00:00","description":"Tutti gli ospiti ricevono gratuitamente la Dolomiti Mobil Card, che offre diversi vantaggi sia in estate che in inverno.","breadcrumb":{"@id":"https:\/\/lippmoeshof.it\/it\/dolomiti-card-funes\/#breadcrumb"},"inLanguage":"it-IT","potentialAction":[{"@type":"ReadAction","target":["https:\/\/lippmoeshof.it\/it\/dolomiti-card-funes\/"]}]},{"@type":"ImageObject","inLanguage":"it-IT","@id":"https:\/\/lippmoeshof.it\/it\/dolomiti-card-funes\/#primaryimage","url":"https:\/\/lippmoeshof.it\/wp-content\/uploads\/2021\/09\/dolomiti-mobil-card-villnoess-1024x683.jpg","contentUrl":"https:\/\/lippmoeshof.it\/wp-content\/uploads\/2021\/09\/dolomiti-mobil-card-villnoess-1024x683.jpg"},{"@type":"BreadcrumbList","@id":"https:\/\/lippmoeshof.it\/it\/dolomiti-card-funes\/#breadcrumb","itemListElement":[{"@type":"ListItem","position":1,"name":"Startseite","item":"https:\/\/lippmoeshof.it\/it\/"},{"@type":"ListItem","position":2,"name":"Dolomiti Card &#8211; Funes"}]},{"@type":"WebSite","@id":"https:\/\/lippmoeshof.it\/it\/#website","url":"https:\/\/lippmoeshof.it\/it\/","name":"Lippm\u00f6shof Apartments S\u00fcdtirol","description":"Apartments in Villn\u00f6ss Dolomiten","publisher":{"@id":"https:\/\/lippmoeshof.it\/it\/#organization"},"potentialAction":[{"@type":"SearchAction","target":{"@type":"EntryPoint","urlTemplate":"https:\/\/lippmoeshof.it\/it\/?s={search_term_string}"},"query-input":{"@type":"PropertyValueSpecification","valueRequired":true,"valueName":"search_term_string"}}],"inLanguage":"it-IT"},{"@type":"Organization","@id":"https:\/\/lippmoeshof.it\/it\/#organization","name":"Lippmoeshof","url":"https:\/\/lippmoeshof.it\/it\/","logo":{"@type":"ImageObject","inLanguage":"it-IT","@id":"https:\/\/lippmoeshof.it\/it\/#\/schema\/logo\/image\/","url":"https:\/\/lippmoeshof.it\/wp-content\/uploads\/2021\/09\/lippmoeshof-logo-original-1.svg","contentUrl":"https:\/\/lippmoeshof.it\/wp-content\/uploads\/2021\/09\/lippmoeshof-logo-original-1.svg","width":283,"height":133,"caption":"Lippmoeshof"},"image":{"@id":"https:\/\/lippmoeshof.it\/it\/#\/schema\/logo\/image\/"}}]}},"_links":{"self":[{"href":"https:\/\/lippmoeshof.it\/it\/wp-json\/wp\/v2\/pages\/5106","targetHints":{"allow":["GET"]}}],"collection":[{"href":"https:\/\/lippmoeshof.it\/it\/wp-json\/wp\/v2\/pages"}],"about":[{"href":"https:\/\/lippmoeshof.it\/it\/wp-json\/wp\/v2\/types\/page"}],"author":[{"embeddable":true,"href":"https:\/\/lippmoeshof.it\/it\/wp-json\/wp\/v2\/users\/1"}],"replies":[{"embeddable":true,"href":"https:\/\/lippmoeshof.it\/it\/wp-json\/wp\/v2\/comments?post=5106"}],"version-history":[{"count":3,"href":"https:\/\/lippmoeshof.it\/it\/wp-json\/wp\/v2\/pages\/5106\/revisions"}],"predecessor-version":[{"id":8511,"href":"https:\/\/lippmoeshof.it\/it\/wp-json\/wp\/v2\/pages\/5106\/revisions\/8511"}],"wp:attachment":[{"href":"https:\/\/lippmoeshof.it\/it\/wp-json\/wp\/v2\/media?parent=5106"}],"curies":[{"name":"wp","href":"https:\/\/api.w.org\/{rel}","templated":true}]}}