{"id":5090,"date":"2022-01-11T14:31:58","date_gmt":"2022-01-11T13:31:58","guid":{"rendered":"https:\/\/lippmoeshof.it\/in-bici-nelle-dolomiti\/"},"modified":"2022-01-14T12:09:33","modified_gmt":"2022-01-14T11:09:33","slug":"in-bici-nelle-dolomiti","status":"publish","type":"page","link":"https:\/\/lippmoeshof.it\/it\/in-bici-nelle-dolomiti\/","title":{"rendered":"In bici"},"content":{"rendered":"\t\t<div data-elementor-type=\"wp-page\" data-elementor-id=\"5090\" class=\"elementor elementor-5090 elementor-208\" data-elementor-post-type=\"page\">\n\t\t\t\t\t\t<section data-dce-background-image-url=\"https:\/\/lippmoeshof.it\/wp-content\/uploads\/2021\/12\/biken-herbst-trail-suedtirol-andreasmir.jpg\" class=\"elementor-section elementor-top-section elementor-element elementor-element-39b5506d elementor-section-full_width elementor-section-height-min-height elementor-section-height-default elementor-section-items-middle\" data-id=\"39b5506d\" data-element_type=\"section\" data-e-type=\"section\" data-settings=\"{&quot;background_background&quot;:&quot;classic&quot;,&quot;background_motion_fx_motion_fx_scrolling&quot;:&quot;yes&quot;,&quot;background_motion_fx_translateY_effect&quot;:&quot;yes&quot;,&quot;background_motion_fx_translateY_speed&quot;:{&quot;unit&quot;:&quot;px&quot;,&quot;size&quot;:2.5,&quot;sizes&quot;:[]},&quot;background_motion_fx_translateY_affectedRange&quot;:{&quot;unit&quot;:&quot;%&quot;,&quot;size&quot;:&quot;&quot;,&quot;sizes&quot;:{&quot;start&quot;:5,&quot;end&quot;:95}},&quot;shape_divider_bottom&quot;:&quot;opacity-tilt&quot;,&quot;background_motion_fx_devices&quot;:[&quot;desktop&quot;,&quot;tablet&quot;,&quot;mobile&quot;]}\">\n\t\t\t\t\t<div class=\"elementor-shape elementor-shape-bottom\" aria-hidden=\"true\" data-negative=\"false\">\n\t\t\t<svg xmlns=\"http:\/\/www.w3.org\/2000\/svg\" viewBox=\"0 0 2600 131.1\" preserveAspectRatio=\"none\">\n\t<path class=\"elementor-shape-fill\" d=\"M0 0L2600 0 2600 69.1 0 0z\"\/>\n\t<path class=\"elementor-shape-fill\" style=\"opacity:0.5\" d=\"M0 0L2600 0 2600 69.1 0 69.1z\"\/>\n\t<path class=\"elementor-shape-fill\" style=\"opacity:0.25\" d=\"M2600 0L0 0 0 130.1 2600 69.1z\"\/>\n<\/svg>\t\t<\/div>\n\t\t\t\t\t<div class=\"elementor-container elementor-column-gap-default\">\n\t\t\t\t\t<div class=\"elementor-column elementor-col-100 elementor-top-column elementor-element elementor-element-dddda65\" data-id=\"dddda65\" data-element_type=\"column\" data-e-type=\"column\">\n\t\t\t<div class=\"elementor-widget-wrap\">\n\t\t\t\t\t\t\t<\/div>\n\t\t<\/div>\n\t\t\t\t\t<\/div>\n\t\t<\/section>\n\t\t\t\t<section class=\"elementor-section elementor-top-section elementor-element elementor-element-70037778 elementor-section-boxed elementor-section-height-default elementor-section-height-default\" data-id=\"70037778\" data-element_type=\"section\" data-e-type=\"section\">\n\t\t\t\t\t\t<div class=\"elementor-container elementor-column-gap-default\">\n\t\t\t\t\t<div class=\"elementor-column elementor-col-100 elementor-top-column elementor-element elementor-element-4a5ff117\" data-id=\"4a5ff117\" data-element_type=\"column\" data-e-type=\"column\">\n\t\t\t<div class=\"elementor-widget-wrap elementor-element-populated\">\n\t\t\t\t\t\t<div class=\"elementor-element elementor-element-24895728 elementor-widget elementor-widget-heading\" data-id=\"24895728\" data-element_type=\"widget\" data-e-type=\"widget\" data-widget_type=\"heading.default\">\n\t\t\t\t<div class=\"elementor-widget-container\">\n\t\t\t\t\t<h2 class=\"elementor-heading-title elementor-size-default\">Scoprire l\u2019Alto Adige in bicicletta<\/h2>\t\t\t\t<\/div>\n\t\t\t\t<\/div>\n\t\t\t\t<div class=\"elementor-element elementor-element-3963f003 elementor-widget elementor-widget-heading\" data-id=\"3963f003\" data-element_type=\"widget\" data-e-type=\"widget\" data-widget_type=\"heading.default\">\n\t\t\t\t<div class=\"elementor-widget-container\">\n\t\t\t\t\t<h6 class=\"elementor-heading-title elementor-size-default\">LE Dolomiti, FUNES E L'ALTO ADIGE IN BICI<\/h6>\t\t\t\t<\/div>\n\t\t\t\t<\/div>\n\t\t\t\t\t<\/div>\n\t\t<\/div>\n\t\t\t\t\t<\/div>\n\t\t<\/section>\n\t\t\t\t<section class=\"elementor-section elementor-top-section elementor-element elementor-element-1bb1b02b elementor-section-full_width animated-slow elementor-section-height-default elementor-section-height-default elementor-invisible\" data-id=\"1bb1b02b\" data-element_type=\"section\" data-e-type=\"section\" data-settings=\"{&quot;animation&quot;:&quot;fadeIn&quot;,&quot;animation_delay&quot;:100}\">\n\t\t\t\t\t\t<div class=\"elementor-container elementor-column-gap-default\">\n\t\t\t\t\t<div data-dce-background-image-url=\"https:\/\/lippmoeshof.it\/wp-content\/uploads\/2021\/09\/ebike-touren-dolomiten-geisler.jpg\" class=\"elementor-column elementor-col-50 elementor-top-column elementor-element elementor-element-6c97bba9\" data-id=\"6c97bba9\" data-element_type=\"column\" data-e-type=\"column\" data-settings=\"{&quot;background_background&quot;:&quot;classic&quot;}\">\n\t\t\t<div class=\"elementor-widget-wrap elementor-element-populated\">\n\t\t\t\t\t\t<div class=\"elementor-element elementor-element-3a9c111d elementor-widget elementor-widget-spacer\" data-id=\"3a9c111d\" data-element_type=\"widget\" data-e-type=\"widget\" data-widget_type=\"spacer.default\">\n\t\t\t\t<div class=\"elementor-widget-container\">\n\t\t\t\t\t\t\t<div class=\"elementor-spacer\">\n\t\t\t<div class=\"elementor-spacer-inner\"><\/div>\n\t\t<\/div>\n\t\t\t\t\t\t<\/div>\n\t\t\t\t<\/div>\n\t\t\t\t\t<\/div>\n\t\t<\/div>\n\t\t\t\t<div class=\"elementor-column elementor-col-50 elementor-top-column elementor-element elementor-element-2e9b2a9d\" data-id=\"2e9b2a9d\" data-element_type=\"column\" data-e-type=\"column\">\n\t\t\t<div class=\"elementor-widget-wrap elementor-element-populated\">\n\t\t\t\t\t\t<div class=\"elementor-element elementor-element-42cc7599 elementor-widget elementor-widget-heading\" data-id=\"42cc7599\" data-element_type=\"widget\" data-e-type=\"widget\" data-widget_type=\"heading.default\">\n\t\t\t\t<div class=\"elementor-widget-container\">\n\t\t\t\t\t<h6 class=\"elementor-heading-title elementor-size-default\">In bici sulle Dolomiti<\/h6>\t\t\t\t<\/div>\n\t\t\t\t<\/div>\n\t\t\t\t<div class=\"elementor-element elementor-element-27186c83 elementor-widget elementor-widget-heading\" data-id=\"27186c83\" data-element_type=\"widget\" data-e-type=\"widget\" data-widget_type=\"heading.default\">\n\t\t\t\t<div class=\"elementor-widget-container\">\n\t\t\t\t\t<h3 class=\"elementor-heading-title elementor-size-default\">In sella con un panorama da sogno<\/h3>\t\t\t\t<\/div>\n\t\t\t\t<\/div>\n\t\t\t\t<div class=\"elementor-element elementor-element-4d0deb0c elementor-widget elementor-widget-text-editor\" data-id=\"4d0deb0c\" data-element_type=\"widget\" data-e-type=\"widget\" data-widget_type=\"text-editor.default\">\n\t\t\t\t<div class=\"elementor-widget-container\">\n\t\t\t\t\t\t\t\t\t<p>La passione per mountain-bike ed e-bike \u00e8 sempre pi\u00f9 diffusa; soprattutto l\u2019e-bike offre ai pi\u00f9 e ai meno giovani nuove possibilit\u00e0 di esplorare la natura. D\u2019altro canto il bello della mountain-bike \u00e8 che contemporaneamente all\u2019esperienza naturalistica si fa attivit\u00e0 fisica e molti scelgono la mountain-bike proprio per questa unione di sport e natura; in questo modo i tesori del paesaggio altoatesino guadagnano un pizzico di adrenalina.<\/p>\n\t\t\t\t\t\t\t\t<\/div>\n\t\t\t\t<\/div>\n\t\t\t\t<div class=\"elementor-element elementor-element-585e75c4 elementor-widget elementor-widget-button\" data-id=\"585e75c4\" data-element_type=\"widget\" data-e-type=\"widget\" data-settings=\"{&quot;_animation&quot;:&quot;none&quot;}\" data-widget_type=\"button.default\">\n\t\t\t\t<div class=\"elementor-widget-container\">\n\t\t\t\t\t\t\t\t\t<div class=\"elementor-button-wrapper\">\n\t\t\t\t\t<a class=\"elementor-button elementor-button-link elementor-size-sm elementor-animation-pop\" href=\"https:\/\/www.villnoess.com\/it\/attivita\/ciclismo-e-mountain-bike\/e-biken\/\" target=\"_blank\">\n\t\t\t\t\t\t<span class=\"elementor-button-content-wrapper\">\n\t\t\t\t\t\t\t\t\t<span class=\"elementor-button-text\">ULTERIORI INFORMAZIONI<\/span>\n\t\t\t\t\t<\/span>\n\t\t\t\t\t<\/a>\n\t\t\t\t<\/div>\n\t\t\t\t\t\t\t\t<\/div>\n\t\t\t\t<\/div>\n\t\t\t\t\t<\/div>\n\t\t<\/div>\n\t\t\t\t\t<\/div>\n\t\t<\/section>\n\t\t\t\t<section class=\"elementor-section elementor-top-section elementor-element elementor-element-2040b5bf elementor-section-full_width elementor-reverse-mobile animated-slow elementor-section-height-default elementor-section-height-default elementor-invisible\" data-id=\"2040b5bf\" data-element_type=\"section\" data-e-type=\"section\" data-settings=\"{&quot;animation&quot;:&quot;fadeIn&quot;,&quot;animation_delay&quot;:100}\">\n\t\t\t\t\t\t<div class=\"elementor-container elementor-column-gap-default\">\n\t\t\t\t\t<div class=\"elementor-column elementor-col-50 elementor-top-column elementor-element elementor-element-73edf7df\" data-id=\"73edf7df\" data-element_type=\"column\" data-e-type=\"column\">\n\t\t\t<div class=\"elementor-widget-wrap elementor-element-populated\">\n\t\t\t\t\t\t<div class=\"elementor-element elementor-element-70f937c0 elementor-widget elementor-widget-heading\" data-id=\"70f937c0\" data-element_type=\"widget\" data-e-type=\"widget\" data-widget_type=\"heading.default\">\n\t\t\t\t<div class=\"elementor-widget-container\">\n\t\t\t\t\t<h6 class=\"elementor-heading-title elementor-size-default\">Funes eMTB Tour \u2013 bike the Dolomites<\/h6>\t\t\t\t<\/div>\n\t\t\t\t<\/div>\n\t\t\t\t<div class=\"elementor-element elementor-element-6d73b5fb elementor-widget elementor-widget-heading\" data-id=\"6d73b5fb\" data-element_type=\"widget\" data-e-type=\"widget\" data-widget_type=\"heading.default\">\n\t\t\t\t<div class=\"elementor-widget-container\">\n\t\t\t\t\t<h3 class=\"elementor-heading-title elementor-size-default\">Tour guidati in bicicletta<\/h3>\t\t\t\t<\/div>\n\t\t\t\t<\/div>\n\t\t\t\t<div class=\"elementor-element elementor-element-309adb04 elementor-widget elementor-widget-text-editor\" data-id=\"309adb04\" data-element_type=\"widget\" data-e-type=\"widget\" data-widget_type=\"text-editor.default\">\n\t\t\t\t<div class=\"elementor-widget-container\">\n\t\t\t\t\t\t\t\t\t<p>Vedute spettacolari, scenari naturali unici, masi tradizionali, la vostra bici e voi. Il giro delle malghe di Funes conduce, attraverso dolci pendii, a un maso caratteristico che invita a una sosta ai piedi delle Odle di Funes, uno dei posti pi\u00f9 belli delle Dolomiti patrimonio naturale UNESCO. Infine si ritorna al punto di partenza del tour lungo trail e vie panoramiche.<\/p>\n<p>Ulteriori informazioni e prenotazioni sulla pagina web dell\u2019Associazione turistica Dolomiti Val di Funes.<\/p>\n\t\t\t\t\t\t\t\t<\/div>\n\t\t\t\t<\/div>\n\t\t\t\t<div class=\"elementor-element elementor-element-237ec49 elementor-widget elementor-widget-button\" data-id=\"237ec49\" data-element_type=\"widget\" data-e-type=\"widget\" data-widget_type=\"button.default\">\n\t\t\t\t<div class=\"elementor-widget-container\">\n\t\t\t\t\t\t\t\t\t<div class=\"elementor-button-wrapper\">\n\t\t\t\t\t<a class=\"elementor-button elementor-button-link elementor-size-sm\" href=\"https:\/\/www.villnoess.com\/it\/attivita\/ciclismo-e-mountain-bike\/programma-ciclistico\" target=\"_blank\">\n\t\t\t\t\t\t<span class=\"elementor-button-content-wrapper\">\n\t\t\t\t\t\t\t\t\t<span class=\"elementor-button-text\">ULTERIORI INFORMAZIONI<\/span>\n\t\t\t\t\t<\/span>\n\t\t\t\t\t<\/a>\n\t\t\t\t<\/div>\n\t\t\t\t\t\t\t\t<\/div>\n\t\t\t\t<\/div>\n\t\t\t\t\t<\/div>\n\t\t<\/div>\n\t\t\t\t<div data-dce-background-image-url=\"https:\/\/lippmoeshof.it\/wp-content\/uploads\/2021\/12\/geisler-ebike-verleih-alexmo.jpg\" class=\"elementor-column elementor-col-50 elementor-top-column elementor-element elementor-element-31772f8\" data-id=\"31772f8\" data-element_type=\"column\" data-e-type=\"column\" data-settings=\"{&quot;background_background&quot;:&quot;classic&quot;}\">\n\t\t\t<div class=\"elementor-widget-wrap elementor-element-populated\">\n\t\t\t\t\t\t<div class=\"elementor-element elementor-element-bd6603a elementor-widget elementor-widget-spacer\" data-id=\"bd6603a\" data-element_type=\"widget\" data-e-type=\"widget\" data-widget_type=\"spacer.default\">\n\t\t\t\t<div class=\"elementor-widget-container\">\n\t\t\t\t\t\t\t<div class=\"elementor-spacer\">\n\t\t\t<div class=\"elementor-spacer-inner\"><\/div>\n\t\t<\/div>\n\t\t\t\t\t\t<\/div>\n\t\t\t\t<\/div>\n\t\t\t\t\t<\/div>\n\t\t<\/div>\n\t\t\t\t\t<\/div>\n\t\t<\/section>\n\t\t\t\t<\/div>\n\t\t","protected":false},"excerpt":{"rendered":"<p>Scoprire l\u2019Alto Adige in bicicletta LE Dolomiti, FUNES E L&#8217;ALTO ADIGE IN BICI In bici sulle Dolomiti In sella con un panorama da sogno La passione per mountain-bike ed e-bike \u00e8 sempre pi\u00f9 diffusa; soprattutto l\u2019e-bike offre ai pi\u00f9 e ai meno giovani nuove possibilit\u00e0 di esplorare la natura. D\u2019altro canto il bello della mountain-bike [&hellip;]<\/p>\n","protected":false},"author":1,"featured_media":0,"parent":0,"menu_order":0,"comment_status":"closed","ping_status":"closed","template":"","meta":{"footnotes":""},"class_list":["post-5090","page","type-page","status-publish","hentry"],"yoast_head":"<!-- This site is optimized with the Yoast SEO plugin v27.3 - https:\/\/yoast.com\/product\/yoast-seo-wordpress\/ -->\n<title>In bici | Lippm\u00f6shof Apartments S\u00fcdtirol | Funes<\/title>\n<meta name=\"description\" content=\"\u27a4 Vacanza in bici nelle Dolomiti! Vivi un panorama spettacolare e una natura unica sulla tua bicicletta. Vacanze nelle Dolomiti!\" \/>\n<meta name=\"robots\" content=\"index, follow, max-snippet:-1, max-image-preview:large, max-video-preview:-1\" \/>\n<link rel=\"canonical\" href=\"https:\/\/lippmoeshof.it\/it\/in-bici-nelle-dolomiti\/\" \/>\n<meta property=\"og:locale\" content=\"it_IT\" \/>\n<meta property=\"og:type\" content=\"article\" \/>\n<meta property=\"og:title\" content=\"In bici | Lippm\u00f6shof Apartments S\u00fcdtirol | Funes\" \/>\n<meta property=\"og:description\" content=\"\u27a4 Vacanza in bici nelle Dolomiti! Vivi un panorama spettacolare e una natura unica sulla tua bicicletta. Vacanze nelle Dolomiti!\" \/>\n<meta property=\"og:url\" content=\"https:\/\/lippmoeshof.it\/it\/in-bici-nelle-dolomiti\/\" \/>\n<meta property=\"og:site_name\" content=\"Lippm\u00f6shof Apartments S\u00fcdtirol\" \/>\n<meta property=\"article:modified_time\" content=\"2022-01-14T11:09:33+00:00\" \/>\n<meta name=\"twitter:card\" content=\"summary_large_image\" \/>\n<meta name=\"twitter:label1\" content=\"Tempo di lettura stimato\" \/>\n\t<meta name=\"twitter:data1\" content=\"1 minuto\" \/>\n<script type=\"application\/ld+json\" class=\"yoast-schema-graph\">{\"@context\":\"https:\\\/\\\/schema.org\",\"@graph\":[{\"@type\":\"WebPage\",\"@id\":\"https:\\\/\\\/lippmoeshof.it\\\/it\\\/in-bici-nelle-dolomiti\\\/\",\"url\":\"https:\\\/\\\/lippmoeshof.it\\\/it\\\/in-bici-nelle-dolomiti\\\/\",\"name\":\"In bici | Lippm\u00f6shof Apartments S\u00fcdtirol | Funes\",\"isPartOf\":{\"@id\":\"https:\\\/\\\/lippmoeshof.it\\\/it\\\/#website\"},\"datePublished\":\"2022-01-11T13:31:58+00:00\",\"dateModified\":\"2022-01-14T11:09:33+00:00\",\"description\":\"\u27a4 Vacanza in bici nelle Dolomiti! Vivi un panorama spettacolare e una natura unica sulla tua bicicletta. Vacanze nelle Dolomiti!\",\"breadcrumb\":{\"@id\":\"https:\\\/\\\/lippmoeshof.it\\\/it\\\/in-bici-nelle-dolomiti\\\/#breadcrumb\"},\"inLanguage\":\"it-IT\",\"potentialAction\":[{\"@type\":\"ReadAction\",\"target\":[\"https:\\\/\\\/lippmoeshof.it\\\/it\\\/in-bici-nelle-dolomiti\\\/\"]}]},{\"@type\":\"BreadcrumbList\",\"@id\":\"https:\\\/\\\/lippmoeshof.it\\\/it\\\/in-bici-nelle-dolomiti\\\/#breadcrumb\",\"itemListElement\":[{\"@type\":\"ListItem\",\"position\":1,\"name\":\"Startseite\",\"item\":\"https:\\\/\\\/lippmoeshof.it\\\/it\\\/\"},{\"@type\":\"ListItem\",\"position\":2,\"name\":\"In bici\"}]},{\"@type\":\"WebSite\",\"@id\":\"https:\\\/\\\/lippmoeshof.it\\\/it\\\/#website\",\"url\":\"https:\\\/\\\/lippmoeshof.it\\\/it\\\/\",\"name\":\"Lippm\u00f6shof Apartments S\u00fcdtirol\",\"description\":\"Apartments in Villn\u00f6ss Dolomiten\",\"publisher\":{\"@id\":\"https:\\\/\\\/lippmoeshof.it\\\/it\\\/#organization\"},\"potentialAction\":[{\"@type\":\"SearchAction\",\"target\":{\"@type\":\"EntryPoint\",\"urlTemplate\":\"https:\\\/\\\/lippmoeshof.it\\\/it\\\/?s={search_term_string}\"},\"query-input\":{\"@type\":\"PropertyValueSpecification\",\"valueRequired\":true,\"valueName\":\"search_term_string\"}}],\"inLanguage\":\"it-IT\"},{\"@type\":\"Organization\",\"@id\":\"https:\\\/\\\/lippmoeshof.it\\\/it\\\/#organization\",\"name\":\"Lippmoeshof\",\"url\":\"https:\\\/\\\/lippmoeshof.it\\\/it\\\/\",\"logo\":{\"@type\":\"ImageObject\",\"inLanguage\":\"it-IT\",\"@id\":\"https:\\\/\\\/lippmoeshof.it\\\/it\\\/#\\\/schema\\\/logo\\\/image\\\/\",\"url\":\"https:\\\/\\\/lippmoeshof.it\\\/wp-content\\\/uploads\\\/2021\\\/09\\\/lippmoeshof-logo-original-1.svg\",\"contentUrl\":\"https:\\\/\\\/lippmoeshof.it\\\/wp-content\\\/uploads\\\/2021\\\/09\\\/lippmoeshof-logo-original-1.svg\",\"width\":283,\"height\":133,\"caption\":\"Lippmoeshof\"},\"image\":{\"@id\":\"https:\\\/\\\/lippmoeshof.it\\\/it\\\/#\\\/schema\\\/logo\\\/image\\\/\"}}]}<\/script>\n<!-- \/ Yoast SEO plugin. -->","yoast_head_json":{"title":"In bici | Lippm\u00f6shof Apartments S\u00fcdtirol | Funes","description":"\u27a4 Vacanza in bici nelle Dolomiti! Vivi un panorama spettacolare e una natura unica sulla tua bicicletta. Vacanze nelle Dolomiti!","robots":{"index":"index","follow":"follow","max-snippet":"max-snippet:-1","max-image-preview":"max-image-preview:large","max-video-preview":"max-video-preview:-1"},"canonical":"https:\/\/lippmoeshof.it\/it\/in-bici-nelle-dolomiti\/","og_locale":"it_IT","og_type":"article","og_title":"In bici | Lippm\u00f6shof Apartments S\u00fcdtirol | Funes","og_description":"\u27a4 Vacanza in bici nelle Dolomiti! Vivi un panorama spettacolare e una natura unica sulla tua bicicletta. Vacanze nelle Dolomiti!","og_url":"https:\/\/lippmoeshof.it\/it\/in-bici-nelle-dolomiti\/","og_site_name":"Lippm\u00f6shof Apartments S\u00fcdtirol","article_modified_time":"2022-01-14T11:09:33+00:00","twitter_card":"summary_large_image","twitter_misc":{"Tempo di lettura stimato":"1 minuto"},"schema":{"@context":"https:\/\/schema.org","@graph":[{"@type":"WebPage","@id":"https:\/\/lippmoeshof.it\/it\/in-bici-nelle-dolomiti\/","url":"https:\/\/lippmoeshof.it\/it\/in-bici-nelle-dolomiti\/","name":"In bici | Lippm\u00f6shof Apartments S\u00fcdtirol | Funes","isPartOf":{"@id":"https:\/\/lippmoeshof.it\/it\/#website"},"datePublished":"2022-01-11T13:31:58+00:00","dateModified":"2022-01-14T11:09:33+00:00","description":"\u27a4 Vacanza in bici nelle Dolomiti! Vivi un panorama spettacolare e una natura unica sulla tua bicicletta. Vacanze nelle Dolomiti!","breadcrumb":{"@id":"https:\/\/lippmoeshof.it\/it\/in-bici-nelle-dolomiti\/#breadcrumb"},"inLanguage":"it-IT","potentialAction":[{"@type":"ReadAction","target":["https:\/\/lippmoeshof.it\/it\/in-bici-nelle-dolomiti\/"]}]},{"@type":"BreadcrumbList","@id":"https:\/\/lippmoeshof.it\/it\/in-bici-nelle-dolomiti\/#breadcrumb","itemListElement":[{"@type":"ListItem","position":1,"name":"Startseite","item":"https:\/\/lippmoeshof.it\/it\/"},{"@type":"ListItem","position":2,"name":"In bici"}]},{"@type":"WebSite","@id":"https:\/\/lippmoeshof.it\/it\/#website","url":"https:\/\/lippmoeshof.it\/it\/","name":"Lippm\u00f6shof Apartments S\u00fcdtirol","description":"Apartments in Villn\u00f6ss Dolomiten","publisher":{"@id":"https:\/\/lippmoeshof.it\/it\/#organization"},"potentialAction":[{"@type":"SearchAction","target":{"@type":"EntryPoint","urlTemplate":"https:\/\/lippmoeshof.it\/it\/?s={search_term_string}"},"query-input":{"@type":"PropertyValueSpecification","valueRequired":true,"valueName":"search_term_string"}}],"inLanguage":"it-IT"},{"@type":"Organization","@id":"https:\/\/lippmoeshof.it\/it\/#organization","name":"Lippmoeshof","url":"https:\/\/lippmoeshof.it\/it\/","logo":{"@type":"ImageObject","inLanguage":"it-IT","@id":"https:\/\/lippmoeshof.it\/it\/#\/schema\/logo\/image\/","url":"https:\/\/lippmoeshof.it\/wp-content\/uploads\/2021\/09\/lippmoeshof-logo-original-1.svg","contentUrl":"https:\/\/lippmoeshof.it\/wp-content\/uploads\/2021\/09\/lippmoeshof-logo-original-1.svg","width":283,"height":133,"caption":"Lippmoeshof"},"image":{"@id":"https:\/\/lippmoeshof.it\/it\/#\/schema\/logo\/image\/"}}]}},"_links":{"self":[{"href":"https:\/\/lippmoeshof.it\/it\/wp-json\/wp\/v2\/pages\/5090","targetHints":{"allow":["GET"]}}],"collection":[{"href":"https:\/\/lippmoeshof.it\/it\/wp-json\/wp\/v2\/pages"}],"about":[{"href":"https:\/\/lippmoeshof.it\/it\/wp-json\/wp\/v2\/types\/page"}],"author":[{"embeddable":true,"href":"https:\/\/lippmoeshof.it\/it\/wp-json\/wp\/v2\/users\/1"}],"replies":[{"embeddable":true,"href":"https:\/\/lippmoeshof.it\/it\/wp-json\/wp\/v2\/comments?post=5090"}],"version-history":[{"count":0,"href":"https:\/\/lippmoeshof.it\/it\/wp-json\/wp\/v2\/pages\/5090\/revisions"}],"wp:attachment":[{"href":"https:\/\/lippmoeshof.it\/it\/wp-json\/wp\/v2\/media?parent=5090"}],"curies":[{"name":"wp","href":"https:\/\/api.w.org\/{rel}","templated":true}]}}