{"id":5658,"date":"2022-01-14T09:14:40","date_gmt":"2022-01-14T08:14:40","guid":{"rendered":"https:\/\/lippmoeshof.it\/cancellation-policy\/"},"modified":"2024-11-08T09:36:17","modified_gmt":"2024-11-08T08:36:17","slug":"cancellation-policy","status":"publish","type":"page","link":"https:\/\/lippmoeshof.it\/en\/cancellation-policy\/","title":{"rendered":"Cancellation policy"},"content":{"rendered":"\t\t<div data-elementor-type=\"wp-page\" data-elementor-id=\"5658\" class=\"elementor elementor-5658 elementor-4773\" data-elementor-post-type=\"page\">\n\t\t\t\t\t\t<section data-dce-background-image-url=\"https:\/\/lippmoeshof.it\/wp-content\/uploads\/2022\/09\/reception-lippmoes-funes.jpg\" class=\"elementor-section elementor-top-section elementor-element elementor-element-6e591d3f elementor-section-full_width elementor-section-height-min-height elementor-section-height-default elementor-section-items-middle\" data-id=\"6e591d3f\" data-element_type=\"section\" data-e-type=\"section\" data-settings=\"{&quot;background_background&quot;:&quot;classic&quot;,&quot;background_motion_fx_motion_fx_scrolling&quot;:&quot;yes&quot;,&quot;background_motion_fx_translateY_effect&quot;:&quot;yes&quot;,&quot;background_motion_fx_translateY_speed&quot;:{&quot;unit&quot;:&quot;px&quot;,&quot;size&quot;:2.5,&quot;sizes&quot;:[]},&quot;background_motion_fx_translateY_affectedRange&quot;:{&quot;unit&quot;:&quot;%&quot;,&quot;size&quot;:&quot;&quot;,&quot;sizes&quot;:{&quot;start&quot;:5,&quot;end&quot;:95}},&quot;shape_divider_bottom&quot;:&quot;opacity-tilt&quot;,&quot;background_motion_fx_devices&quot;:[&quot;desktop&quot;,&quot;tablet&quot;,&quot;mobile&quot;]}\">\n\t\t\t\t\t<div class=\"elementor-shape elementor-shape-bottom\" aria-hidden=\"true\" data-negative=\"false\">\n\t\t\t<svg xmlns=\"http:\/\/www.w3.org\/2000\/svg\" viewBox=\"0 0 2600 131.1\" preserveAspectRatio=\"none\">\n\t<path class=\"elementor-shape-fill\" d=\"M0 0L2600 0 2600 69.1 0 0z\"\/>\n\t<path class=\"elementor-shape-fill\" style=\"opacity:0.5\" d=\"M0 0L2600 0 2600 69.1 0 69.1z\"\/>\n\t<path class=\"elementor-shape-fill\" style=\"opacity:0.25\" d=\"M2600 0L0 0 0 130.1 2600 69.1z\"\/>\n<\/svg>\t\t<\/div>\n\t\t\t\t\t<div class=\"elementor-container elementor-column-gap-default\">\n\t\t\t\t\t<div class=\"elementor-column elementor-col-100 elementor-top-column elementor-element elementor-element-3f3d7c02\" data-id=\"3f3d7c02\" data-element_type=\"column\" data-e-type=\"column\">\n\t\t\t<div class=\"elementor-widget-wrap\">\n\t\t\t\t\t\t\t<\/div>\n\t\t<\/div>\n\t\t\t\t\t<\/div>\n\t\t<\/section>\n\t\t\t\t<section class=\"elementor-section elementor-top-section elementor-element elementor-element-4fb9ee7f elementor-section-boxed elementor-section-height-default elementor-section-height-default\" data-id=\"4fb9ee7f\" data-element_type=\"section\" data-e-type=\"section\">\n\t\t\t\t\t\t<div class=\"elementor-container elementor-column-gap-default\">\n\t\t\t\t\t<div class=\"elementor-column elementor-col-100 elementor-top-column elementor-element elementor-element-7a3b98be\" data-id=\"7a3b98be\" data-element_type=\"column\" data-e-type=\"column\">\n\t\t\t<div class=\"elementor-widget-wrap elementor-element-populated\">\n\t\t\t\t\t\t<div class=\"elementor-element elementor-element-6d43d563 elementor-widget elementor-widget-heading\" data-id=\"6d43d563\" data-element_type=\"widget\" data-e-type=\"widget\" data-widget_type=\"heading.default\">\n\t\t\t\t<div class=\"elementor-widget-container\">\n\t\t\t\t\t<h2 class=\"elementor-heading-title elementor-size-default\">Cancellation policy<\/h2>\t\t\t\t<\/div>\n\t\t\t\t<\/div>\n\t\t\t\t<div class=\"elementor-element elementor-element-1e4ae2c7 elementor-widget elementor-widget-heading\" data-id=\"1e4ae2c7\" data-element_type=\"widget\" data-e-type=\"widget\" data-widget_type=\"heading.default\">\n\t\t\t\t<div class=\"elementor-widget-container\">\n\t\t\t\t\t<h6 class=\"elementor-heading-title elementor-size-default\">Our cancellation policy for your stay<\/h6>\t\t\t\t<\/div>\n\t\t\t\t<\/div>\n\t\t\t\t\t<\/div>\n\t\t<\/div>\n\t\t\t\t\t<\/div>\n\t\t<\/section>\n\t\t\t\t<section class=\"elementor-section elementor-top-section elementor-element elementor-element-a69a5a0 elementor-section-boxed elementor-section-height-default elementor-section-height-default\" data-id=\"a69a5a0\" data-element_type=\"section\" data-e-type=\"section\">\n\t\t\t\t\t\t<div class=\"elementor-container elementor-column-gap-default\">\n\t\t\t\t\t<div class=\"elementor-column elementor-col-100 elementor-top-column elementor-element elementor-element-e311f0a\" data-id=\"e311f0a\" data-element_type=\"column\" data-e-type=\"column\">\n\t\t\t<div class=\"elementor-widget-wrap elementor-element-populated\">\n\t\t\t\t\t\t<div class=\"elementor-element elementor-element-4d29b61 elementor-widget elementor-widget-text-editor\" data-id=\"4d29b61\" data-element_type=\"widget\" data-e-type=\"widget\" data-widget_type=\"text-editor.default\">\n\t\t\t\t<div class=\"elementor-widget-container\">\n\t\t\t\t\t\t\t\t\t<p style=\"text-align: center;\"><b>Confirmation of the reservation:<br><\/b>Upon receipt of your written reservation and a deposit of 30% your reservation is valid. The deposit can only be paid via bank transfer.&nbsp;We recommend you to take out a travel cancellation insurance.<br><br><\/p>\n<p style=\"text-align: center;\"><b><a href=\"https:\/\/partner.europaeische.at\/roter-hahn-en?AGN2=142339930\" target=\"_blank\" rel=\"noopener\">https:\/\/partner.europaeische.at\/roter-hahn-en?AGN2=142339930<\/a><br><\/b><br><\/p>\n<p style=\"text-align: center;\">There is no right of cancellation in the sense of the consumer protection code &#8211; however we grant you the following cancellation conditions:<\/p>\n<p style=\"text-align: center;\"><br>Cancellation up to 1 month before arrival = free of charge<br>30 days &#8211; 8 days before arrival = we charge 70% of the booked travel price<\/p><p style=\"text-align: center;\">7 days -0 days before arrival = we charge 90% of the travel price<\/p>\n<p style=\"text-align: center;\"><br>No show or early departure, charge of the total booked travel price.<\/p>\n<p style=\"text-align: center;\">The deposit will not be refunded. We will be happy to issue you a voucher for the deposit paid. (validity 2 years)<\/p>\t\t\t\t\t\t\t\t<\/div>\n\t\t\t\t<\/div>\n\t\t\t\t\t<\/div>\n\t\t<\/div>\n\t\t\t\t\t<\/div>\n\t\t<\/section>\n\t\t\t\t<\/div>\n\t\t","protected":false},"excerpt":{"rendered":"<p>Cancellation policy Our cancellation policy for your stay Confirmation of the reservation:Upon receipt of your written reservation and a deposit of 30% your reservation is valid. The deposit can only be paid via bank transfer.&nbsp;We recommend you to take out a travel cancellation insurance. https:\/\/partner.europaeische.at\/roter-hahn-en?AGN2=142339930 There is no right of cancellation in the sense of [&hellip;]<\/p>\n","protected":false},"author":1,"featured_media":0,"parent":0,"menu_order":0,"comment_status":"closed","ping_status":"closed","template":"","meta":{"footnotes":""},"class_list":["post-5658","page","type-page","status-publish","hentry"],"yoast_head":"<!-- This site is optimized with the Yoast SEO plugin v27.3 - https:\/\/yoast.com\/product\/yoast-seo-wordpress\/ -->\n<title>Cancellation policy | Lippm\u00f6shof Apartments S\u00fcdtirol<\/title>\n<meta name=\"description\" content=\"Genie\u00dfen Sie einen traumhaften Urlaub in einer Ferienwohnung in Villn\u00f6ss S\u00fcdtirol. Jetzt informieren und kontaktieren! IT\" \/>\n<meta name=\"robots\" content=\"noindex, nofollow\" \/>\n<meta property=\"og:locale\" content=\"en_US\" \/>\n<meta property=\"og:type\" content=\"article\" \/>\n<meta property=\"og:title\" content=\"Cancellation policy | Lippm\u00f6shof Apartments S\u00fcdtirol\" \/>\n<meta property=\"og:description\" content=\"Genie\u00dfen Sie einen traumhaften Urlaub in einer Ferienwohnung in Villn\u00f6ss S\u00fcdtirol. Jetzt informieren und kontaktieren! IT\" \/>\n<meta property=\"og:url\" content=\"https:\/\/lippmoeshof.it\/en\/cancellation-policy\/\" \/>\n<meta property=\"og:site_name\" content=\"Lippm\u00f6shof Apartments S\u00fcdtirol\" \/>\n<meta property=\"article:modified_time\" content=\"2024-11-08T08:36:17+00:00\" \/>\n<meta name=\"twitter:card\" content=\"summary_large_image\" \/>\n<meta name=\"twitter:label1\" content=\"Est. reading time\" \/>\n\t<meta name=\"twitter:data1\" content=\"1 minute\" \/>\n<script type=\"application\/ld+json\" class=\"yoast-schema-graph\">{\"@context\":\"https:\\\/\\\/schema.org\",\"@graph\":[{\"@type\":\"WebPage\",\"@id\":\"https:\\\/\\\/lippmoeshof.it\\\/en\\\/cancellation-policy\\\/\",\"url\":\"https:\\\/\\\/lippmoeshof.it\\\/en\\\/cancellation-policy\\\/\",\"name\":\"Cancellation policy | Lippm\u00f6shof Apartments S\u00fcdtirol\",\"isPartOf\":{\"@id\":\"https:\\\/\\\/lippmoeshof.it\\\/en\\\/#website\"},\"datePublished\":\"2022-01-14T08:14:40+00:00\",\"dateModified\":\"2024-11-08T08:36:17+00:00\",\"description\":\"Genie\u00dfen Sie einen traumhaften Urlaub in einer Ferienwohnung in Villn\u00f6ss S\u00fcdtirol. Jetzt informieren und kontaktieren! IT\",\"breadcrumb\":{\"@id\":\"https:\\\/\\\/lippmoeshof.it\\\/en\\\/cancellation-policy\\\/#breadcrumb\"},\"inLanguage\":\"en-US\",\"potentialAction\":[{\"@type\":\"ReadAction\",\"target\":[\"https:\\\/\\\/lippmoeshof.it\\\/en\\\/cancellation-policy\\\/\"]}]},{\"@type\":\"BreadcrumbList\",\"@id\":\"https:\\\/\\\/lippmoeshof.it\\\/en\\\/cancellation-policy\\\/#breadcrumb\",\"itemListElement\":[{\"@type\":\"ListItem\",\"position\":1,\"name\":\"Startseite\",\"item\":\"https:\\\/\\\/lippmoeshof.it\\\/en\\\/\"},{\"@type\":\"ListItem\",\"position\":2,\"name\":\"Cancellation policy\"}]},{\"@type\":\"WebSite\",\"@id\":\"https:\\\/\\\/lippmoeshof.it\\\/en\\\/#website\",\"url\":\"https:\\\/\\\/lippmoeshof.it\\\/en\\\/\",\"name\":\"Lippm\u00f6shof Apartments S\u00fcdtirol\",\"description\":\"Apartments in Villn\u00f6ss Dolomiten\",\"publisher\":{\"@id\":\"https:\\\/\\\/lippmoeshof.it\\\/en\\\/#organization\"},\"potentialAction\":[{\"@type\":\"SearchAction\",\"target\":{\"@type\":\"EntryPoint\",\"urlTemplate\":\"https:\\\/\\\/lippmoeshof.it\\\/en\\\/?s={search_term_string}\"},\"query-input\":{\"@type\":\"PropertyValueSpecification\",\"valueRequired\":true,\"valueName\":\"search_term_string\"}}],\"inLanguage\":\"en-US\"},{\"@type\":\"Organization\",\"@id\":\"https:\\\/\\\/lippmoeshof.it\\\/en\\\/#organization\",\"name\":\"Lippmoeshof\",\"url\":\"https:\\\/\\\/lippmoeshof.it\\\/en\\\/\",\"logo\":{\"@type\":\"ImageObject\",\"inLanguage\":\"en-US\",\"@id\":\"https:\\\/\\\/lippmoeshof.it\\\/en\\\/#\\\/schema\\\/logo\\\/image\\\/\",\"url\":\"https:\\\/\\\/lippmoeshof.it\\\/wp-content\\\/uploads\\\/2021\\\/09\\\/lippmoeshof-logo-original-1.svg\",\"contentUrl\":\"https:\\\/\\\/lippmoeshof.it\\\/wp-content\\\/uploads\\\/2021\\\/09\\\/lippmoeshof-logo-original-1.svg\",\"width\":283,\"height\":133,\"caption\":\"Lippmoeshof\"},\"image\":{\"@id\":\"https:\\\/\\\/lippmoeshof.it\\\/en\\\/#\\\/schema\\\/logo\\\/image\\\/\"}}]}<\/script>\n<!-- \/ Yoast SEO plugin. -->","yoast_head_json":{"title":"Cancellation policy | Lippm\u00f6shof Apartments S\u00fcdtirol","description":"Genie\u00dfen Sie einen traumhaften Urlaub in einer Ferienwohnung in Villn\u00f6ss S\u00fcdtirol. Jetzt informieren und kontaktieren! IT","robots":{"index":"noindex","follow":"nofollow"},"og_locale":"en_US","og_type":"article","og_title":"Cancellation policy | Lippm\u00f6shof Apartments S\u00fcdtirol","og_description":"Genie\u00dfen Sie einen traumhaften Urlaub in einer Ferienwohnung in Villn\u00f6ss S\u00fcdtirol. Jetzt informieren und kontaktieren! IT","og_url":"https:\/\/lippmoeshof.it\/en\/cancellation-policy\/","og_site_name":"Lippm\u00f6shof Apartments S\u00fcdtirol","article_modified_time":"2024-11-08T08:36:17+00:00","twitter_card":"summary_large_image","twitter_misc":{"Est. reading time":"1 minute"},"schema":{"@context":"https:\/\/schema.org","@graph":[{"@type":"WebPage","@id":"https:\/\/lippmoeshof.it\/en\/cancellation-policy\/","url":"https:\/\/lippmoeshof.it\/en\/cancellation-policy\/","name":"Cancellation policy | Lippm\u00f6shof Apartments S\u00fcdtirol","isPartOf":{"@id":"https:\/\/lippmoeshof.it\/en\/#website"},"datePublished":"2022-01-14T08:14:40+00:00","dateModified":"2024-11-08T08:36:17+00:00","description":"Genie\u00dfen Sie einen traumhaften Urlaub in einer Ferienwohnung in Villn\u00f6ss S\u00fcdtirol. Jetzt informieren und kontaktieren! IT","breadcrumb":{"@id":"https:\/\/lippmoeshof.it\/en\/cancellation-policy\/#breadcrumb"},"inLanguage":"en-US","potentialAction":[{"@type":"ReadAction","target":["https:\/\/lippmoeshof.it\/en\/cancellation-policy\/"]}]},{"@type":"BreadcrumbList","@id":"https:\/\/lippmoeshof.it\/en\/cancellation-policy\/#breadcrumb","itemListElement":[{"@type":"ListItem","position":1,"name":"Startseite","item":"https:\/\/lippmoeshof.it\/en\/"},{"@type":"ListItem","position":2,"name":"Cancellation policy"}]},{"@type":"WebSite","@id":"https:\/\/lippmoeshof.it\/en\/#website","url":"https:\/\/lippmoeshof.it\/en\/","name":"Lippm\u00f6shof Apartments S\u00fcdtirol","description":"Apartments in Villn\u00f6ss Dolomiten","publisher":{"@id":"https:\/\/lippmoeshof.it\/en\/#organization"},"potentialAction":[{"@type":"SearchAction","target":{"@type":"EntryPoint","urlTemplate":"https:\/\/lippmoeshof.it\/en\/?s={search_term_string}"},"query-input":{"@type":"PropertyValueSpecification","valueRequired":true,"valueName":"search_term_string"}}],"inLanguage":"en-US"},{"@type":"Organization","@id":"https:\/\/lippmoeshof.it\/en\/#organization","name":"Lippmoeshof","url":"https:\/\/lippmoeshof.it\/en\/","logo":{"@type":"ImageObject","inLanguage":"en-US","@id":"https:\/\/lippmoeshof.it\/en\/#\/schema\/logo\/image\/","url":"https:\/\/lippmoeshof.it\/wp-content\/uploads\/2021\/09\/lippmoeshof-logo-original-1.svg","contentUrl":"https:\/\/lippmoeshof.it\/wp-content\/uploads\/2021\/09\/lippmoeshof-logo-original-1.svg","width":283,"height":133,"caption":"Lippmoeshof"},"image":{"@id":"https:\/\/lippmoeshof.it\/en\/#\/schema\/logo\/image\/"}}]}},"_links":{"self":[{"href":"https:\/\/lippmoeshof.it\/en\/wp-json\/wp\/v2\/pages\/5658","targetHints":{"allow":["GET"]}}],"collection":[{"href":"https:\/\/lippmoeshof.it\/en\/wp-json\/wp\/v2\/pages"}],"about":[{"href":"https:\/\/lippmoeshof.it\/en\/wp-json\/wp\/v2\/types\/page"}],"author":[{"embeddable":true,"href":"https:\/\/lippmoeshof.it\/en\/wp-json\/wp\/v2\/users\/1"}],"replies":[{"embeddable":true,"href":"https:\/\/lippmoeshof.it\/en\/wp-json\/wp\/v2\/comments?post=5658"}],"version-history":[{"count":12,"href":"https:\/\/lippmoeshof.it\/en\/wp-json\/wp\/v2\/pages\/5658\/revisions"}],"predecessor-version":[{"id":9046,"href":"https:\/\/lippmoeshof.it\/en\/wp-json\/wp\/v2\/pages\/5658\/revisions\/9046"}],"wp:attachment":[{"href":"https:\/\/lippmoeshof.it\/en\/wp-json\/wp\/v2\/media?parent=5658"}],"curies":[{"name":"wp","href":"https:\/\/api.w.org\/{rel}","templated":true}]}}