{"id":5064,"date":"2022-01-11T11:44:16","date_gmt":"2022-01-11T10:44:16","guid":{"rendered":"https:\/\/lippmoeshof.it\/included-services\/"},"modified":"2025-11-06T17:01:46","modified_gmt":"2025-11-06T16:01:46","slug":"services-included","status":"publish","type":"page","link":"https:\/\/lippmoeshof.it\/en\/services-included\/","title":{"rendered":"Services included"},"content":{"rendered":"\t\t<div data-elementor-type=\"wp-page\" data-elementor-id=\"5064\" class=\"elementor elementor-5064 elementor-250\" data-elementor-post-type=\"page\">\n\t\t\t\t\t\t<section data-dce-background-image-url=\"https:\/\/lippmoeshof.it\/wp-content\/uploads\/2022\/09\/lippmoeshof-inklusive.jpg\" class=\"elementor-section elementor-top-section elementor-element elementor-element-4881f3e9 elementor-section-full_width elementor-section-height-min-height elementor-section-height-default elementor-section-items-middle\" data-id=\"4881f3e9\" data-element_type=\"section\" data-e-type=\"section\" data-settings=\"{&quot;background_background&quot;:&quot;classic&quot;,&quot;background_motion_fx_motion_fx_scrolling&quot;:&quot;yes&quot;,&quot;background_motion_fx_translateY_effect&quot;:&quot;yes&quot;,&quot;background_motion_fx_translateY_speed&quot;:{&quot;unit&quot;:&quot;px&quot;,&quot;size&quot;:2.5,&quot;sizes&quot;:[]},&quot;background_motion_fx_translateY_affectedRange&quot;:{&quot;unit&quot;:&quot;%&quot;,&quot;size&quot;:&quot;&quot;,&quot;sizes&quot;:{&quot;start&quot;:5,&quot;end&quot;:95}},&quot;shape_divider_bottom&quot;:&quot;opacity-tilt&quot;,&quot;background_motion_fx_devices&quot;:[&quot;desktop&quot;,&quot;tablet&quot;,&quot;mobile&quot;]}\">\n\t\t\t\t\t<div class=\"elementor-shape elementor-shape-bottom\" aria-hidden=\"true\" data-negative=\"false\">\n\t\t\t<svg xmlns=\"http:\/\/www.w3.org\/2000\/svg\" viewBox=\"0 0 2600 131.1\" preserveAspectRatio=\"none\">\n\t<path class=\"elementor-shape-fill\" d=\"M0 0L2600 0 2600 69.1 0 0z\"\/>\n\t<path class=\"elementor-shape-fill\" style=\"opacity:0.5\" d=\"M0 0L2600 0 2600 69.1 0 69.1z\"\/>\n\t<path class=\"elementor-shape-fill\" style=\"opacity:0.25\" d=\"M2600 0L0 0 0 130.1 2600 69.1z\"\/>\n<\/svg>\t\t<\/div>\n\t\t\t\t\t<div class=\"elementor-container elementor-column-gap-default\">\n\t\t\t\t\t<div class=\"elementor-column elementor-col-100 elementor-top-column elementor-element elementor-element-5d269886\" data-id=\"5d269886\" data-element_type=\"column\" data-e-type=\"column\">\n\t\t\t<div class=\"elementor-widget-wrap\">\n\t\t\t\t\t\t\t<\/div>\n\t\t<\/div>\n\t\t\t\t\t<\/div>\n\t\t<\/section>\n\t\t\t\t<section class=\"elementor-section elementor-top-section elementor-element elementor-element-189aab2e elementor-section-boxed elementor-section-height-default elementor-section-height-default\" data-id=\"189aab2e\" data-element_type=\"section\" data-e-type=\"section\">\n\t\t\t\t\t\t<div class=\"elementor-container elementor-column-gap-default\">\n\t\t\t\t\t<div class=\"elementor-column elementor-col-100 elementor-top-column elementor-element elementor-element-660ade40\" data-id=\"660ade40\" data-element_type=\"column\" data-e-type=\"column\">\n\t\t\t<div class=\"elementor-widget-wrap elementor-element-populated\">\n\t\t\t\t\t\t<div class=\"elementor-element elementor-element-7311a2cb elementor-widget elementor-widget-heading\" data-id=\"7311a2cb\" data-element_type=\"widget\" data-e-type=\"widget\" data-widget_type=\"heading.default\">\n\t\t\t\t<div class=\"elementor-widget-container\">\n\t\t\t\t\t<h2 class=\"elementor-heading-title elementor-size-default\">All inclusive services at a glance<\/h2>\t\t\t\t<\/div>\n\t\t\t\t<\/div>\n\t\t\t\t<div class=\"elementor-element elementor-element-6f0b5cb0 elementor-widget elementor-widget-heading\" data-id=\"6f0b5cb0\" data-element_type=\"widget\" data-e-type=\"widget\" data-widget_type=\"heading.default\">\n\t\t\t\t<div class=\"elementor-widget-container\">\n\t\t\t\t\t<h6 class=\"elementor-heading-title elementor-size-default\">Spend an unforgettable vacation in new and comfortably furnished apartments<br>in Villn\u00f6ss, South Tyrol and enjoy a range of inclusive services.\u00a0<\/h6>\t\t\t\t<\/div>\n\t\t\t\t<\/div>\n\t\t\t\t\t<\/div>\n\t\t<\/div>\n\t\t\t\t\t<\/div>\n\t\t<\/section>\n\t\t\t\t<section class=\"elementor-section elementor-top-section elementor-element elementor-element-447bb0d8 elementor-section-full_width elementor-reverse-mobile animated-slow elementor-section-height-default elementor-section-height-default elementor-invisible\" data-id=\"447bb0d8\" data-element_type=\"section\" data-e-type=\"section\" data-settings=\"{&quot;animation&quot;:&quot;fadeIn&quot;,&quot;animation_delay&quot;:100}\">\n\t\t\t\t\t\t<div class=\"elementor-container elementor-column-gap-default\">\n\t\t\t\t\t<div class=\"elementor-column elementor-col-50 elementor-top-column elementor-element elementor-element-620fe6cf\" data-id=\"620fe6cf\" data-element_type=\"column\" data-e-type=\"column\">\n\t\t\t<div class=\"elementor-widget-wrap elementor-element-populated\">\n\t\t\t\t\t\t<div class=\"elementor-element elementor-element-19171132 elementor-widget elementor-widget-heading\" data-id=\"19171132\" data-element_type=\"widget\" data-e-type=\"widget\" data-widget_type=\"heading.default\">\n\t\t\t\t<div class=\"elementor-widget-container\">\n\t\t\t\t\t<h6 class=\"elementor-heading-title elementor-size-default\">FASCINATING MOUNTAIN WORLD<\/h6>\t\t\t\t<\/div>\n\t\t\t\t<\/div>\n\t\t\t\t<div class=\"elementor-element elementor-element-67ce1365 elementor-widget elementor-widget-heading\" data-id=\"67ce1365\" data-element_type=\"widget\" data-e-type=\"widget\" data-widget_type=\"heading.default\">\n\t\t\t\t<div class=\"elementor-widget-container\">\n\t\t\t\t\t<h3 class=\"elementor-heading-title elementor-size-default\">Guided hike<\/h3>\t\t\t\t<\/div>\n\t\t\t\t<\/div>\n\t\t\t\t<div class=\"elementor-element elementor-element-2feeb423 elementor-widget elementor-widget-text-editor\" data-id=\"2feeb423\" data-element_type=\"widget\" data-e-type=\"widget\" data-widget_type=\"text-editor.default\">\n\t\t\t\t<div class=\"elementor-widget-container\">\n\t\t\t\t\t\t\t\t\t<p>We love our mountains, we know every stone and every trail, making us true insiders with many an insider tip. With every booking at the Lippm\u00f6shof we offer our guests a weekly guided hike, valid from the beginning of June to the end of September.<\/p>\t\t\t\t\t\t\t\t<\/div>\n\t\t\t\t<\/div>\n\t\t\t\t\t<\/div>\n\t\t<\/div>\n\t\t\t\t<div data-dce-background-image-url=\"https:\/\/lippmoeshof.it\/wp-content\/uploads\/2023\/11\/gefuehrte-wanderungen-villnoess.jpg\" class=\"elementor-column elementor-col-50 elementor-top-column elementor-element elementor-element-7f0c4aed\" data-id=\"7f0c4aed\" data-element_type=\"column\" data-e-type=\"column\" data-settings=\"{&quot;background_background&quot;:&quot;classic&quot;}\">\n\t\t\t<div class=\"elementor-widget-wrap elementor-element-populated\">\n\t\t\t\t\t\t<div class=\"elementor-element elementor-element-63d2e849 elementor-widget elementor-widget-spacer\" data-id=\"63d2e849\" data-element_type=\"widget\" data-e-type=\"widget\" data-widget_type=\"spacer.default\">\n\t\t\t\t<div class=\"elementor-widget-container\">\n\t\t\t\t\t\t\t<div class=\"elementor-spacer\">\n\t\t\t<div class=\"elementor-spacer-inner\"><\/div>\n\t\t<\/div>\n\t\t\t\t\t\t<\/div>\n\t\t\t\t<\/div>\n\t\t\t\t\t<\/div>\n\t\t<\/div>\n\t\t\t\t\t<\/div>\n\t\t<\/section>\n\t\t\t\t<section class=\"elementor-section elementor-top-section elementor-element elementor-element-c98f567 elementor-section-full_width animated-slow elementor-section-height-default elementor-section-height-default elementor-invisible\" data-id=\"c98f567\" data-element_type=\"section\" data-e-type=\"section\" data-settings=\"{&quot;animation&quot;:&quot;fadeIn&quot;,&quot;animation_delay&quot;:100}\">\n\t\t\t\t\t\t<div class=\"elementor-container elementor-column-gap-default\">\n\t\t\t\t\t<div data-dce-background-image-url=\"https:\/\/lippmoeshof.it\/wp-content\/uploads\/2021\/09\/fruehstueckskorb-lippmoeshof-villnoess.jpg\" class=\"elementor-column elementor-col-50 elementor-top-column elementor-element elementor-element-a84ca57\" data-id=\"a84ca57\" data-element_type=\"column\" data-e-type=\"column\" data-settings=\"{&quot;background_background&quot;:&quot;classic&quot;}\">\n\t\t\t<div class=\"elementor-widget-wrap elementor-element-populated\">\n\t\t\t\t\t\t<div class=\"elementor-element elementor-element-72a6c82 elementor-widget elementor-widget-spacer\" data-id=\"72a6c82\" data-element_type=\"widget\" data-e-type=\"widget\" data-widget_type=\"spacer.default\">\n\t\t\t\t<div class=\"elementor-widget-container\">\n\t\t\t\t\t\t\t<div class=\"elementor-spacer\">\n\t\t\t<div class=\"elementor-spacer-inner\"><\/div>\n\t\t<\/div>\n\t\t\t\t\t\t<\/div>\n\t\t\t\t<\/div>\n\t\t\t\t\t<\/div>\n\t\t<\/div>\n\t\t\t\t<div class=\"elementor-column elementor-col-50 elementor-top-column elementor-element elementor-element-c6c0263\" data-id=\"c6c0263\" data-element_type=\"column\" data-e-type=\"column\">\n\t\t\t<div class=\"elementor-widget-wrap elementor-element-populated\">\n\t\t\t\t\t\t<div class=\"elementor-element elementor-element-a318da2 elementor-widget elementor-widget-heading\" data-id=\"a318da2\" data-element_type=\"widget\" data-e-type=\"widget\" data-widget_type=\"heading.default\">\n\t\t\t\t<div class=\"elementor-widget-container\">\n\t\t\t\t\t<h6 class=\"elementor-heading-title elementor-size-default\">perfect start into the day<\/h6>\t\t\t\t<\/div>\n\t\t\t\t<\/div>\n\t\t\t\t<div class=\"elementor-element elementor-element-f2f3a92 elementor-widget elementor-widget-heading\" data-id=\"f2f3a92\" data-element_type=\"widget\" data-e-type=\"widget\" data-widget_type=\"heading.default\">\n\t\t\t\t<div class=\"elementor-widget-container\">\n\t\t\t\t\t<h3 class=\"elementor-heading-title elementor-size-default\">Breakfast box (on request)<\/h3>\t\t\t\t<\/div>\n\t\t\t\t<\/div>\n\t\t\t\t<div class=\"elementor-element elementor-element-f7dbd54 elementor-widget elementor-widget-text-editor\" data-id=\"f7dbd54\" data-element_type=\"widget\" data-e-type=\"widget\" data-widget_type=\"text-editor.default\">\n\t\t\t\t<div class=\"elementor-widget-container\">\n\t\t\t\t\t\t\t\t\t<div data-id=\"4a46621\" data-element_type=\"widget\" data-widget_type=\"icon-list.default\">\n<div>\n<p style=\"text-align: left;\">A lovingly created breakfast basket with fresh products can be booked for 21\u20ac per person.<br><br>Our breakfast basket includes:<\/p>\n<p style=\"text-align: left;\">\u2022 Fresh hay milk<\/p>\n<p style=\"text-align: left;\">\u2022 Fresh egg from our hens<\/p>\n<p style=\"text-align: left;\">\u2022 Coffee<\/p>\n<p style=\"text-align: left;\">\u2022 Bio herbal tea with herbs from our garden<\/p>\n<p style=\"text-align: left;\">\u2022 South Tyrolean natural yoghurt<\/p>\n<p style=\"text-align: left;\">\u2022 M\u00fcsli from Val Venosta<\/p>\n<p style=\"text-align: left;\">\u2022 Homemade treat<\/p>\n<p style=\"text-align: left;\">\u2022 Homemade apricot\/strawberry fruit cream<\/p>\n<p style=\"text-align: left;\">\u2022 Homemade spreadable dandelion<\/p>\n<p style=\"text-align: left;\">\u2022 Farmer\u00b4s bread<\/p>\n<p style=\"text-align: left;\">\u2022 Mixed cold cuts<\/p>\n<p style=\"text-align: left;\">\u2022 South tyrolean butter<\/p>\n<p style=\"text-align: left;\">\u2022 Smoothy<br><br>Breakfast service: Monday to Saturday (except public holidays) bookable until 15:00 the day before.<br><\/p>\n<\/div>\n<\/div>\t\t\t\t\t\t\t\t<\/div>\n\t\t\t\t<\/div>\n\t\t\t\t\t<\/div>\n\t\t<\/div>\n\t\t\t\t\t<\/div>\n\t\t<\/section>\n\t\t\t\t<section class=\"elementor-section elementor-top-section elementor-element elementor-element-f2eb3fe elementor-section-full_width elementor-reverse-mobile animated-slow elementor-section-height-default elementor-section-height-default elementor-invisible\" data-id=\"f2eb3fe\" data-element_type=\"section\" data-e-type=\"section\" data-settings=\"{&quot;animation&quot;:&quot;fadeIn&quot;,&quot;animation_delay&quot;:100}\">\n\t\t\t\t\t\t<div class=\"elementor-container elementor-column-gap-default\">\n\t\t\t\t\t<div class=\"elementor-column elementor-col-50 elementor-top-column elementor-element elementor-element-661dd04\" data-id=\"661dd04\" data-element_type=\"column\" data-e-type=\"column\">\n\t\t\t<div class=\"elementor-widget-wrap elementor-element-populated\">\n\t\t\t\t\t\t<div class=\"elementor-element elementor-element-3d82075 elementor-widget elementor-widget-heading\" data-id=\"3d82075\" data-element_type=\"widget\" data-e-type=\"widget\" data-widget_type=\"heading.default\">\n\t\t\t\t<div class=\"elementor-widget-container\">\n\t\t\t\t\t<h6 class=\"elementor-heading-title elementor-size-default\">your apartments in villn\u00f6ss | south tyrol<\/h6>\t\t\t\t<\/div>\n\t\t\t\t<\/div>\n\t\t\t\t<div class=\"elementor-element elementor-element-cfa3712 elementor-widget elementor-widget-heading\" data-id=\"cfa3712\" data-element_type=\"widget\" data-e-type=\"widget\" data-widget_type=\"heading.default\">\n\t\t\t\t<div class=\"elementor-widget-container\">\n\t\t\t\t\t<h3 class=\"elementor-heading-title elementor-size-default\">Everything and more for your stay<\/h3>\t\t\t\t<\/div>\n\t\t\t\t<\/div>\n\t\t\t\t<div class=\"elementor-element elementor-element-c0995e6 elementor-widget elementor-widget-text-editor\" data-id=\"c0995e6\" data-element_type=\"widget\" data-e-type=\"widget\" data-widget_type=\"text-editor.default\">\n\t\t\t\t<div class=\"elementor-widget-container\">\n\t\t\t\t\t\t\t\t\t<p>\u2022 Free parking<\/p><p>\u2022 Bed sheets and towels<\/p><p>\u2022 Weekly change of linen<\/p><p>\u2022 Final cleaning, electricity, heating<\/p><p>\u2022 Fully equipped kitchens (kettle, dishwasher, mocha)<\/p><p>\u2022 Microwave (on request)<\/p><p>\u2022 Free Wifi and satellite TV<\/p><p>\u2022 Bathroom with bidet, shower and hairdryer<\/p><p>\u2022 Perfect location directly on the ski slope<\/p><p>\u2022 Ideal starting point for hikes in summer and winter<\/p><p>\u2022 Car-free arrival possible (200m from the nearest bus stop)<\/p><p>\u2022 Tips and help with choosing your hikes<\/p><p>\u2022 Direct view of the Geisler from all vacation apartments<\/p><p>\u2022 Sunbathing lawn to relax, with herb garden to help yourself<\/p><p>\u2022 Hiking poles for hire<\/p><p>\u2022 Parking space for bicycles<\/p><p>\u2022 Toddler equipment (crib and high chair)<\/p><p>\u2022 Natural wood furniture, wooden floor and organic plaster for a natural indoor climate<\/p><p>\u2022 Tour of the farm chapel and stable (on request)<br \/>\u2022 E-bike rental on site (for a fee)<br \/>\u2022 E-charging station (for a fee)<br \/>\u2022 <a href=\"https:\/\/lippmoeshof.it\/en\/dolomiti-card-funes-villnoess\/\"><span style=\"text-decoration: underline;\">Dolomiti Mobil Card &gt;<\/span><\/a><\/p>\t\t\t\t\t\t\t\t<\/div>\n\t\t\t\t<\/div>\n\t\t\t\t\t<\/div>\n\t\t<\/div>\n\t\t\t\t<div data-dce-background-image-url=\"https:\/\/lippmoeshof.it\/wp-content\/uploads\/2023\/11\/lippmoeshof-apartment-villnoess.jpg\" class=\"elementor-column elementor-col-50 elementor-top-column elementor-element elementor-element-fa6b21e\" data-id=\"fa6b21e\" data-element_type=\"column\" data-e-type=\"column\" data-settings=\"{&quot;background_background&quot;:&quot;classic&quot;}\">\n\t\t\t<div class=\"elementor-widget-wrap elementor-element-populated\">\n\t\t\t\t\t\t<div class=\"elementor-element elementor-element-544c6cd elementor-widget elementor-widget-spacer\" data-id=\"544c6cd\" data-element_type=\"widget\" data-e-type=\"widget\" data-widget_type=\"spacer.default\">\n\t\t\t\t<div class=\"elementor-widget-container\">\n\t\t\t\t\t\t\t<div class=\"elementor-spacer\">\n\t\t\t<div class=\"elementor-spacer-inner\"><\/div>\n\t\t<\/div>\n\t\t\t\t\t\t<\/div>\n\t\t\t\t<\/div>\n\t\t\t\t\t<\/div>\n\t\t<\/div>\n\t\t\t\t\t<\/div>\n\t\t<\/section>\n\t\t\t\t<section class=\"elementor-section elementor-top-section elementor-element elementor-element-815fee1 elementor-section-boxed elementor-section-height-default elementor-section-height-default\" data-id=\"815fee1\" data-element_type=\"section\" data-e-type=\"section\" data-settings=\"{&quot;background_background&quot;:&quot;classic&quot;}\">\n\t\t\t\t\t\t<div class=\"elementor-container elementor-column-gap-default\">\n\t\t\t\t\t<div class=\"elementor-column elementor-col-50 elementor-top-column elementor-element elementor-element-12eace6\" data-id=\"12eace6\" data-element_type=\"column\" data-e-type=\"column\">\n\t\t\t<div class=\"elementor-widget-wrap elementor-element-populated\">\n\t\t\t\t\t\t<div class=\"elementor-element elementor-element-f783ddc elementor-align-right elementor-mobile-align-center elementor-widget elementor-widget-button\" data-id=\"f783ddc\" data-element_type=\"widget\" data-e-type=\"widget\" data-widget_type=\"button.default\">\n\t\t\t\t<div class=\"elementor-widget-container\">\n\t\t\t\t\t\t\t\t\t<div class=\"elementor-button-wrapper\">\n\t\t\t\t\t<a class=\"elementor-button elementor-button-link elementor-size-sm\" href=\"https:\/\/lippmoeshof.it\/en\/request\/\">\n\t\t\t\t\t\t<span class=\"elementor-button-content-wrapper\">\n\t\t\t\t\t\t\t\t\t<span class=\"elementor-button-text\">to the request<\/span>\n\t\t\t\t\t<\/span>\n\t\t\t\t\t<\/a>\n\t\t\t\t<\/div>\n\t\t\t\t\t\t\t\t<\/div>\n\t\t\t\t<\/div>\n\t\t\t\t\t<\/div>\n\t\t<\/div>\n\t\t\t\t<div class=\"elementor-column elementor-col-50 elementor-top-column elementor-element elementor-element-e03a09b\" data-id=\"e03a09b\" data-element_type=\"column\" data-e-type=\"column\">\n\t\t\t<div class=\"elementor-widget-wrap elementor-element-populated\">\n\t\t\t\t\t\t<div class=\"elementor-element elementor-element-474c82d elementor-widget elementor-widget-text-editor\" data-id=\"474c82d\" data-element_type=\"widget\" data-e-type=\"widget\" data-widget_type=\"text-editor.default\">\n\t\t\t\t<div class=\"elementor-widget-container\">\n\t\t\t\t\t\t\t\t\t<p style=\"text-align: left;\">Simply send us your request via the request form and we will get back to you as soon as possible!<\/p>\n\t\t\t\t\t\t\t\t<\/div>\n\t\t\t\t<\/div>\n\t\t\t\t\t<\/div>\n\t\t<\/div>\n\t\t\t\t\t<\/div>\n\t\t<\/section>\n\t\t\t\t<\/div>\n\t\t","protected":false},"excerpt":{"rendered":"<p>All inclusive services at a glance Spend an unforgettable vacation in new and comfortably furnished apartmentsin Villn\u00f6ss, South Tyrol and enjoy a range of inclusive services.\u00a0 FASCINATING MOUNTAIN WORLD Guided hike We love our mountains, we know every stone and every trail, making us true insiders with many an insider tip. With every booking at [&hellip;]<\/p>\n","protected":false},"author":1,"featured_media":0,"parent":0,"menu_order":0,"comment_status":"closed","ping_status":"closed","template":"","meta":{"footnotes":""},"class_list":["post-5064","page","type-page","status-publish","hentry"],"yoast_head":"<!-- This site is optimized with the Yoast SEO plugin v27.3 - https:\/\/yoast.com\/product\/yoast-seo-wordpress\/ -->\n<title>Services included | Lippm\u00f6shof Apartments S\u00fcdtirol | Dolomites<\/title>\n<meta name=\"description\" content=\"Enjoy a dream vacation in a vacation apartment in Villn\u00f6ss South Tyrol. Inform and contact us now! Included services. Lippm\u00f6shof\" \/>\n<meta name=\"robots\" content=\"index, follow, max-snippet:-1, max-image-preview:large, max-video-preview:-1\" \/>\n<link rel=\"canonical\" href=\"https:\/\/lippmoeshof.it\/en\/services-included\/\" \/>\n<meta property=\"og:locale\" content=\"en_US\" \/>\n<meta property=\"og:type\" content=\"article\" \/>\n<meta property=\"og:title\" content=\"Services included | Lippm\u00f6shof Apartments S\u00fcdtirol | Dolomites\" \/>\n<meta property=\"og:description\" content=\"Enjoy a dream vacation in a vacation apartment in Villn\u00f6ss South Tyrol. Inform and contact us now! Included services. Lippm\u00f6shof\" \/>\n<meta property=\"og:url\" content=\"https:\/\/lippmoeshof.it\/en\/services-included\/\" \/>\n<meta property=\"og:site_name\" content=\"Lippm\u00f6shof Apartments S\u00fcdtirol\" \/>\n<meta property=\"article:modified_time\" content=\"2025-11-06T16:01:46+00:00\" \/>\n<meta name=\"twitter:card\" content=\"summary_large_image\" \/>\n<meta name=\"twitter:label1\" content=\"Est. reading time\" \/>\n\t<meta name=\"twitter:data1\" content=\"2 minutes\" \/>\n<script type=\"application\/ld+json\" class=\"yoast-schema-graph\">{\"@context\":\"https:\\\/\\\/schema.org\",\"@graph\":[{\"@type\":\"WebPage\",\"@id\":\"https:\\\/\\\/lippmoeshof.it\\\/en\\\/services-included\\\/\",\"url\":\"https:\\\/\\\/lippmoeshof.it\\\/en\\\/services-included\\\/\",\"name\":\"Services included | Lippm\u00f6shof Apartments S\u00fcdtirol | Dolomites\",\"isPartOf\":{\"@id\":\"https:\\\/\\\/lippmoeshof.it\\\/en\\\/#website\"},\"datePublished\":\"2022-01-11T10:44:16+00:00\",\"dateModified\":\"2025-11-06T16:01:46+00:00\",\"description\":\"Enjoy a dream vacation in a vacation apartment in Villn\u00f6ss South Tyrol. Inform and contact us now! Included services. Lippm\u00f6shof\",\"breadcrumb\":{\"@id\":\"https:\\\/\\\/lippmoeshof.it\\\/en\\\/services-included\\\/#breadcrumb\"},\"inLanguage\":\"en-US\",\"potentialAction\":[{\"@type\":\"ReadAction\",\"target\":[\"https:\\\/\\\/lippmoeshof.it\\\/en\\\/services-included\\\/\"]}]},{\"@type\":\"BreadcrumbList\",\"@id\":\"https:\\\/\\\/lippmoeshof.it\\\/en\\\/services-included\\\/#breadcrumb\",\"itemListElement\":[{\"@type\":\"ListItem\",\"position\":1,\"name\":\"Startseite\",\"item\":\"https:\\\/\\\/lippmoeshof.it\\\/en\\\/\"},{\"@type\":\"ListItem\",\"position\":2,\"name\":\"Services included\"}]},{\"@type\":\"WebSite\",\"@id\":\"https:\\\/\\\/lippmoeshof.it\\\/en\\\/#website\",\"url\":\"https:\\\/\\\/lippmoeshof.it\\\/en\\\/\",\"name\":\"Lippm\u00f6shof Apartments S\u00fcdtirol\",\"description\":\"Apartments in Villn\u00f6ss Dolomiten\",\"publisher\":{\"@id\":\"https:\\\/\\\/lippmoeshof.it\\\/en\\\/#organization\"},\"potentialAction\":[{\"@type\":\"SearchAction\",\"target\":{\"@type\":\"EntryPoint\",\"urlTemplate\":\"https:\\\/\\\/lippmoeshof.it\\\/en\\\/?s={search_term_string}\"},\"query-input\":{\"@type\":\"PropertyValueSpecification\",\"valueRequired\":true,\"valueName\":\"search_term_string\"}}],\"inLanguage\":\"en-US\"},{\"@type\":\"Organization\",\"@id\":\"https:\\\/\\\/lippmoeshof.it\\\/en\\\/#organization\",\"name\":\"Lippmoeshof\",\"url\":\"https:\\\/\\\/lippmoeshof.it\\\/en\\\/\",\"logo\":{\"@type\":\"ImageObject\",\"inLanguage\":\"en-US\",\"@id\":\"https:\\\/\\\/lippmoeshof.it\\\/en\\\/#\\\/schema\\\/logo\\\/image\\\/\",\"url\":\"https:\\\/\\\/lippmoeshof.it\\\/wp-content\\\/uploads\\\/2021\\\/09\\\/lippmoeshof-logo-original-1.svg\",\"contentUrl\":\"https:\\\/\\\/lippmoeshof.it\\\/wp-content\\\/uploads\\\/2021\\\/09\\\/lippmoeshof-logo-original-1.svg\",\"width\":283,\"height\":133,\"caption\":\"Lippmoeshof\"},\"image\":{\"@id\":\"https:\\\/\\\/lippmoeshof.it\\\/en\\\/#\\\/schema\\\/logo\\\/image\\\/\"}}]}<\/script>\n<!-- \/ Yoast SEO plugin. -->","yoast_head_json":{"title":"Services included | Lippm\u00f6shof Apartments S\u00fcdtirol | Dolomites","description":"Enjoy a dream vacation in a vacation apartment in Villn\u00f6ss South Tyrol. Inform and contact us now! Included services. Lippm\u00f6shof","robots":{"index":"index","follow":"follow","max-snippet":"max-snippet:-1","max-image-preview":"max-image-preview:large","max-video-preview":"max-video-preview:-1"},"canonical":"https:\/\/lippmoeshof.it\/en\/services-included\/","og_locale":"en_US","og_type":"article","og_title":"Services included | Lippm\u00f6shof Apartments S\u00fcdtirol | Dolomites","og_description":"Enjoy a dream vacation in a vacation apartment in Villn\u00f6ss South Tyrol. Inform and contact us now! Included services. Lippm\u00f6shof","og_url":"https:\/\/lippmoeshof.it\/en\/services-included\/","og_site_name":"Lippm\u00f6shof Apartments S\u00fcdtirol","article_modified_time":"2025-11-06T16:01:46+00:00","twitter_card":"summary_large_image","twitter_misc":{"Est. reading time":"2 minutes"},"schema":{"@context":"https:\/\/schema.org","@graph":[{"@type":"WebPage","@id":"https:\/\/lippmoeshof.it\/en\/services-included\/","url":"https:\/\/lippmoeshof.it\/en\/services-included\/","name":"Services included | Lippm\u00f6shof Apartments S\u00fcdtirol | Dolomites","isPartOf":{"@id":"https:\/\/lippmoeshof.it\/en\/#website"},"datePublished":"2022-01-11T10:44:16+00:00","dateModified":"2025-11-06T16:01:46+00:00","description":"Enjoy a dream vacation in a vacation apartment in Villn\u00f6ss South Tyrol. Inform and contact us now! Included services. Lippm\u00f6shof","breadcrumb":{"@id":"https:\/\/lippmoeshof.it\/en\/services-included\/#breadcrumb"},"inLanguage":"en-US","potentialAction":[{"@type":"ReadAction","target":["https:\/\/lippmoeshof.it\/en\/services-included\/"]}]},{"@type":"BreadcrumbList","@id":"https:\/\/lippmoeshof.it\/en\/services-included\/#breadcrumb","itemListElement":[{"@type":"ListItem","position":1,"name":"Startseite","item":"https:\/\/lippmoeshof.it\/en\/"},{"@type":"ListItem","position":2,"name":"Services included"}]},{"@type":"WebSite","@id":"https:\/\/lippmoeshof.it\/en\/#website","url":"https:\/\/lippmoeshof.it\/en\/","name":"Lippm\u00f6shof Apartments S\u00fcdtirol","description":"Apartments in Villn\u00f6ss Dolomiten","publisher":{"@id":"https:\/\/lippmoeshof.it\/en\/#organization"},"potentialAction":[{"@type":"SearchAction","target":{"@type":"EntryPoint","urlTemplate":"https:\/\/lippmoeshof.it\/en\/?s={search_term_string}"},"query-input":{"@type":"PropertyValueSpecification","valueRequired":true,"valueName":"search_term_string"}}],"inLanguage":"en-US"},{"@type":"Organization","@id":"https:\/\/lippmoeshof.it\/en\/#organization","name":"Lippmoeshof","url":"https:\/\/lippmoeshof.it\/en\/","logo":{"@type":"ImageObject","inLanguage":"en-US","@id":"https:\/\/lippmoeshof.it\/en\/#\/schema\/logo\/image\/","url":"https:\/\/lippmoeshof.it\/wp-content\/uploads\/2021\/09\/lippmoeshof-logo-original-1.svg","contentUrl":"https:\/\/lippmoeshof.it\/wp-content\/uploads\/2021\/09\/lippmoeshof-logo-original-1.svg","width":283,"height":133,"caption":"Lippmoeshof"},"image":{"@id":"https:\/\/lippmoeshof.it\/en\/#\/schema\/logo\/image\/"}}]}},"_links":{"self":[{"href":"https:\/\/lippmoeshof.it\/en\/wp-json\/wp\/v2\/pages\/5064","targetHints":{"allow":["GET"]}}],"collection":[{"href":"https:\/\/lippmoeshof.it\/en\/wp-json\/wp\/v2\/pages"}],"about":[{"href":"https:\/\/lippmoeshof.it\/en\/wp-json\/wp\/v2\/types\/page"}],"author":[{"embeddable":true,"href":"https:\/\/lippmoeshof.it\/en\/wp-json\/wp\/v2\/users\/1"}],"replies":[{"embeddable":true,"href":"https:\/\/lippmoeshof.it\/en\/wp-json\/wp\/v2\/comments?post=5064"}],"version-history":[{"count":51,"href":"https:\/\/lippmoeshof.it\/en\/wp-json\/wp\/v2\/pages\/5064\/revisions"}],"predecessor-version":[{"id":9485,"href":"https:\/\/lippmoeshof.it\/en\/wp-json\/wp\/v2\/pages\/5064\/revisions\/9485"}],"wp:attachment":[{"href":"https:\/\/lippmoeshof.it\/en\/wp-json\/wp\/v2\/media?parent=5064"}],"curies":[{"name":"wp","href":"https:\/\/api.w.org\/{rel}","templated":true}]}}